{"id":239302,"date":"2021-06-08T17:17:07","date_gmt":"2021-06-08T15:17:07","guid":{"rendered":"https:\/\/affilella.es\/?post_type=product&#038;p=239302"},"modified":"2025-07-03T12:59:26","modified_gmt":"2025-07-03T10:59:26","slug":"affilatoio-dry","status":"publish","type":"product","link":"https:\/\/www.affilella.com\/es\/productos\/affilatoio-dry\/","title":{"rendered":"Affilatoio Dry"},"content":{"rendered":"<p>[et_pb_section fb_built=\u00bb1&#8243; custom_padding_last_edited=\u00bbon|desktop\u00bb admin_label=\u00bbHero\u00bb _builder_version=\u00bb4.16&#8243; background_color=\u00bb#2a558c\u00bb background_enable_image=\u00bboff\u00bb background_size=\u00bbinitial\u00bb background_position=\u00bbbottom_right\u00bb width=\u00bb100%\u00bb custom_margin=\u00bb||||false|false\u00bb custom_margin_tablet=\u00bb\u00bb custom_margin_phone=\u00bb-30px||-60px||false|false\u00bb custom_margin_last_edited=\u00bbon|phone\u00bb custom_padding=\u00bb||||false|false\u00bb custom_padding_tablet=\u00bb|10vw||10vw|false|true\u00bb custom_padding_phone=\u00bb\u00bb locked=\u00bboff\u00bb global_colors_info=\u00bb{}\u00bb][et_pb_row _builder_version=\u00bb4.27.4&#8243; width=\u00bb100%\u00bb custom_padding=\u00bb||||false|false\u00bb collapsed=\u00bboff\u00bb global_colors_info=\u00bb{}\u00bb][et_pb_column type=\u00bb4_4&#8243; _builder_version=\u00bb4.16&#8243; global_colors_info=\u00bb{}\u00bb][et_pb_text _builder_version=\u00bb4.27.4&#8243; text_font=\u00bb||||||||\u00bb text_line_height=\u00bb1.8em\u00bb header_font=\u00bb&#8211;et_global_heading_font|700|||||||\u00bb background_layout=\u00bbdark\u00bb width=\u00bb100%\u00bb custom_margin=\u00bb|-40px||||\u00bb hover_enabled=\u00bb0&#8243; text_font_size_tablet=\u00bb15px\u00bb text_font_size_phone=\u00bb14px\u00bb text_font_size_last_edited=\u00bbon|phone\u00bb global_colors_info=\u00bb{}\u00bb sticky_enabled=\u00bb0&#8243; header_font_size_last_edited=\u00bbon|phone\u00bb header_font_size=\u00bb62px\u00bb header_font_size_phone=\u00bb30px\u00bb header_font_size_tablet=\u00bb62px\u00bb]<\/p>\n<h1>Affilatoio Dry | Affiladora en seco<\/h1>\n<p>[\/et_pb_text][et_pb_text _builder_version=\u00bb4.16&#8243; text_font=\u00bb||||||||\u00bb text_line_height=\u00bb1.8em\u00bb background_layout=\u00bbdark\u00bb text_font_size_tablet=\u00bb15px\u00bb text_font_size_phone=\u00bb14px\u00bb text_font_size_last_edited=\u00bbon|phone\u00bb global_colors_info=\u00bb{}\u00bb]<\/p>\n<p><strong>Afiladora profesional para cuchillos de cocina<\/strong><\/p>\n<p>[\/et_pb_text][\/et_pb_column][\/et_pb_row][\/et_pb_section][et_pb_section fb_built=\u00bb1&#8243; specialty=\u00bbon\u00bb _builder_version=\u00bb4.16&#8243; _module_preset=\u00bbdefault\u00bb global_colors_info=\u00bb{}\u00bb][et_pb_column type=\u00bb1_2&#8243; _builder_version=\u00bb4.16&#8243; custom_padding=\u00bb|||\u00bb global_colors_info=\u00bb{}\u00bb custom_padding__hover=\u00bb|||\u00bb][et_pb_wc_images _builder_version=\u00bb4.16&#8243; global_colors_info=\u00bb{}\u00bb][\/et_pb_wc_images][\/et_pb_column][et_pb_column type=\u00bb1_2&#8243; specialty_columns=\u00bb2&#8243; _builder_version=\u00bb4.16&#8243; custom_padding=\u00bb|||\u00bb global_colors_info=\u00bb{}\u00bb custom_padding__hover=\u00bb|||\u00bb][et_pb_row_inner _builder_version=\u00bb4.16&#8243; _module_preset=\u00bbdefault\u00bb custom_padding=\u00bb77px|||||\u00bb global_colors_info=\u00bb{}\u00bb][et_pb_column_inner saved_specialty_column_type=\u00bb1_2&#8243; _builder_version=\u00bb4.16&#8243; _module_preset=\u00bbdefault\u00bb global_colors_info=\u00bb{}\u00bb][et_pb_text _builder_version=\u00bb4.16&#8243; _module_preset=\u00bbdefault\u00bb custom_padding=\u00bb||0px|||\u00bb global_colors_info=\u00bb{}\u00bb]<\/p>\n<p><strong>Affilatoio DRY<\/strong> es una afiladora en seco profesional, puede afilar todo tipo de cuchillos y tijeras y es especialmente adecuado para hojas grandes como hachas, cuchillas, etc.<\/p>\n<p><strong>La muela de fieltro<\/strong> recubierta con pasta abrasiva se puede utilizar para operaciones de desbarbado de precisi\u00f3n; la cinta abrasiva permite el mecanizado del filo y el \u00e1ngulo de descarga de la hoja, gracias a las 2 posiciones de trabajo de la cinta abrasiva: superior flexible e inferior r\u00edgida y apoyada.<\/p>\n<p> <strong>Affilatoio DRY<\/strong> es una afiladora complementaria de las otras m\u00e1quinas de la gama <strong>Affilella<\/strong> y se puede utilizar para todos los trabajos en hojas de filo continuo particularmente gruesas.<br \/> Con la m\u00e1quina se suministra una cinta de repuesto y una barra de pasta abrasiva para ser utilizada en la muela desbarbadora para mayor precisi\u00f3n en el acabado.<\/p>\n<p>[\/et_pb_text][\/et_pb_column_inner][\/et_pb_row_inner][et_pb_row_inner column_structure=\u00bb1_2,1_2&#8243; _builder_version=\u00bb4.16&#8243; _module_preset=\u00bbdefault\u00bb global_colors_info=\u00bb{}\u00bb][et_pb_column_inner type=\u00bb1_2&#8243; saved_specialty_column_type=\u00bb1_2&#8243; _builder_version=\u00bb4.16&#8243; _module_preset=\u00bbdefault\u00bb global_colors_info=\u00bb{}\u00bb][et_pb_button button_url=\u00bbhttp:\/\/affilella.com\/wp-content\/uploads\/2021\/10\/AffilatoioDRY_FR-ES-RU.pdf\u00bb url_new_window=\u00bbon\u00bb button_text=\u00bbFicha Tecnica en PDF\u00bb button_alignment=\u00bbcenter\u00bb _builder_version=\u00bb4.16&#8243; custom_button=\u00bbon\u00bb button_text_size=\u00bb14px\u00bb button_text_color=\u00bb#3056a9&#8243; button_bg_color=\u00bb#ffffff\u00bb button_border_width=\u00bb1px\u00bb button_border_color=\u00bb#3056a9&#8243; button_border_radius=\u00bb0px\u00bb button_letter_spacing=\u00bb0px\u00bb button_font=\u00bb|600||on|||||\u00bb button_use_icon=\u00bboff\u00bb custom_margin=\u00bb||||false|false\u00bb custom_padding=\u00bb10px|30px|10px|30px|true|true\u00bb custom_css_main_element=\u00bbwidth:100%\u00bb box_shadow_style=\u00bbpreset1&#8243; locked=\u00bboff\u00bb global_colors_info=\u00bb{}\u00bb][\/et_pb_button][\/et_pb_column_inner][et_pb_column_inner type=\u00bb1_2&#8243; saved_specialty_column_type=\u00bb1_2&#8243; _builder_version=\u00bb4.16&#8243; _module_preset=\u00bbdefault\u00bb global_colors_info=\u00bb{}\u00bb][et_pb_button button_url=\u00bb#contact\u00bb button_text=\u00bbSolicitar costos\u00bb button_alignment=\u00bbcenter\u00bb _builder_version=\u00bb4.16&#8243; custom_button=\u00bbon\u00bb button_text_size=\u00bb14px\u00bb button_text_color=\u00bb#3056a9&#8243; button_bg_color=\u00bb#ffffff\u00bb button_border_width=\u00bb1px\u00bb button_border_color=\u00bb#3056a9&#8243; button_border_radius=\u00bb0px\u00bb button_letter_spacing=\u00bb0px\u00bb button_font=\u00bb|600||on|||||\u00bb button_use_icon=\u00bboff\u00bb custom_margin=\u00bb||||false|false\u00bb custom_padding=\u00bb10px|30px|10px|30px|true|true\u00bb custom_css_main_element=\u00bbwidth:100%\u00bb box_shadow_style=\u00bbpreset1&#8243; locked=\u00bboff\u00bb global_colors_info=\u00bb{}\u00bb][\/et_pb_button][\/et_pb_column_inner][\/et_pb_row_inner][\/et_pb_column][\/et_pb_section][et_pb_section fb_built=\u00bb1&#8243; admin_label=\u00bbMission\u00bb module_id=\u00bbaffilella\u00bb _builder_version=\u00bb4.16&#8243; top_divider_color=\u00bb#2a558c\u00bb bottom_divider_style=\u00bbslant\u00bb bottom_divider_color=\u00bb#2a558c\u00bb locked=\u00bboff\u00bb global_colors_info=\u00bb{}\u00bb][et_pb_row column_structure=\u00bb1_2,1_2&#8243; make_equal=\u00bbon\u00bb _builder_version=\u00bb4.16&#8243; _module_preset=\u00bbdefault\u00bb custom_padding=\u00bb27px||50px||false|false\u00bb global_colors_info=\u00bb{}\u00bb][et_pb_column type=\u00bb1_2&#8243; _builder_version=\u00bb4.16&#8243; _module_preset=\u00bbdefault\u00bb global_colors_info=\u00bb{}\u00bb][et_pb_tabs active_tab_background_color=\u00bb#2a558c\u00bb active_tab_text_color=\u00bb#ffffff\u00bb _builder_version=\u00bb4.16&#8243; _module_preset=\u00bbdefault\u00bb tab_text_color=\u00bb#2a558c\u00bb body_text_color=\u00bb#0d0d0d\u00bb locked=\u00bboff\u00bb global_colors_info=\u00bb{}\u00bb][et_pb_tab title=\u00bbFicha de datos\u00bb _builder_version=\u00bb4.16&#8243; _module_preset=\u00bbdefault\u00bb global_colors_info=\u00bb{}\u00bb]<\/p>\n<p><b>CARACTER\u00cdSTICAS PRINCIPALES<\/b><\/p>\n<p>Potencia motor: 0.25 kW<br \/>Alimentaci\u00f3n: 230V \/ 50Hz<br \/>Velocidad motor: 2800 rpm<br \/>Di\u00e1metro muela para redondeo: \u00d8 150 mm<br \/>Peso: 10 Kg<br \/>Dimensiones (L x P x A): 380x330x400 mm<\/p>\n<p><b>ES PARA TI, SI<\/b><\/p>\n<p>&#8211; Quieres afilar a mano<br \/>&#8211; Quieres afilar hojas gruesas, tales como hachas y cuchillos de fideos<br \/>&#8211; Quieres afilar en seco y r\u00e1pidamente<br \/>&#8211; Desea completar la gama de sus herramientas de afilado<\/p>\n<p>[\/et_pb_tab][et_pb_tab title=\u00bbVentajas\u00bb _builder_version=\u00bb4.16&#8243; _module_preset=\u00bbdefault\u00bb global_colors_info=\u00bb{}\u00bb]<strong>Fiabilidad Y Venta directa sin distribuidor<\/strong><br \/>\nPara garantizar a nuestros clientes el mejor precio competitivo!<br \/>\nMVM tiene 60 a\u00f1os de experiencia en el sector de las rectificadoras industriales.<\/p>\n<p><span><strong>ENV\u00cdOS A TODO EL MUNDO<\/strong><\/span>[\/et_pb_tab][\/et_pb_tabs][\/et_pb_column][et_pb_column type=\u00bb1_2&#8243; _builder_version=\u00bb4.16&#8243; _module_preset=\u00bbdefault\u00bb global_colors_info=\u00bb{}\u00bb][et_pb_tabs active_tab_background_color=\u00bb#2a558c\u00bb active_tab_text_color=\u00bb#ffffff\u00bb _builder_version=\u00bb4.16&#8243; _module_preset=\u00bbdefault\u00bb tab_text_color=\u00bb#2a558c\u00bb body_text_color=\u00bb#0d0d0d\u00bb global_colors_info=\u00bb{}\u00bb][et_pb_tab title=\u00bbVideo Trailer\u00bb _builder_version=\u00bb4.16&#8243; _module_preset=\u00bbdefault\u00bb global_colors_info=\u00bb{}\u00bb]<\/p>\n<p><iframe loading=\"lazy\" title=\"Affilatoio DRY - Affilatrice professionale\/Professional sharpener for kitchen knives\" width=\"1080\" height=\"608\" src=\"https:\/\/www.youtube.com\/embed\/RmTw3wiPC_E?list=PLNk5hVv64vwXuXZ4aeFiW5_PrzBIqNlpG\"  allow=\"accelerometer; autoplay; clipboard-write; encrypted-media; gyroscope; picture-in-picture; web-share\" referrerpolicy=\"strict-origin-when-cross-origin\" allowfullscreen><\/iframe><\/p>\n<p>[\/et_pb_tab][et_pb_tab title=\u00bbVideo tutorial\u00bb _builder_version=\u00bb4.16&#8243; _module_preset=\u00bbdefault\u00bb global_colors_info=\u00bb{}\u00bb]<\/p>\n<p><iframe loading=\"lazy\" title=\"video-tutorial AFFILATOIO DRY - Afiladora profesional para cuchillos de cocina\" width=\"1080\" height=\"608\" src=\"https:\/\/www.youtube.com\/embed\/Z8b0yLD_q8g?list=PLNk5hVv64vwX2SQcUONFLnW7EdxJnCbBe\"  allow=\"accelerometer; autoplay; clipboard-write; encrypted-media; gyroscope; picture-in-picture; web-share\" referrerpolicy=\"strict-origin-when-cross-origin\" allowfullscreen><\/iframe><\/p>\n<p>[\/et_pb_tab][\/et_pb_tabs][\/et_pb_column][\/et_pb_row][\/et_pb_section][et_pb_section fb_built=\u00bb1&#8243; module_id=\u00bbcontact\u00bb _builder_version=\u00bb4.16&#8243; _module_preset=\u00bbdefault\u00bb custom_padding=\u00bb90px||90px||true|false\u00bb top_divider_style=\u00bbslant\u00bb top_divider_color=\u00bb#2a558c\u00bb bottom_divider_style=\u00bbslant\u00bb bottom_divider_color=\u00bb#2a558c\u00bb locked=\u00bboff\u00bb global_colors_info=\u00bb{}\u00bb][et_pb_row _builder_version=\u00bb4.16&#8243; _module_preset=\u00bbdefault\u00bb global_colors_info=\u00bb{}\u00bb][et_pb_column type=\u00bb4_4&#8243; _builder_version=\u00bb4.16&#8243; _module_preset=\u00bbdefault\u00bb global_colors_info=\u00bb{}\u00bb][et_pb_text _builder_version=\u00bb4.16&#8243; header_2_font=\u00bb|600|||||||\u00bb header_2_text_align=\u00bbcenter\u00bb header_2_text_color=\u00bb#2a558c\u00bb header_2_font_size=\u00bb48px\u00bb header_2_line_height=\u00bb1.3em\u00bb module_alignment=\u00bbcenter\u00bb custom_margin=\u00bb||||false|false\u00bb header_2_text_align_tablet=\u00bb\u00bb header_2_text_align_phone=\u00bb\u00bb header_2_text_align_last_edited=\u00bbon|tablet\u00bb header_2_font_size_tablet=\u00bb32px\u00bb header_2_font_size_phone=\u00bb20px\u00bb header_2_font_size_last_edited=\u00bbon|phone\u00bb locked=\u00bboff\u00bb global_colors_info=\u00bb{}\u00bb header_2_2_font_size_tablet=\u00bb32px\u00bb header_3_2_font_size_tablet=\u00bb32px\u00bb header_4_2_font_size_tablet=\u00bb32px\u00bb header_5_2_font_size_tablet=\u00bb32px\u00bb header_6_2_font_size_tablet=\u00bb32px\u00bb header_2_2_font_size_phone=\u00bb20px\u00bb header_3_2_font_size_phone=\u00bb20px\u00bb header_4_2_font_size_phone=\u00bb20px\u00bb header_5_2_font_size_phone=\u00bb20px\u00bb header_6_2_font_size_phone=\u00bb20px\u00bb header_2_2_font_size_last_edited=\u00bbon|phone\u00bb header_3_2_font_size_last_edited=\u00bbon|phone\u00bb header_4_2_font_size_last_edited=\u00bbon|phone\u00bb header_5_2_font_size_last_edited=\u00bbon|phone\u00bb header_6_2_font_size_last_edited=\u00bbon|phone\u00bb]<\/p>\n<h2>Costo Estimado<\/h2>\n<p>[\/et_pb_text][\/et_pb_column][\/et_pb_row][et_pb_row _builder_version=\u00bb4.16&#8243; _module_preset=\u00bbdefault\u00bb max_width=\u00bb1138px\u00bb global_colors_info=\u00bb{}\u00bb][et_pb_column type=\u00bb4_4&#8243; _builder_version=\u00bb4.16&#8243; _module_preset=\u00bbdefault\u00bb global_colors_info=\u00bb{}\u00bb][dsm_contact_form_7 cf7_library=\u00bb238908&#8243; label_bottom_spacing=\u00bb0px\u00bb _builder_version=\u00bb4.16&#8243; _module_preset=\u00bbdefault\u00bb labels_font=\u00bb|600|||||||\u00bb labels_text_color=\u00bb#2a558c\u00bb input_textarea_select_font=\u00bb|700|||||||\u00bb input_textarea_select_text_color=\u00bb#2a558c\u00bb input_textarea_select_font_size=\u00bb18px\u00bb placeholder_text_color=\u00bb#2a558c\u00bb radio_checkbox_text_color=\u00bb#2a558c\u00bb custom_button_one=\u00bbon\u00bb button_one_text_color=\u00bb#2a558c\u00bb button_one_border_radius=\u00bb0px\u00bb button_one_use_icon=\u00bboff\u00bb border_color_all_image=\u00bb#2a558c\u00bb global_colors_info=\u00bb{}\u00bb button_one_bg_color__hover_enabled=\u00bbon|hover\u00bb button_one_bg_color__hover=\u00bb#ffffff\u00bb button_one_bg_enable_color__hover=\u00bbon\u00bb button_one_border_color__hover_enabled=\u00bbon|hover\u00bb button_one_border_color__hover=\u00bb#2a558c\u00bb][\/dsm_contact_form_7][\/et_pb_column][\/et_pb_row][\/et_pb_section]<\/p>\n","protected":false},"excerpt":{"rendered":"<p>Affilatoio Dry | Affiladora en secoAfiladora profesional para cuchillos de cocinaAffilatoio DRY es una afiladora en seco profesional, puede afilar todo tipo de cuchillos y tijeras y es especialmente adecuado para hojas grandes como hachas, cuchillas, etc. La muela de fieltro recubierta con pasta abrasiva se puede utilizar para operaciones de desbarbado de precisi\u00f3n; la cinta abrasiva permite el mecanizado del filo y el \u00e1ngulo de descarga de la hoja, gracias a las 2 posiciones de trabajo de la cinta abrasiva: superior flexible e inferior r\u00edgida y apoyada. Affilatoio DRY es una afiladora complementaria de las otras m\u00e1quinas de la gama Affilella y se puede utilizar para todos los trabajos en hojas de filo continuo particularmente gruesas. Con la m\u00e1quina se suministra una cinta de repuesto y una barra de pasta abrasiva para ser utilizada en la muela desbarbadora para mayor precisi\u00f3n en el acabado.CARACTER\u00cdSTICAS PRINCIPALES Potencia motor: 0.25 kWAlimentaci\u00f3n: 230V \/ 50HzVelocidad motor: 2800 rpmDi\u00e1metro muela para redondeo: \u00d8 150 mmPeso: 10 KgDimensiones (L x P x A): 380x330x400 mm ES PARA TI, SI &#8211; Quieres afilar a mano- Quieres afilar hojas gruesas, tales como hachas y cuchillos de fideos- Quieres afilar en seco y r\u00e1pidamente- Desea completar la [&hellip;]<\/p>\n","protected":false},"featured_media":239293,"comment_status":"closed","ping_status":"closed","template":"","meta":{"_et_pb_use_builder":"on","_et_pb_old_content":"","_et_gb_content_width":""},"product_brand":[],"product_cat":[17],"product_tag":[],"class_list":{"0":"post-239302","1":"product","2":"type-product","3":"status-publish","4":"has-post-thumbnail","6":"product_cat-senza-categoria","8":"first","9":"instock","10":"shipping-taxable","11":"product-type-simple"},"yoast_head":"<!-- This site is optimized with the Yoast SEO Premium plugin v26.5 (Yoast SEO v27.4) - https:\/\/yoast.com\/product\/yoast-seo-premium-wordpress\/ -->\n<title>Affilatoio Dry - Afiladora en seco profesional<\/title>\n<meta name=\"description\" content=\"Affilatoio DRY es una afiladora en seco profesional, puede afilar todo tipo de cuchillos y tijeras y es especialmente adecuado para hojas grandes como hachas, cuchillas, etc.\" \/>\n<meta name=\"robots\" content=\"index, follow, max-snippet:-1, max-image-preview:large, max-video-preview:-1\" \/>\n<link rel=\"canonical\" href=\"https:\/\/www.affilella.com\/prodotti\/affilatoio-dry\/\" \/>\n<meta property=\"og:locale\" content=\"es_ES\" \/>\n<meta property=\"og:type\" content=\"article\" \/>\n<meta property=\"og:title\" content=\"Affilatoio Dry\" \/>\n<meta property=\"og:description\" content=\"Affilatoio DRY es una afiladora en seco profesional, puede afilar todo tipo de cuchillos y tijeras y es especialmente adecuado para hojas grandes como hachas, cuchillas, etc.\" \/>\n<meta property=\"og:url\" content=\"https:\/\/www.affilella.com\/prodotti\/affilatoio-dry\/\" \/>\n<meta property=\"og:site_name\" content=\"Affilella\" \/>\n<meta property=\"article:publisher\" content=\"https:\/\/www.facebook.com\/affilella\" \/>\n<meta property=\"article:modified_time\" content=\"2025-07-03T10:59:26+00:00\" \/>\n<meta property=\"og:image\" content=\"https:\/\/www.affilella.com\/wp-content\/uploads\/2021\/06\/DRY-1-1.jpg\" \/>\n\t<meta property=\"og:image:width\" content=\"1000\" \/>\n\t<meta property=\"og:image:height\" content=\"1000\" \/>\n\t<meta property=\"og:image:type\" content=\"image\/jpeg\" \/>\n<meta name=\"twitter:card\" content=\"summary_large_image\" \/>\n<meta name=\"twitter:label1\" content=\"Tiempo de lectura\" \/>\n\t<meta name=\"twitter:data1\" content=\"3 minutos\" \/>\n<script type=\"application\/ld+json\" class=\"yoast-schema-graph\">{\"@context\":\"https:\\\/\\\/schema.org\",\"@graph\":[{\"@type\":\"WebPage\",\"@id\":\"https:\\\/\\\/www.affilella.com\\\/prodotti\\\/affilatoio-dry\\\/\",\"url\":\"https:\\\/\\\/www.affilella.com\\\/prodotti\\\/affilatoio-dry\\\/\",\"name\":\"Affilatoio Dry - Afiladora en seco profesional\",\"isPartOf\":{\"@id\":\"https:\\\/\\\/www.affilella.com\\\/#website\"},\"primaryImageOfPage\":{\"@id\":\"https:\\\/\\\/www.affilella.com\\\/prodotti\\\/affilatoio-dry\\\/#primaryimage\"},\"image\":{\"@id\":\"https:\\\/\\\/www.affilella.com\\\/prodotti\\\/affilatoio-dry\\\/#primaryimage\"},\"thumbnailUrl\":\"https:\\\/\\\/www.affilella.com\\\/wp-content\\\/uploads\\\/2021\\\/06\\\/DRY-1-1.jpg\",\"datePublished\":\"2021-06-08T15:17:07+00:00\",\"dateModified\":\"2025-07-03T10:59:26+00:00\",\"description\":\"Affilatoio DRY es una afiladora en seco profesional, puede afilar todo tipo de cuchillos y tijeras y es especialmente adecuado para hojas grandes como hachas, cuchillas, etc.\",\"breadcrumb\":{\"@id\":\"https:\\\/\\\/www.affilella.com\\\/prodotti\\\/affilatoio-dry\\\/#breadcrumb\"},\"inLanguage\":\"es\",\"potentialAction\":[{\"@type\":\"ReadAction\",\"target\":[\"https:\\\/\\\/www.affilella.com\\\/prodotti\\\/affilatoio-dry\\\/\"]}]},{\"@type\":\"ImageObject\",\"inLanguage\":\"es\",\"@id\":\"https:\\\/\\\/www.affilella.com\\\/prodotti\\\/affilatoio-dry\\\/#primaryimage\",\"url\":\"https:\\\/\\\/www.affilella.com\\\/wp-content\\\/uploads\\\/2021\\\/06\\\/DRY-1-1.jpg\",\"contentUrl\":\"https:\\\/\\\/www.affilella.com\\\/wp-content\\\/uploads\\\/2021\\\/06\\\/DRY-1-1.jpg\",\"width\":1000,\"height\":1000},{\"@type\":\"BreadcrumbList\",\"@id\":\"https:\\\/\\\/www.affilella.com\\\/prodotti\\\/affilatoio-dry\\\/#breadcrumb\",\"itemListElement\":[{\"@type\":\"ListItem\",\"position\":1,\"name\":\"Home\",\"item\":\"https:\\\/\\\/www.affilella.com\\\/es\\\/\"},{\"@type\":\"ListItem\",\"position\":2,\"name\":\"Shop\",\"item\":\"https:\\\/\\\/www.affilella.com\\\/negozio\\\/\"},{\"@type\":\"ListItem\",\"position\":3,\"name\":\"Senza categoria\",\"item\":\"https:\\\/\\\/www.affilella.com\\\/es\\\/categoria-prodotto\\\/senza-categoria\\\/\"},{\"@type\":\"ListItem\",\"position\":4,\"name\":\"Affilatoio Dry\"}]},{\"@type\":\"WebSite\",\"@id\":\"https:\\\/\\\/www.affilella.com\\\/#website\",\"url\":\"https:\\\/\\\/www.affilella.com\\\/\",\"name\":\"Affilella\",\"description\":\"Afiladora Professional\",\"potentialAction\":[{\"@type\":\"SearchAction\",\"target\":{\"@type\":\"EntryPoint\",\"urlTemplate\":\"https:\\\/\\\/www.affilella.com\\\/?s={search_term_string}\"},\"query-input\":{\"@type\":\"PropertyValueSpecification\",\"valueRequired\":true,\"valueName\":\"search_term_string\"}}],\"inLanguage\":\"es\"}]}<\/script>\n<!-- \/ Yoast SEO Premium plugin. -->","yoast_head_json":{"title":"Affilatoio Dry - Afiladora en seco profesional","description":"Affilatoio DRY es una afiladora en seco profesional, puede afilar todo tipo de cuchillos y tijeras y es especialmente adecuado para hojas grandes como hachas, cuchillas, etc.","robots":{"index":"index","follow":"follow","max-snippet":"max-snippet:-1","max-image-preview":"max-image-preview:large","max-video-preview":"max-video-preview:-1"},"canonical":"https:\/\/www.affilella.com\/prodotti\/affilatoio-dry\/","og_locale":"es_ES","og_type":"article","og_title":"Affilatoio Dry","og_description":"Affilatoio DRY es una afiladora en seco profesional, puede afilar todo tipo de cuchillos y tijeras y es especialmente adecuado para hojas grandes como hachas, cuchillas, etc.","og_url":"https:\/\/www.affilella.com\/prodotti\/affilatoio-dry\/","og_site_name":"Affilella","article_publisher":"https:\/\/www.facebook.com\/affilella","article_modified_time":"2025-07-03T10:59:26+00:00","og_image":[{"width":1000,"height":1000,"url":"https:\/\/www.affilella.com\/wp-content\/uploads\/2021\/06\/DRY-1-1.jpg","type":"image\/jpeg"}],"twitter_card":"summary_large_image","twitter_misc":{"Tiempo de lectura":"3 minutos"},"schema":{"@context":"https:\/\/schema.org","@graph":[{"@type":"WebPage","@id":"https:\/\/www.affilella.com\/prodotti\/affilatoio-dry\/","url":"https:\/\/www.affilella.com\/prodotti\/affilatoio-dry\/","name":"Affilatoio Dry - Afiladora en seco profesional","isPartOf":{"@id":"https:\/\/www.affilella.com\/#website"},"primaryImageOfPage":{"@id":"https:\/\/www.affilella.com\/prodotti\/affilatoio-dry\/#primaryimage"},"image":{"@id":"https:\/\/www.affilella.com\/prodotti\/affilatoio-dry\/#primaryimage"},"thumbnailUrl":"https:\/\/www.affilella.com\/wp-content\/uploads\/2021\/06\/DRY-1-1.jpg","datePublished":"2021-06-08T15:17:07+00:00","dateModified":"2025-07-03T10:59:26+00:00","description":"Affilatoio DRY es una afiladora en seco profesional, puede afilar todo tipo de cuchillos y tijeras y es especialmente adecuado para hojas grandes como hachas, cuchillas, etc.","breadcrumb":{"@id":"https:\/\/www.affilella.com\/prodotti\/affilatoio-dry\/#breadcrumb"},"inLanguage":"es","potentialAction":[{"@type":"ReadAction","target":["https:\/\/www.affilella.com\/prodotti\/affilatoio-dry\/"]}]},{"@type":"ImageObject","inLanguage":"es","@id":"https:\/\/www.affilella.com\/prodotti\/affilatoio-dry\/#primaryimage","url":"https:\/\/www.affilella.com\/wp-content\/uploads\/2021\/06\/DRY-1-1.jpg","contentUrl":"https:\/\/www.affilella.com\/wp-content\/uploads\/2021\/06\/DRY-1-1.jpg","width":1000,"height":1000},{"@type":"BreadcrumbList","@id":"https:\/\/www.affilella.com\/prodotti\/affilatoio-dry\/#breadcrumb","itemListElement":[{"@type":"ListItem","position":1,"name":"Home","item":"https:\/\/www.affilella.com\/es\/"},{"@type":"ListItem","position":2,"name":"Shop","item":"https:\/\/www.affilella.com\/negozio\/"},{"@type":"ListItem","position":3,"name":"Senza categoria","item":"https:\/\/www.affilella.com\/es\/categoria-prodotto\/senza-categoria\/"},{"@type":"ListItem","position":4,"name":"Affilatoio Dry"}]},{"@type":"WebSite","@id":"https:\/\/www.affilella.com\/#website","url":"https:\/\/www.affilella.com\/","name":"Affilella","description":"Afiladora Professional","potentialAction":[{"@type":"SearchAction","target":{"@type":"EntryPoint","urlTemplate":"https:\/\/www.affilella.com\/?s={search_term_string}"},"query-input":{"@type":"PropertyValueSpecification","valueRequired":true,"valueName":"search_term_string"}}],"inLanguage":"es"}]}},"_links":{"self":[{"href":"https:\/\/www.affilella.com\/es\/wp-json\/wp\/v2\/product\/239302","targetHints":{"allow":["GET"]}}],"collection":[{"href":"https:\/\/www.affilella.com\/es\/wp-json\/wp\/v2\/product"}],"about":[{"href":"https:\/\/www.affilella.com\/es\/wp-json\/wp\/v2\/types\/product"}],"replies":[{"embeddable":true,"href":"https:\/\/www.affilella.com\/es\/wp-json\/wp\/v2\/comments?post=239302"}],"wp:featuredmedia":[{"embeddable":true,"href":"https:\/\/www.affilella.com\/es\/wp-json\/wp\/v2\/media\/239293"}],"wp:attachment":[{"href":"https:\/\/www.affilella.com\/es\/wp-json\/wp\/v2\/media?parent=239302"}],"wp:term":[{"taxonomy":"product_brand","embeddable":true,"href":"https:\/\/www.affilella.com\/es\/wp-json\/wp\/v2\/product_brand?post=239302"},{"taxonomy":"product_cat","embeddable":true,"href":"https:\/\/www.affilella.com\/es\/wp-json\/wp\/v2\/product_cat?post=239302"},{"taxonomy":"product_tag","embeddable":true,"href":"https:\/\/www.affilella.com\/es\/wp-json\/wp\/v2\/product_tag?post=239302"}],"curies":[{"name":"wp","href":"https:\/\/api.w.org\/{rel}","templated":true}]}}