{"id":246030,"date":"2023-03-09T10:09:35","date_gmt":"2023-03-09T09:09:35","guid":{"rendered":"http:\/\/affilella.com\/?page_id=246030"},"modified":"2025-04-16T15:26:35","modified_gmt":"2025-04-16T13:26:35","slug":"live-experience","status":"publish","type":"page","link":"https:\/\/www.affilella.com\/es\/live-experience\/","title":{"rendered":"Live Experience"},"content":{"rendered":"<p>[et_pb_section fb_built=\u00bb1&#8243; admin_label=\u00bbSection\u00bb _builder_version=\u00bb4.19.4&#8243; _module_preset=\u00bbdefault\u00bb background_color=\u00bb#004f71&#8243; background_image=\u00bbhttp:\/\/affilella.com\/wp-content\/uploads\/2023\/02\/EsecuzioneIntagli.png\u00bb background_blend=\u00bbmultiply\u00bb custom_margin=\u00bb0px||0px||true|false\u00bb custom_padding=\u00bb2px||2px||true|false\u00bb global_colors_info=\u00bb{}\u00bb][et_pb_row _builder_version=\u00bb4.19.4&#8243; _module_preset=\u00bbdefault\u00bb global_colors_info=\u00bb{}\u00bb][et_pb_column type=\u00bb4_4&#8243; _builder_version=\u00bb4.19.4&#8243; _module_preset=\u00bbdefault\u00bb global_colors_info=\u00bb{}\u00bb][et_pb_text _builder_version=\u00bb4.27.4&#8243; _module_preset=\u00bbdefault\u00bb text_text_color=\u00bb#FFFFFF\u00bb text_font_size=\u00bb40px\u00bb background_enable_image=\u00bboff\u00bb text_orientation=\u00bbcenter\u00bb hover_enabled=\u00bb0&#8243; global_colors_info=\u00bb{}\u00bb sticky_enabled=\u00bb0&#8243;]<\/p>\n<h1 style=\"color: white; font-size: 40px;\">LIVE EXPERIENCE<\/h1>\n<p>[\/et_pb_text][\/et_pb_column][\/et_pb_row][\/et_pb_section][et_pb_section fb_built=\u00bb1&#8243; specialty=\u00bbon\u00bb admin_label=\u00bbSection\u00bb module_id=\u00bblive-experience\u00bb _builder_version=\u00bb4.19.5&#8243; _module_preset=\u00bbdefault\u00bb global_colors_info=\u00bb{}\u00bb][et_pb_column type=\u00bb1_3&#8243; _builder_version=\u00bb4.16&#8243; custom_padding=\u00bb|||\u00bb global_colors_info=\u00bb{}\u00bb custom_padding__hover=\u00bb|||\u00bb][et_pb_video src=\u00bbhttps:\/\/www.youtube.com\/watch?v=rbz1oSNC1Ik&#038;t=157s\u00bb _builder_version=\u00bb4.19.5&#8243; _module_preset=\u00bbdefault\u00bb global_colors_info=\u00bb{}\u00bb][\/et_pb_video][et_pb_image src=\u00bbhttp:\/\/affilella.com\/wp-content\/uploads\/2023\/02\/live-experience_800x533.jpg\u00bb title_text=\u00bblive-experience_800x533&#8243; disabled_on=\u00bbon|on|off\u00bb _builder_version=\u00bb4.19.5&#8243; _module_preset=\u00bbdefault\u00bb global_colors_info=\u00bb{}\u00bb][\/et_pb_image][\/et_pb_column][et_pb_column type=\u00bb2_3&#8243; specialty_columns=\u00bb2&#8243; _builder_version=\u00bb4.16&#8243; custom_padding=\u00bb|||\u00bb global_colors_info=\u00bb{}\u00bb custom_padding__hover=\u00bb|||\u00bb][et_pb_row_inner _builder_version=\u00bb4.19.4&#8243; _module_preset=\u00bbdefault\u00bb custom_padding=\u00bb||0px|||\u00bb global_colors_info=\u00bb{}\u00bb][et_pb_column_inner saved_specialty_column_type=\u00bb2_3&#8243; _builder_version=\u00bb4.19.4&#8243; _module_preset=\u00bbdefault\u00bb global_colors_info=\u00bb{}\u00bb][et_pb_text _builder_version=\u00bb4.19.5&#8243; _module_preset=\u00bbdefault\u00bb text_font_size=\u00bb26px\u00bb header_4_font_size=\u00bb30px\u00bb custom_margin=\u00bb||7px|||\u00bb global_colors_info=\u00bb{}\u00bb]<\/p>\n<h4><strong>Live Experience es el nuevo proyecto innovador, exclusivo y confidencial de <span style=\"color:#2A558C\">AFFILELLA-MVM<\/span> .<\/strong><\/h4>\n<p>[\/et_pb_text][et_pb_text _builder_version=\u00bb4.19.4&#8243; _module_preset=\u00bbdefault\u00bb global_colors_info=\u00bb{}\u00bb]<\/p>\n<p>Para completar el proyecto de la feria virtual, esta experiencia hecha a medida, \u00fanica en su g\u00e9nero, permitir\u00e1 visitar la sala de exposiciones a cada cliente que lo pida, ver y <strong>\u00abtocar con la mano\u00bb<\/strong> las m\u00e1quinas de <strong>Affilella<\/strong>, exactamente como lo har\u00eda en el curso de una feria tradicional.<\/p>\n<p>[\/et_pb_text][\/et_pb_column_inner][\/et_pb_row_inner][et_pb_row_inner _builder_version=\u00bb4.19.4&#8243; _module_preset=\u00bbdefault\u00bb custom_padding=\u00bb30px||0px||false|false\u00bb global_colors_info=\u00bb{}\u00bb][et_pb_column_inner saved_specialty_column_type=\u00bb2_3&#8243; _builder_version=\u00bb4.19.4&#8243; _module_preset=\u00bbdefault\u00bb global_colors_info=\u00bb{}\u00bb][et_pb_text _builder_version=\u00bb4.19.5&#8243; _module_preset=\u00bbdefault\u00bb header_4_text_color=\u00bb#3056A9&#8243; header_4_font_size=\u00bb25px\u00bb global_colors_info=\u00bb{}\u00bb]<\/p>\n<h4><strong>LOS SERVICIOS<\/strong><\/h4>\n<p>[\/et_pb_text][\/et_pb_column_inner][\/et_pb_row_inner][et_pb_row_inner column_structure=\u00bb1_2,1_2&#8243; make_equal=\u00bbon\u00bb _builder_version=\u00bb4.19.5&#8243; _module_preset=\u00bbdefault\u00bb custom_padding=\u00bb||3px|||\u00bb border_color_top=\u00bb#004f71&#8243; global_colors_info=\u00bb{}\u00bb][et_pb_column_inner type=\u00bb1_2&#8243; saved_specialty_column_type=\u00bb2_3&#8243; module_class=\u00bbd-flex align-items-center\u00bb _builder_version=\u00bb4.19.5&#8243; _module_preset=\u00bbdefault\u00bb custom_padding=\u00bb20px|20px|20px|20px|true|true\u00bb custom_css_main_element=\u00bbdisplay:flex;||align-items:center;\u00bb border_width_top=\u00bb2px\u00bb border_color_top=\u00bb#004f71&#8243; box_shadow_style=\u00bbpreset1&#8243; global_colors_info=\u00bb{}\u00bb][et_pb_icon font_icon=\u00bb&#xf0b1;||fa||900&#8243; icon_color=\u00bb#2a558c\u00bb icon_width=\u00bb50px\u00bb _builder_version=\u00bb4.19.5&#8243; _module_preset=\u00bbdefault\u00bb custom_margin=\u00bb0px||0px||true|false\u00bb custom_padding=\u00bb0px||0px||true|false\u00bb global_colors_info=\u00bb{}\u00bb][\/et_pb_icon][et_pb_text _builder_version=\u00bb4.19.4&#8243; _module_preset=\u00bbdefault\u00bb custom_margin=\u00bb|20px||20px|false|true\u00bb global_colors_info=\u00bb{}\u00bb]<\/p>\n<p><strong>Un experto t\u00e9cnico comercial dedicado<br \/><\/strong> le explicar\u00e1 en los detalles, en directo, las caracter\u00edsticas y las peculiaridades de todas nuestras m\u00e1quinas en exposici\u00f3n en nuestro showroom.<\/p>\n<p>[\/et_pb_text][\/et_pb_column_inner][et_pb_column_inner type=\u00bb1_2&#8243; saved_specialty_column_type=\u00bb2_3&#8243; module_class=\u00bbd-flex align-items-center\u00bb _builder_version=\u00bb4.19.5&#8243; _module_preset=\u00bbdefault\u00bb custom_padding=\u00bb20px|20px|20px|20px|true|true\u00bb custom_css_main_element=\u00bbdisplay:flex;||align-items:center;\u00bb border_width_top=\u00bb2px\u00bb border_color_top=\u00bb#004f71&#8243; box_shadow_style=\u00bbpreset1&#8243; global_colors_info=\u00bb{}\u00bb][et_pb_icon font_icon=\u00bb&#xe035;||divi||400&#8243; icon_color=\u00bb#2a558c\u00bb icon_width=\u00bb50px\u00bb _builder_version=\u00bb4.19.5&#8243; _module_preset=\u00bbdefault\u00bb custom_margin=\u00bb0px||0px||true|false\u00bb custom_padding=\u00bb0px||0px||true|false\u00bb global_colors_info=\u00bb{}\u00bb][\/et_pb_icon][et_pb_text _builder_version=\u00bb4.19.4&#8243; _module_preset=\u00bbdefault\u00bb custom_margin=\u00bb|20px||20px|false|true\u00bb global_colors_info=\u00bb{}\u00bb]<\/p>\n<p><strong>Un t\u00e9cnico especializado<br \/><\/strong> le ayudar\u00e1 en el arranque de las m\u00e1quinas, en su reparaci\u00f3n, mantenimiento y uso.<\/p>\n<p>[\/et_pb_text][\/et_pb_column_inner][\/et_pb_row_inner][et_pb_row_inner column_structure=\u00bb1_2,1_2&#8243; make_equal=\u00bbon\u00bb module_class=\u00bbd-flex align-items-center\u00bb _builder_version=\u00bb4.19.5&#8243; _module_preset=\u00bbdefault\u00bb custom_padding=\u00bb||3px|||\u00bb border_color_top=\u00bb#004f71&#8243; global_colors_info=\u00bb{}\u00bb][et_pb_column_inner type=\u00bb1_2&#8243; saved_specialty_column_type=\u00bb2_3&#8243; module_class=\u00bbd-flex align-items-center\u00bb _builder_version=\u00bb4.19.5&#8243; _module_preset=\u00bbdefault\u00bb custom_padding=\u00bb20px|20px|20px|20px|true|true\u00bb custom_css_main_element=\u00bbdisplay:flex;||align-items:center;\u00bb border_width_top=\u00bb2px\u00bb border_color_top=\u00bb#004f71&#8243; box_shadow_style=\u00bbpreset1&#8243; global_colors_info=\u00bb{}\u00bb][et_pb_icon font_icon=\u00bb&#xf0c0;||fa||900&#8243; icon_color=\u00bb#2a558c\u00bb icon_width=\u00bb50px\u00bb _builder_version=\u00bb4.19.5&#8243; _module_preset=\u00bbdefault\u00bb custom_margin=\u00bb0px||0px||true|false\u00bb custom_padding=\u00bb0px||0px||true|false\u00bb global_colors_info=\u00bb{}\u00bb][\/et_pb_icon][et_pb_text _builder_version=\u00bb4.19.4&#8243; _module_preset=\u00bbdefault\u00bb custom_margin=\u00bb|20px||20px|false|true\u00bb global_colors_info=\u00bb{}\u00bb]<\/p>\n<p><strong>Nuestro personal competente<br \/><\/strong> le mostrar\u00e1 pruebas de afilado en vivo en sus muestras.<\/p>\n<p>[\/et_pb_text][\/et_pb_column_inner][et_pb_column_inner type=\u00bb1_2&#8243; saved_specialty_column_type=\u00bb2_3&#8243; module_class=\u00bbd-flex align-items-center\u00bb _builder_version=\u00bb4.19.4&#8243; _module_preset=\u00bbdefault\u00bb custom_padding=\u00bb20px|20px|20px|20px|true|true\u00bb custom_css_main_element=\u00bbdisplay:flex;||align-items:center;\u00bb border_width_top=\u00bb2px\u00bb border_color_top=\u00bb#004f71&#8243; box_shadow_style=\u00bbpreset1&#8243; global_colors_info=\u00bb{}\u00bb][et_pb_icon font_icon=\u00bb&#xf059;||fa||400&#8243; icon_color=\u00bb#2a558c\u00bb icon_width=\u00bb50px\u00bb _builder_version=\u00bb4.19.5&#8243; _module_preset=\u00bbdefault\u00bb custom_margin=\u00bb0px||0px||true|false\u00bb custom_padding=\u00bb0px||0px||true|false\u00bb global_colors_info=\u00bb{}\u00bb][\/et_pb_icon][et_pb_text _builder_version=\u00bb4.19.5&#8243; _module_preset=\u00bbdefault\u00bb custom_margin=\u00bb|20px||20px|false|true\u00bb global_colors_info=\u00bb{}\u00bb]<\/p>\n<p>Cada una de sus <strong>preguntas<\/strong> tendr\u00e1 <strong>respuesta<\/strong> inmediata.<\/p>\n<p>[\/et_pb_text][\/et_pb_column_inner][\/et_pb_row_inner][\/et_pb_column][\/et_pb_section][et_pb_section fb_built=\u00bb1&#8243; specialty=\u00bbon\u00bb admin_label=\u00bbSection\u00bb module_id=\u00bblive-experience\u00bb _builder_version=\u00bb4.19.5&#8243; _module_preset=\u00bbdefault\u00bb background_color=\u00bb#f2f2f2&#8243; global_colors_info=\u00bb{}\u00bb][et_pb_column type=\u00bb1_3&#8243; _builder_version=\u00bb4.16&#8243; custom_padding=\u00bb|||\u00bb global_colors_info=\u00bb{}\u00bb custom_padding__hover=\u00bb|||\u00bb][et_pb_text _builder_version=\u00bb4.19.5&#8243; _module_preset=\u00bbdefault\u00bb text_text_color=\u00bb#3056A9&#8243; custom_margin=\u00bb||5px|||\u00bb global_colors_info=\u00bb{}\u00bb]<\/p>\n<p style=\"text-align: left;\"><strong>REQUISITOS T\u00c9CNICOS:<\/strong><\/p>\n<p>[\/et_pb_text][et_pb_text _builder_version=\u00bb4.19.5&#8243; _module_preset=\u00bbdefault\u00bb custom_margin=\u00bb||5px|||\u00bb custom_padding=\u00bb||5px|||\u00bb global_colors_info=\u00bb{}\u00bb]<\/p>\n<p>Los clientes que quieren utilizar nuestro servicio deben tener una conexi\u00f3n a Internet y un programa de mensajer\u00eda instant\u00e1nea (<strong>Zoom<\/strong>).<\/p>\n<p>Tambi\u00e9n se pueden evaluar otros programas de mensajer\u00eda instant\u00e1nea como <strong>Whatsapp y Skype<\/strong>.<\/p>\n<p>[\/et_pb_text][et_pb_divider color=\u00bb#474747&#8243; _builder_version=\u00bb4.19.4&#8243; _module_preset=\u00bbdefault\u00bb custom_margin=\u00bb0px||0px||true|false\u00bb custom_padding=\u00bb0px||0px||true|false\u00bb global_colors_info=\u00bb{}\u00bb][\/et_pb_divider][et_pb_text _builder_version=\u00bb4.19.5&#8243; _module_preset=\u00bbdefault\u00bb text_text_color=\u00bb#3056A9&#8243; custom_margin=\u00bb||14px|||\u00bb global_colors_info=\u00bb{}\u00bb]<\/p>\n<p><strong>GU\u00cdA DE INSTALACI\u00d3N:<\/strong><\/p>\n<p>[\/et_pb_text][et_pb_code _builder_version=\u00bb4.21.0&#8243; _module_preset=\u00bbdefault\u00bb global_colors_info=\u00bb{}\u00bb]<\/p>\n<div id=\"skype-specs\"><!-- [et_pb_line_break_holder] -->  <\/p>\n<div id=\"pcs\"><!-- [et_pb_line_break_holder] -->    <pee>Zoom Meetings PC<\/pee><!-- [et_pb_line_break_holder] -->    <\/p>\n<div class=\"download\"><!-- [et_pb_line_break_holder] -->      <\/p>\n<div class=\"video\"><!-- [et_pb_line_break_holder] --><i class=\"fa-solid fa-video\"><\/i>     <!-- [et_pb_line_break_holder] -->      <\/div>\n<p><!-- [et_pb_line_break_holder] -->      <a href=\"https:\/\/zoom.us\/support\/download\" target=\"_blank\" rel=\"noopener\"><\/p>\n<div class=\"pdf\"><!-- [et_pb_line_break_holder] --><i class=\"fa-solid fa-download\"><\/i> <!-- [et_pb_line_break_holder] -->      <\/div>\n<p><\/a><!-- [et_pb_line_break_holder] -->    <\/div>\n<p><!-- [et_pb_line_break_holder] -->  <\/div>\n<p><!-- [et_pb_line_break_holder] --><\/p>\n<div id=\"android\"><!-- [et_pb_line_break_holder] -->    <pee>Zoom Meetings Android<\/pee><!-- [et_pb_line_break_holder] -->    <\/p>\n<div class=\"download\"><!-- [et_pb_line_break_holder] -->      <!-- [et_pb_line_break_holder] -->      <a href=\"https:\/\/play.google.com\/store\/apps\/details?id=us.zoom.videomeetings&#038;hl=it&#038;gl=US\" target=\"_blank\" rel=\"noopener\"><\/p>\n<div class=\"pdf\"><!-- [et_pb_line_break_holder] --><i class=\"fa-solid fa-download\"><\/i> <!-- [et_pb_line_break_holder] -->        <\/div>\n<p><\/a><!-- [et_pb_line_break_holder] -->    <\/div>\n<p><!-- [et_pb_line_break_holder] -->  <\/div>\n<p><!-- [et_pb_line_break_holder] -->    <\/p>\n<div id=\"ios\"><!-- [et_pb_line_break_holder] -->    <pee>Zoom Meetings iOS<\/pee><!-- [et_pb_line_break_holder] -->    <\/p>\n<div class=\"download\"><!-- [et_pb_line_break_holder] -->     <!-- [et_pb_line_break_holder] -->      <a href=\"https:\/\/apps.apple.com\/it\/app\/zoom-one-platform-to-connect\/id546505307\" target=\"_blank\" rel=\"noopener\"><\/p>\n<div class=\"pdf\"><!-- [et_pb_line_break_holder] --><i class=\"fa-solid fa-download\"><\/i> <!-- [et_pb_line_break_holder] -->        <\/div>\n<p><\/a><!-- [et_pb_line_break_holder] -->    <\/div>\n<p><!-- [et_pb_line_break_holder] -->  <\/div>\n<p><!-- [et_pb_line_break_holder] --><\/div>\n<p>[\/et_pb_code][\/et_pb_column][et_pb_column type=\u00bb2_3&#8243; specialty_columns=\u00bb2&#8243; _builder_version=\u00bb4.16&#8243; custom_padding=\u00bb|||\u00bb global_colors_info=\u00bb{}\u00bb custom_padding__hover=\u00bb|||\u00bb][et_pb_row_inner _builder_version=\u00bb4.19.4&#8243; _module_preset=\u00bbdefault\u00bb custom_padding=\u00bb||0px|||\u00bb global_colors_info=\u00bb{}\u00bb][et_pb_column_inner saved_specialty_column_type=\u00bb2_3&#8243; _builder_version=\u00bb4.19.4&#8243; _module_preset=\u00bbdefault\u00bb global_colors_info=\u00bb{}\u00bb][et_pb_text _builder_version=\u00bb4.19.5&#8243; _module_preset=\u00bbdefault\u00bb text_text_color=\u00bb#3056A9&#8243; text_font_size=\u00bb30px\u00bb custom_margin=\u00bb||5px|||\u00bb global_colors_info=\u00bb{}\u00bb]<\/p>\n<p style=\"text-align: left;\"><strong>C\u00d3MO PARTICIPAR:<\/strong><\/p>\n<p>[\/et_pb_text][et_pb_text _builder_version=\u00bb4.19.4&#8243; _module_preset=\u00bbdefault\u00bb text_text_color=\u00bb#212121&#8243; global_colors_info=\u00bb{}\u00bb]<\/p>\n<p><span>Rellene el siguiente formulario, se pondr\u00e1 en contacto con uno de nuestros agentes comerciales que concertar\u00e1 una cita en las siguientes 48 horas, seg\u00fan sus necesidades.<\/span><\/p>\n<p>[\/et_pb_text][\/et_pb_column_inner][\/et_pb_row_inner][et_pb_row_inner _builder_version=\u00bb4.16&#8243; _module_preset=\u00bbdefault\u00bb global_colors_info=\u00bb{}\u00bb][et_pb_column_inner saved_specialty_column_type=\u00bb2_3&#8243; _builder_version=\u00bb4.16&#8243; _module_preset=\u00bbdefault\u00bb global_colors_info=\u00bb{}\u00bb][ba_cf7_styler use_form_button_fullwidth=\u00bbon\u00bb form_id=\u00bb245815&#8243; form_field_height=\u00bb50px\u00bb form_background_color=\u00bb#d3d3d3&#8243; module_id=\u00bb#tozoom\u00bb _builder_version=\u00bb4.19.5&#8243; _module_preset=\u00bbdefault\u00bb placeholder_text_color=\u00bb#212121&#8243; placeholder_font_size=\u00bb20px\u00bb custom_submit_button=\u00bbon\u00bb submit_button_text_size=\u00bb20px\u00bb submit_button_bg_color=\u00bb#004f71&#8243; submit_button_border_width=\u00bb0px\u00bb border_width_all_field=\u00bb0px\u00bb global_colors_info=\u00bb{}\u00bb submit_button_bg_color__hover_enabled=\u00bbon|hover\u00bb submit_button_text_color__hover_enabled=\u00bbon|hover\u00bb submit_button_text_color__hover=\u00bb#FFFFFF\u00bb submit_button_text_size__hover_enabled=\u00bbon|hover\u00bb submit_button_bg_color__hover=\u00bb#004f71&#8243; submit_button_text_size__hover=\u00bb20px\u00bb][\/ba_cf7_styler][\/et_pb_column_inner][\/et_pb_row_inner][\/et_pb_column][\/et_pb_section]<\/p>\n","protected":false},"excerpt":{"rendered":"<p>LIVE EXPERIENCELive Experience es el nuevo proyecto innovador, exclusivo y confidencial de AFFILELLA-MVM .Para completar el proyecto de la feria virtual, esta experiencia hecha a medida, \u00fanica en su g\u00e9nero, permitir\u00e1 visitar la sala de exposiciones a cada cliente que lo pida, ver y \u00abtocar con la mano\u00bb las m\u00e1quinas de Affilella, exactamente como lo har\u00eda en el curso de una feria tradicional.LOS SERVICIOSUn experto t\u00e9cnico comercial dedicado le explicar\u00e1 en los detalles, en directo, las caracter\u00edsticas y las peculiaridades de todas nuestras m\u00e1quinas en exposici\u00f3n en nuestro showroom.Un t\u00e9cnico especializado le ayudar\u00e1 en el arranque de las m\u00e1quinas, en su reparaci\u00f3n, mantenimiento y uso.Nuestro personal competente le mostrar\u00e1 pruebas de afilado en vivo en sus muestras.Cada una de sus preguntas tendr\u00e1 respuesta inmediata.REQUISITOS T\u00c9CNICOS:Los clientes que quieren utilizar nuestro servicio deben tener una conexi\u00f3n a Internet y un programa de mensajer\u00eda instant\u00e1nea (Zoom). Tambi\u00e9n se pueden evaluar otros programas de mensajer\u00eda instant\u00e1nea como Whatsapp y Skype.GU\u00cdA DE INSTALACI\u00d3N:C\u00d3MO PARTICIPAR:Rellene el siguiente formulario, se pondr\u00e1 en contacto con uno de nuestros agentes comerciales que concertar\u00e1 una cita en las siguientes 48 horas, seg\u00fan sus necesidades.<div id=\"\u00bb#tozoom\u00bb\" class=\"et_pb_with_border et_pb_module ba_cf7_styler ba_cf7_styler_0\">\n\t\t\t\t\n\t\t\t\t\n\t\t\t\t\n\t\t\t\t\n\t\t\t\t\n\t\t\t\t\n\t\t\t\t<div class=\"et_pb_module_inner\">\n\t\t\t\t\t\n\t\t\t<div class=\"dtq-module dtq-cf7 dtq-cf7-container dtq-cf7-styler-button-left\">\n\t\t\t\t\n\t\t\t\t<div class=\"dtq-cf7-styler \">\n\t\t\t\t\t<p class=\"wpcf7-contact-form-not-found\"><strong>Error:<\/strong> Formulario de contacto no encontrado.<\/p>\n\t\t\t\t<\/div>\n\t\t\t<\/div>\n\t\t\t\n\t\t\t\t<\/div>\n\t\t\t<\/div><\/p>\n","protected":false},"author":5,"featured_media":0,"parent":0,"menu_order":0,"comment_status":"closed","ping_status":"closed","template":"","meta":{"_et_pb_use_builder":"on","_et_pb_old_content":"","_et_gb_content_width":"","footnotes":""},"class_list":["post-246030","page","type-page","status-publish","hentry"],"yoast_head":"<!-- This site is optimized with the Yoast SEO Premium plugin v26.5 (Yoast SEO v27.6) - https:\/\/yoast.com\/product\/yoast-seo-premium-wordpress\/ -->\n<title>Live Experience - Affilella<\/title>\n<meta name=\"description\" content=\"Affilella ofrece a sus clientes una Live Experience a trav\u00e9s de la aplicaci\u00f3n Zoom Meeting para ver los productos\" \/>\n<meta name=\"robots\" content=\"index, follow, max-snippet:-1, max-image-preview:large, max-video-preview:-1\" \/>\n<link rel=\"canonical\" href=\"https:\/\/www.affilella.com\/live-experience\/\" \/>\n<meta property=\"og:locale\" content=\"es_ES\" \/>\n<meta property=\"og:type\" content=\"article\" \/>\n<meta property=\"og:title\" content=\"Live Experience\" \/>\n<meta property=\"og:description\" content=\"Affilella ofrece a sus clientes una Live Experience a trav\u00e9s de la aplicaci\u00f3n Zoom Meeting para ver los productos\" \/>\n<meta property=\"og:url\" content=\"https:\/\/www.affilella.com\/live-experience\/\" \/>\n<meta property=\"og:site_name\" content=\"Affilella\" \/>\n<meta property=\"article:publisher\" content=\"https:\/\/www.facebook.com\/affilella\" \/>\n<meta property=\"article:modified_time\" content=\"2025-04-16T13:26:35+00:00\" \/>\n<meta property=\"og:image\" content=\"https:\/\/www.affilella.com\/wp-content\/uploads\/2021\/07\/affilella_dettaglio_lama.jpg\" \/>\n\t<meta property=\"og:image:width\" content=\"1280\" \/>\n\t<meta property=\"og:image:height\" content=\"853\" \/>\n\t<meta property=\"og:image:type\" content=\"image\/jpeg\" \/>\n<meta name=\"twitter:card\" content=\"summary_large_image\" \/>\n<meta name=\"twitter:label1\" content=\"Tiempo de lectura\" \/>\n\t<meta name=\"twitter:data1\" content=\"7 minutos\" \/>\n<script type=\"application\/ld+json\" class=\"yoast-schema-graph\">{\"@context\":\"https:\\\/\\\/schema.org\",\"@graph\":[{\"@type\":\"WebPage\",\"@id\":\"https:\\\/\\\/www.affilella.com\\\/live-experience\\\/\",\"url\":\"https:\\\/\\\/www.affilella.com\\\/live-experience\\\/\",\"name\":\"Live Experience - Affilella\",\"isPartOf\":{\"@id\":\"https:\\\/\\\/www.affilella.com\\\/#website\"},\"datePublished\":\"2023-03-09T09:09:35+00:00\",\"dateModified\":\"2025-04-16T13:26:35+00:00\",\"description\":\"Affilella ofrece a sus clientes una Live Experience a trav\u00e9s de la aplicaci\u00f3n Zoom Meeting para ver los productos\",\"breadcrumb\":{\"@id\":\"https:\\\/\\\/www.affilella.com\\\/live-experience\\\/#breadcrumb\"},\"inLanguage\":\"es\",\"potentialAction\":[{\"@type\":\"ReadAction\",\"target\":[\"https:\\\/\\\/www.affilella.com\\\/live-experience\\\/\"]}]},{\"@type\":\"BreadcrumbList\",\"@id\":\"https:\\\/\\\/www.affilella.com\\\/live-experience\\\/#breadcrumb\",\"itemListElement\":[{\"@type\":\"ListItem\",\"position\":1,\"name\":\"Home\",\"item\":\"https:\\\/\\\/www.affilella.com\\\/es\\\/\"},{\"@type\":\"ListItem\",\"position\":2,\"name\":\"Live Experience\"}]},{\"@type\":\"WebSite\",\"@id\":\"https:\\\/\\\/www.affilella.com\\\/#website\",\"url\":\"https:\\\/\\\/www.affilella.com\\\/\",\"name\":\"Affilella\",\"description\":\"Afiladora Professional\",\"potentialAction\":[{\"@type\":\"SearchAction\",\"target\":{\"@type\":\"EntryPoint\",\"urlTemplate\":\"https:\\\/\\\/www.affilella.com\\\/?s={search_term_string}\"},\"query-input\":{\"@type\":\"PropertyValueSpecification\",\"valueRequired\":true,\"valueName\":\"search_term_string\"}}],\"inLanguage\":\"es\"}]}<\/script>\n<!-- \/ Yoast SEO Premium plugin. -->","yoast_head_json":{"title":"Live Experience - Affilella","description":"Affilella ofrece a sus clientes una Live Experience a trav\u00e9s de la aplicaci\u00f3n Zoom Meeting para ver los productos","robots":{"index":"index","follow":"follow","max-snippet":"max-snippet:-1","max-image-preview":"max-image-preview:large","max-video-preview":"max-video-preview:-1"},"canonical":"https:\/\/www.affilella.com\/live-experience\/","og_locale":"es_ES","og_type":"article","og_title":"Live Experience","og_description":"Affilella ofrece a sus clientes una Live Experience a trav\u00e9s de la aplicaci\u00f3n Zoom Meeting para ver los productos","og_url":"https:\/\/www.affilella.com\/live-experience\/","og_site_name":"Affilella","article_publisher":"https:\/\/www.facebook.com\/affilella","article_modified_time":"2025-04-16T13:26:35+00:00","og_image":[{"width":1280,"height":853,"url":"https:\/\/www.affilella.com\/wp-content\/uploads\/2021\/07\/affilella_dettaglio_lama.jpg","type":"image\/jpeg"}],"twitter_card":"summary_large_image","twitter_misc":{"Tiempo de lectura":"7 minutos"},"schema":{"@context":"https:\/\/schema.org","@graph":[{"@type":"WebPage","@id":"https:\/\/www.affilella.com\/live-experience\/","url":"https:\/\/www.affilella.com\/live-experience\/","name":"Live Experience - Affilella","isPartOf":{"@id":"https:\/\/www.affilella.com\/#website"},"datePublished":"2023-03-09T09:09:35+00:00","dateModified":"2025-04-16T13:26:35+00:00","description":"Affilella ofrece a sus clientes una Live Experience a trav\u00e9s de la aplicaci\u00f3n Zoom Meeting para ver los productos","breadcrumb":{"@id":"https:\/\/www.affilella.com\/live-experience\/#breadcrumb"},"inLanguage":"es","potentialAction":[{"@type":"ReadAction","target":["https:\/\/www.affilella.com\/live-experience\/"]}]},{"@type":"BreadcrumbList","@id":"https:\/\/www.affilella.com\/live-experience\/#breadcrumb","itemListElement":[{"@type":"ListItem","position":1,"name":"Home","item":"https:\/\/www.affilella.com\/es\/"},{"@type":"ListItem","position":2,"name":"Live Experience"}]},{"@type":"WebSite","@id":"https:\/\/www.affilella.com\/#website","url":"https:\/\/www.affilella.com\/","name":"Affilella","description":"Afiladora Professional","potentialAction":[{"@type":"SearchAction","target":{"@type":"EntryPoint","urlTemplate":"https:\/\/www.affilella.com\/?s={search_term_string}"},"query-input":{"@type":"PropertyValueSpecification","valueRequired":true,"valueName":"search_term_string"}}],"inLanguage":"es"}]}},"_links":{"self":[{"href":"https:\/\/www.affilella.com\/es\/wp-json\/wp\/v2\/pages\/246030","targetHints":{"allow":["GET"]}}],"collection":[{"href":"https:\/\/www.affilella.com\/es\/wp-json\/wp\/v2\/pages"}],"about":[{"href":"https:\/\/www.affilella.com\/es\/wp-json\/wp\/v2\/types\/page"}],"author":[{"embeddable":true,"href":"https:\/\/www.affilella.com\/es\/wp-json\/wp\/v2\/users\/5"}],"replies":[{"embeddable":true,"href":"https:\/\/www.affilella.com\/es\/wp-json\/wp\/v2\/comments?post=246030"}],"version-history":[{"count":8,"href":"https:\/\/www.affilella.com\/es\/wp-json\/wp\/v2\/pages\/246030\/revisions"}],"predecessor-version":[{"id":248499,"href":"https:\/\/www.affilella.com\/es\/wp-json\/wp\/v2\/pages\/246030\/revisions\/248499"}],"wp:attachment":[{"href":"https:\/\/www.affilella.com\/es\/wp-json\/wp\/v2\/media?parent=246030"}],"curies":[{"name":"wp","href":"https:\/\/api.w.org\/{rel}","templated":true}]}}