{"id":244613,"date":"2022-06-09T12:58:37","date_gmt":"2022-06-09T10:58:37","guid":{"rendered":"https:\/\/affilella.es\/propuesta-brico\/"},"modified":"2025-06-30T16:00:32","modified_gmt":"2025-06-30T14:00:32","slug":"propuesta-brico","status":"publish","type":"page","link":"https:\/\/www.affilella.com\/es\/propuesta-brico\/","title":{"rendered":"Propuesta Brico"},"content":{"rendered":"<p>[et_pb_section fb_built=\u00bb1&#8243; admin_label=\u00bbSection\u00bb _builder_version=\u00bb4.16&#8243; _module_preset=\u00bbdefault\u00bb background_color=\u00bb#18BC9C\u00bb background_color_gradient_direction=\u00bb118deg\u00bb custom_padding=\u00bb32px||0px|||\u00bb global_colors_info=\u00bb{}\u00bb][et_pb_row column_structure=\u00bb1_2,1_2&#8243; _builder_version=\u00bb4.16&#8243; _module_preset=\u00bbdefault\u00bb max_width=\u00bb1182px\u00bb custom_margin=\u00bb21px|auto||auto||\u00bb custom_padding=\u00bb||59px|||\u00bb global_colors_info=\u00bb{}\u00bb][et_pb_column type=\u00bb1_2&#8243; _builder_version=\u00bb4.16&#8243; _module_preset=\u00bbdefault\u00bb global_colors_info=\u00bb{}\u00bb][et_pb_image src=\u00bbhttps:\/\/affilella.es\/wp-content\/uploads\/2021\/11\/brico.jpg\u00bb alt=\u00bboferta_brico_ferreter\u00eda_servicio_afiladura\u00bb title_text=\u00bboferta_brico_ferreter\u00eda_servicio_afiladura\u00bb _builder_version=\u00bb4.16&#8243; _module_preset=\u00bbdefault\u00bb global_colors_info=\u00bb{}\u00bb][\/et_pb_image][\/et_pb_column][et_pb_column type=\u00bb1_2&#8243; _builder_version=\u00bb4.16&#8243; _module_preset=\u00bbdefault\u00bb global_colors_info=\u00bb{}\u00bb][et_pb_text _builder_version=\u00bb4.16&#8243; _module_preset=\u00bbdefault\u00bb header_line_height=\u00bb1.1em\u00bb custom_margin=\u00bb44px|-1px|5px|||\u00bb custom_padding=\u00bb|0px||||\u00bb global_colors_info=\u00bb{}\u00bb]<\/p>\n<h1 style=\"color: white; font-size: 45px;\"><fontsninja-text id=\"fontsninja-text-26\" class=\"fontsninja-family-rule_montserrat_700_normal\">PROPUESTA COMERCIAL DISTRIBUCI\u00d3N A GRAN ESCALA BRICO<\/fontsninja-text><\/h1>\n<p>[\/et_pb_text][et_pb_text _builder_version=\u00bb4.27.4&#8243; _module_preset=\u00bbdefault\u00bb text_font_size=\u00bb16px\u00bb custom_margin=\u00bb42px|-1px|27px|||\u00bb custom_padding=\u00bb|0px||||\u00bb hover_enabled=\u00bb0&#8243; global_colors_info=\u00bb{}\u00bb sticky_enabled=\u00bb0&#8243;]<\/p>\n<h2 style=\"color: white; font-size: 25px; line-height: 38px;\"><fontsninja-text id=\"fontsninja-text-28\" class=\"fontsninja-family-rule_montserrat_400_normal\">Una propuesta comercial <b>\u00fanica e innovadora<\/b>, que permitir\u00e1 a su empresa ser <b>la primera<\/b> en prestar un \u00fatil <b>servicio de reafilado de tijeras y cuchillos por cuenta de terceros<\/b> (que se a\u00f1adir\u00e1, por ejemplo, al servicio de duplicaci\u00f3n de llaves que sin duda ya presta) y que garantizar\u00e1 de inmediato un indudable <b>umento del volumen de negocios.<\/b><br \/>\n<\/fontsninja-text><\/h2>\n<p>[\/et_pb_text][et_pb_button button_url=\u00bb#compila\u00bb url_new_window=\u00bbon\u00bb button_text=\u00bbDescarga el folleto\u00bb button_alignment=\u00bbcenter\u00bb button_alignment_tablet=\u00bb\u00bb button_alignment_phone=\u00bb\u00bb button_alignment_last_edited=\u00bbon|tablet\u00bb _builder_version=\u00bb4.16&#8243; custom_button=\u00bbon\u00bb button_text_size=\u00bb14px\u00bb button_text_color=\u00bb#ffffff\u00bb button_bg_color=\u00bb#115A22&#8243; button_border_width=\u00bb1px\u00bb button_border_color=\u00bb#ffffff\u00bb button_border_radius=\u00bb6px\u00bb button_letter_spacing=\u00bb3px\u00bb button_font=\u00bb|600||on|||||\u00bb button_use_icon=\u00bboff\u00bb custom_margin=\u00bb0px||0px||true|false\u00bb custom_padding=\u00bb16px|30px|16px|30px|true|true\u00bb box_shadow_style=\u00bbpreset1&#8243; saved_tabs=\u00bball\u00bb global_colors_info=\u00bb{}\u00bb][\/et_pb_button][\/et_pb_column][\/et_pb_row][\/et_pb_section][et_pb_section fb_built=\u00bb1&#8243; admin_label=\u00bbSection\u00bb _builder_version=\u00bb4.16&#8243; _module_preset=\u00bbdefault\u00bb custom_padding=\u00bb66px||66px||true|\u00bb box_shadow_style=\u00bbpreset7&#8243; box_shadow_blur=\u00bb12px\u00bb global_colors_info=\u00bb{}\u00bb][et_pb_row _builder_version=\u00bb4.16&#8243; _module_preset=\u00bbdefault\u00bb global_colors_info=\u00bb{}\u00bb][et_pb_column type=\u00bb4_4&#8243; _builder_version=\u00bb4.16&#8243; _module_preset=\u00bbdefault\u00bb global_colors_info=\u00bb{}\u00bb][et_pb_text _builder_version=\u00bb4.16&#8243; _module_preset=\u00bbdefault\u00bb text_font_size=\u00bb22px\u00bb global_colors_info=\u00bb{}\u00bb]<\/p>\n<h2 style=\"text-align: center; font-size: 55px;\">DESCUBRE LA PROPUESTA COMMERCIAL PARA TU ACTIVIDA<span>D<\/span><\/h2>\n<p>[\/et_pb_text][\/et_pb_column][\/et_pb_row][\/et_pb_section][et_pb_section fb_built=\u00bb1&#8243; prev_background_color=\u00bb#ffffff\u00bb admin_label=\u00bbSection\u00bb _builder_version=\u00bb4.16&#8243; _module_preset=\u00bbdefault\u00bb background_color=\u00bb#18BC9C\u00bb top_divider_style=\u00bbarrow3&#8243; top_divider_height=\u00bb27px\u00bb top_divider_repeat=\u00bb0x\u00bb top_divider_flip=\u00bbvertical\u00bb global_colors_info=\u00bb{}\u00bb][et_pb_row _builder_version=\u00bb4.16&#8243; _module_preset=\u00bbdefault\u00bb global_colors_info=\u00bb{}\u00bb][et_pb_column type=\u00bb4_4&#8243; _builder_version=\u00bb4.16&#8243; _module_preset=\u00bbdefault\u00bb global_colors_info=\u00bb{}\u00bb][et_pb_text module_id=\u00bbcompila\u00bb _builder_version=\u00bb4.16&#8243; _module_preset=\u00bbdefault\u00bb text_text_color=\u00bb#0d0d0d\u00bb text_font_size=\u00bb31px\u00bb text_orientation=\u00bbcenter\u00bb custom_margin=\u00bb||7px|||\u00bb custom_padding=\u00bb||1px|||\u00bb global_colors_info=\u00bb{}\u00bb]<\/p>\n<h2 class=\"text-center\" style=\"font-size: 49px;\"><span style=\"color: #ffffff;\">RELLENA Y DESCARGA EL FOLLETO<\/span><\/h2>\n<p>[\/et_pb_text][et_pb_text _builder_version=\u00bb4.16&#8243; _module_preset=\u00bbdefault\u00bb global_colors_info=\u00bb{}\u00bb]<\/p>\n<p style=\"text-align: center;\"><span style=\"color: #ffffff;\">Rellena el formulario en su totalidad para obtener la propuesta adecuada para ti<\/span><\/p>\n<p>[\/et_pb_text][\/et_pb_column][\/et_pb_row][et_pb_row _builder_version=\u00bb4.16&#8243; _module_preset=\u00bbdefault\u00bb global_colors_info=\u00bb{}\u00bb][et_pb_column type=\u00bb4_4&#8243; _builder_version=\u00bb4.16&#8243; _module_preset=\u00bbdefault\u00bb global_colors_info=\u00bb{}\u00bb][dsm_contact_form_7 cf7_library=\u00bb244607&#8243; module_class=\u00bbform_brico\u00bb _builder_version=\u00bb4.16&#8243; _module_preset=\u00bbdefault\u00bb labels_text_color=\u00bb#ffffff\u00bb input_textarea_select_font=\u00bb|600|||||||\u00bb input_textarea_select_text_color=\u00bb#0d0d0d\u00bb placeholder_font=\u00bb|600|||||||\u00bb placeholder_text_color=\u00bb#0d0d0d\u00bb radio_checkbox_text_color=\u00bb#ffffff\u00bb custom_button_one=\u00bbon\u00bb button_one_text_size=\u00bb17px\u00bb button_one_text_color=\u00bb#ffffff\u00bb button_one_border_width=\u00bb3px\u00bb button_one_icon=\u00bb%%34%%\u00bb button_one_text_color_tablet=\u00bb\u00bb button_one_text_color_phone=\u00bb\u00bb button_one_text_color_last_edited=\u00bbon|desktop\u00bb custom_css_main_element=\u00bb||\u00bb global_colors_info=\u00bb{}\u00bb button_one_text_color__hover_enabled=\u00bbon|hover\u00bb button_one_text_color__hover=\u00bb#ffffff\u00bb button_one_bg_color__hover_enabled=\u00bboff|hover\u00bb button_one_border_width__hover_enabled=\u00bbon|desktop\u00bb button_one_border_width__hover=\u00bb3px\u00bb button_one_text_size__hover_enabled=\u00bbon|desktop\u00bb button_one_text_size__hover=\u00bb17px\u00bb][\/dsm_contact_form_7][\/et_pb_column][\/et_pb_row][\/et_pb_section][et_pb_section fb_built=\u00bb1&#8243; admin_label=\u00bbSection\u00bb _builder_version=\u00bb4.16&#8243; _module_preset=\u00bbdefault\u00bb custom_padding=\u00bb66px||66px||true|\u00bb box_shadow_style=\u00bbpreset7&#8243; box_shadow_blur=\u00bb12px\u00bb global_colors_info=\u00bb{}\u00bb][et_pb_row column_structure=\u00bb3_5,2_5&#8243; make_equal=\u00bbon\u00bb custom_padding_last_edited=\u00bbon|phone\u00bb disabled_on=\u00bboff|off|off\u00bb _builder_version=\u00bb4.16&#8243; _module_preset=\u00bbdefault\u00bb background_color=\u00bbrgba(0,0,0,0.4)\u00bb background_image=\u00bbhttps:\/\/affilella.es\/wp-content\/uploads\/2021\/09\/Canva-Newsletter.jpg\u00bb background_blend=\u00bboverlay\u00bb custom_margin=\u00bb0px|auto|30px|auto|false|false\u00bb custom_padding=\u00bb30px||30px|0px|true|false\u00bb custom_padding_tablet=\u00bb\u00bb custom_padding_phone=\u00bb|||0px|true|false\u00bb background_last_edited=\u00bbon|desktop\u00bb box_shadow_style=\u00bbpreset4&#8243; box_shadow_horizontal=\u00bb4px\u00bb box_shadow_vertical=\u00bb4px\u00bb box_shadow_color=\u00bb#ffffff\u00bb global_colors_info=\u00bb{}\u00bb background__hover_enabled=\u00bboff|desktop\u00bb][et_pb_column type=\u00bb3_5&#8243; _builder_version=\u00bb4.16&#8243; _module_preset=\u00bbdefault\u00bb global_colors_info=\u00bb{}\u00bb][et_pb_text disabled_on=\u00bbon|on|off\u00bb _builder_version=\u00bb4.16&#8243; _module_preset=\u00bbdefault\u00bb text_font_size=\u00bb31px\u00bb text_letter_spacing=\u00bb1px\u00bb text_line_height=\u00bb1.3em\u00bb header_text_align=\u00bbcenter\u00bb header_font_size=\u00bb38px\u00bb header_line_height=\u00bb1.2em\u00bb background_enable_color=\u00bboff\u00bb custom_margin=\u00bb10px||10px|0px|false|false\u00bb custom_padding=\u00bb10px|10px|10px|10px|false|false\u00bb background_last_edited=\u00bbon|desktop\u00bb overflow-x_tablet=\u00bb\u00bb overflow-x_phone=\u00bb\u00bb overflow-x_last_edited=\u00bbon|phone\u00bb box_shadow_style=\u00bbpreset2&#8243; box_shadow_color=\u00bbrgba(0,0,0,0)\u00bb global_colors_info=\u00bb{}\u00bb]<\/p>\n<p style=\"text-align: center;\"><span style=\"color: #ffffff;\"><strong>SUSCR\u00ccBETE Y MANTENTE<br \/> SIEMPRE ACTUALIZADO!<\/strong><\/span><\/p>\n<p>[\/et_pb_text][et_pb_text disabled_on=\u00bboff|off|on\u00bb _builder_version=\u00bb4.16&#8243; _module_preset=\u00bbdefault\u00bb text_font_size=\u00bb31px\u00bb text_letter_spacing=\u00bb1px\u00bb text_line_height=\u00bb1.3em\u00bb header_text_align=\u00bbcenter\u00bb header_font_size=\u00bb38px\u00bb header_line_height=\u00bb1.2em\u00bb background_color=\u00bbrgba(0,0,0,0.2)\u00bb custom_margin=\u00bb10px||10px|0px|false|false\u00bb custom_padding=\u00bb10px|10px|10px|10px|false|false\u00bb background_last_edited=\u00bbon|desktop\u00bb overflow-x_tablet=\u00bb\u00bb overflow-x_phone=\u00bb\u00bb overflow-x_last_edited=\u00bbon|phone\u00bb box_shadow_style=\u00bbpreset2&#8243; box_shadow_color=\u00bbrgba(0,0,0,0)\u00bb global_colors_info=\u00bb{}\u00bb]<\/p>\n<p style=\"text-align: center;\"><span style=\"color: #ffffff;\"><strong>SUSCR\u00ccBETE Y MANTENTE<br \/> SIEMPRE ACTUALIZADO!<\/strong><\/span><\/p>\n<p>[\/et_pb_text][\/et_pb_column][et_pb_column type=\u00bb2_5&#8243; _builder_version=\u00bb4.16&#8243; _module_preset=\u00bbdefault\u00bb global_colors_info=\u00bb{}\u00bb][et_pb_button button_url=\u00bbhttp:\/\/f3d0a.emailsp.com\/frontend\/forms\/Subscription.aspx?idList=20&#038;idForm=258&#038;guid=CA361D71-4EAC-48BB-BC48-4626A545F9D2&#8243; url_new_window=\u00bbon\u00bb button_text=\u00bbINSCR\u00cdBETE\u00bb button_alignment=\u00bbcenter\u00bb button_alignment_tablet=\u00bbcenter\u00bb button_alignment_phone=\u00bb\u00bb button_alignment_last_edited=\u00bbon|tablet\u00bb _builder_version=\u00bb4.16&#8243; custom_button=\u00bbon\u00bb button_text_size=\u00bb14px\u00bb button_text_color=\u00bb#ffffff\u00bb button_bg_color=\u00bb#115A22&#8243; button_border_width=\u00bb1px\u00bb button_border_color=\u00bb#ffffff\u00bb button_border_radius=\u00bb6px\u00bb button_letter_spacing=\u00bb3px\u00bb button_font=\u00bb|600||on|||||\u00bb button_icon=\u00bb&#xe010;||divi||400&#8243; custom_margin=\u00bb29px||29px||true|false\u00bb custom_padding=\u00bb16px|30px|16px|30px|true|true\u00bb box_shadow_style=\u00bbpreset1&#8243; saved_tabs=\u00bball\u00bb global_colors_info=\u00bb{}\u00bb][\/et_pb_button][\/et_pb_column][\/et_pb_row][\/et_pb_section]<\/p>\n","protected":false},"excerpt":{"rendered":"<p>PROPUESTA COMERCIAL DISTRIBUCI\u00d3N A GRAN ESCALA BRICOUna propuesta comercial \u00fanica e innovadora, que permitir\u00e1 a su empresa ser la primera en prestar un \u00fatil servicio de reafilado de tijeras y cuchillos por cuenta de terceros (que se a\u00f1adir\u00e1, por ejemplo, al servicio de duplicaci\u00f3n de llaves que sin duda ya presta) y que garantizar\u00e1 de inmediato un indudable umento del volumen de negocios. DESCUBRE LA PROPUESTA COMMERCIAL PARA TU ACTIVIDADRELLENA Y DESCARGA EL FOLLETORellena el formulario en su totalidad para obtener la propuesta adecuada para ti<div class=\"et_pb_module dsm_contact_form_7 dsm_contact_form_7_0 form_brico\">\n\t\t\t\t\n\t\t\t\t\n\t\t\t\t\n\t\t\t\t\n\t\t\t\t\n\t\t\t\t\n\t\t\t\t<div class=\"et_pb_module_inner\">\n\t\t\t\t\t<div class=\"dsm_contact_form_7_btn_icon\" data-dsm-btn-icon=\"&#x43;\">\n\t\t\t\t\n<div class=\"wpcf7 no-js\" id=\"wpcf7-f244607-o1\" lang=\"es-ES\" dir=\"ltr\" data-wpcf7-id=\"244607\">\n<div class=\"screen-reader-response\"><p role=\"status\" aria-live=\"polite\" aria-atomic=\"true\"><\/p> <ul><\/ul><\/div>\n<form action=\"\/es\/wp-json\/wp\/v2\/pages\/244613#wpcf7-f244607-o1\" method=\"post\" class=\"wpcf7-form init\" aria-label=\"Formulario de contacto\" novalidate=\"novalidate\" data-status=\"init\">\n<fieldset class=\"hidden-fields-container\"><input type=\"hidden\" name=\"_wpcf7\" value=\"244607\" \/><input type=\"hidden\" name=\"_wpcf7_version\" value=\"6.1.5\" \/><input type=\"hidden\" name=\"_wpcf7_locale\" value=\"es_ES\" \/><input type=\"hidden\" name=\"_wpcf7_unit_tag\" value=\"wpcf7-f244607-o1\" \/><input type=\"hidden\" name=\"_wpcf7_container_post\" value=\"0\" \/><input type=\"hidden\" name=\"_wpcf7_posted_data_hash\" value=\"\" \/><input type=\"hidden\" name=\"_wpcf7_recaptcha_response\" value=\"\" \/>\n<\/fieldset>\n<div>\n\t<div class=\"et_pb_column et_pb_column_1_2 et_pb_column_50  et_pb_css_mix_blend_mode_passthrough\" style=\"margin-bottom: 0px;\">\n\t\t<div class=\"cf-etichetta\">\n\t\t\t<p><label>Nombre *<\/label><br \/>\n<span class=\"wpcf7-form-control-wrap\" data-name=\"nome\"><input size=\"40\" maxlength=\"400\" class=\"wpcf7-form-control wpcf7-text wpcf7-validates-as-required\" aria-required=\"true\" aria-invalid=\"false\" value=\"\" type=\"text\" name=\"nome\" \/><\/span>\n\t\t\t<\/p>\n\t\t<\/div>\n\t<\/div>\n\t<div class=\"et_pb_column et_pb_column_1_2 et_pb_column_51  et_pb_css_mix_blend_mode_passthrough et-last-child\">\n\t\t<div class=\"cf-etichetta\">\n\t\t\t<p><label>Appellido *<\/label><br \/>\n<span class=\"wpcf7-form-control-wrap\" data-name=\"cognome\"><input size=\"40\" maxlength=\"400\" class=\"wpcf7-form-control wpcf7-text wpcf7-validates-as-required\" aria-required=\"true\" aria-invalid=\"false\" value=\"\" type=\"text\" name=\"cognome\" \/><\/span>\n\t\t\t<\/p>\n\t\t<\/div>\n\t<\/div>\n<\/div>\n<div>\n\t<div class=\"et_pb_column et_pb_column_1_2 et_pb_column_50  et_pb_css_mix_blend_mode_passthrough\" style=\"margin-bottom: 0px;\">\n\t\t<div class=\"cf-etichetta\">\n\t\t\t<p><label>Nombre de la empresa *<\/label><br \/>\n<span class=\"wpcf7-form-control-wrap\" data-name=\"azienda\"><input size=\"40\" maxlength=\"400\" class=\"wpcf7-form-control wpcf7-text wpcf7-validates-as-required\" aria-required=\"true\" aria-invalid=\"false\" value=\"\" type=\"text\" name=\"azienda\" \/><\/span>\n\t\t\t<\/p>\n\t\t<\/div>\n\t<\/div>\n\t<div class=\"et_pb_column et_pb_column_1_2 et_pb_column_50  et_pb_css_mix_blend_mode_passthrough\" style=\"margin-bottom: 0px;\">\n\t\t<div class=\"cf-etichetta\">\n\t\t\t<p><label>Email *<\/label><br \/>\n<span class=\"wpcf7-form-control-wrap\" data-name=\"da-email\"><input size=\"40\" maxlength=\"400\" class=\"wpcf7-form-control wpcf7-email wpcf7-validates-as-required wpcf7-text wpcf7-validates-as-email\" aria-required=\"true\" aria-invalid=\"false\" value=\"\" type=\"email\" name=\"da-email\" \/><\/span>\n\t\t\t<\/p>\n\t\t<\/div>\n\t<\/div>\n<\/div>\n<div>\n\t<div class=\"et_pb_column et_pb_column_1_2 et_pb_column_50  et_pb_css_mix_blend_mode_passthrough\" style=\"margin-bottom: 0px;\">\n\t\t<div class=\"cf-etichetta\">\n\t\t\t<p><label>Tel\u00e9fono *<\/label><br \/>\n<span class=\"wpcf7-form-control-wrap\" data-name=\"tel-cell\"><input size=\"40\" maxlength=\"400\" class=\"wpcf7-form-control wpcf7-tel wpcf7-text wpcf7-validates-as-tel\" aria-invalid=\"false\" value=\"\" type=\"tel\" name=\"tel-cell\" \/><\/span>\n\t\t\t<\/p>\n\t\t<\/div>\n\t<\/div>\n\t<div class=\"et_pb_column et_pb_column_1_2 et_pb_column_50  et_pb_css_mix_blend_mode_passthrough\" style=\"margin-bottom: 0px;\">\n\t\t<div class=\"cf-etichetta\">\n\t\t\t<p><label>Pa\u00eds *<\/label><br \/>\n<span class=\"wpcf7-form-control-wrap\" data-name=\"nazione\"><input size=\"40\" maxlength=\"400\" class=\"wpcf7-form-control wpcf7-text wpcf7-validates-as-required\" aria-required=\"true\" aria-invalid=\"false\" value=\"\" type=\"text\" name=\"nazione\" \/><\/span>\n\t\t\t<\/p>\n\t\t<\/div>\n\t<\/div>\n<\/div>\n<div class=\"et_pb_css_mix_blend_mode_passthrough\" style=\"margin-bottom: 0px;\">\n\t<div class=\"cf-etichetta\">\n\t\t<p><label>Nota<\/label><br \/>\n<span class=\"wpcf7-form-control-wrap\" data-name=\"note\"><textarea cols=\"40\" rows=\"10\" maxlength=\"2000\" class=\"wpcf7-form-control wpcf7-textarea note\" id=\"note\" aria-invalid=\"false\" placeholder=\"Ingrese una nota\" name=\"note\"><\/textarea><\/span>\n\t\t<\/p>\n\t<\/div>\n<\/div>\n<div class=\"cf-privacy cf-etichetta\">\n\t<p><span>Autorizaci\u00f3n tratamiento de datos personales *<\/span><br \/>\n<span class=\"wpcf7-form-control-wrap\" data-name=\"trattamento-dati-1\"><span class=\"wpcf7-form-control wpcf7-checkbox wpcf7-validates-as-required wpcf7-exclusive-checkbox\"><span class=\"wpcf7-list-item first last\"><input type=\"checkbox\" name=\"trattamento-dati-1\" value=\"Doy mi consentimiento para el procesamiento de mis datos para recibir actualizaciones sobre nuevos productos ofrecidos por su empresa.\" \/><span class=\"wpcf7-list-item-label\">Doy mi consentimiento para el procesamiento de mis datos para recibir actualizaciones sobre nuevos productos ofrecidos por su empresa.<\/span><\/span><\/span><\/span>\n\t<\/p>\n<\/div>\n<div class=\"cf-privacy cf-etichetta\">\n\t<p><span>Privacy *<\/span><br \/>\n<span class=\"wpcf7-form-control-wrap\" data-name=\"trattamento-dati-2\"><span class=\"wpcf7-form-control wpcf7-checkbox wpcf7-validates-as-required wpcf7-exclusive-checkbox\"><span class=\"wpcf7-list-item first last\"><input type=\"checkbox\" name=\"trattamento-dati-2\" value=\"Con el env\u00edo del formulario declaro que he le\u00eddo la Privacy Policy en el env\u00edo de mis datos y aceptar las condiciones.\" \/><span class=\"wpcf7-list-item-label\">Con el env\u00edo del formulario declaro que he le\u00eddo la Privacy Policy en el env\u00edo de mis datos y aceptar las condiciones.<\/span><\/span><\/span><\/span>\n\t<\/p>\n<\/div>\n<p><span style=\"color:#2A558C;\"><strong>ENV\u00cdOS A TODO EL MUNDO<\/strong><\/span>\n<\/p>\n<div class=\"bnt-div-invia\">\n\t<p><button class=\"wpcf7-form-control wpcf7-submit has-spinner et_pb_button et_pb_bg_layout_light btn-invia\" type=\"submit\" value=\"Descarga el folleto\">Descarga el folleto<\/button>\n\t<\/p>\n<\/div><div class=\"wpcf7-response-output\" aria-hidden=\"true\"><\/div>\n<\/form>\n<\/div>\n\n\t\t\t<\/div>\n\t\t\t\t<\/div>\n\t\t\t<\/div>SUSCR\u00ccBETE Y MANTENTE SIEMPRE ACTUALIZADO!SUSCR\u00ccBETE Y MANTENTE SIEMPRE ACTUALIZADO!<\/p>\n","protected":false},"author":5,"featured_media":0,"parent":0,"menu_order":0,"comment_status":"closed","ping_status":"closed","template":"","meta":{"_et_pb_use_builder":"on","_et_pb_old_content":"","_et_gb_content_width":"","footnotes":""},"class_list":["post-244613","page","type-page","status-publish","hentry"],"yoast_head":"<!-- This site is optimized with the Yoast SEO Premium plugin v26.5 (Yoast SEO v27.4) - https:\/\/yoast.com\/product\/yoast-seo-premium-wordpress\/ -->\n<title>Propuesta Brico - Affilella<\/title>\n<meta name=\"description\" content=\"Oferta promocional afiladura Brico\" \/>\n<meta name=\"robots\" content=\"index, follow, max-snippet:-1, max-image-preview:large, max-video-preview:-1\" \/>\n<link rel=\"canonical\" href=\"https:\/\/www.affilella.com\/proposta-servizio-affilatura-brico\/\" \/>\n<meta property=\"og:locale\" content=\"es_ES\" \/>\n<meta property=\"og:type\" content=\"article\" \/>\n<meta property=\"og:title\" content=\"Propuesta Brico\" \/>\n<meta property=\"og:description\" content=\"Oferta promocional afiladura Brico\" \/>\n<meta property=\"og:url\" content=\"https:\/\/www.affilella.com\/proposta-servizio-affilatura-brico\/\" \/>\n<meta property=\"og:site_name\" content=\"Affilella\" \/>\n<meta property=\"article:publisher\" content=\"https:\/\/www.facebook.com\/affilella\" \/>\n<meta property=\"article:modified_time\" content=\"2025-06-30T14:00:32+00:00\" \/>\n<meta property=\"og:image\" content=\"https:\/\/www.affilella.com\/wp-content\/uploads\/2021\/07\/affilella_dettaglio_lama.jpg\" \/>\n\t<meta property=\"og:image:width\" content=\"1280\" \/>\n\t<meta property=\"og:image:height\" content=\"853\" \/>\n\t<meta property=\"og:image:type\" content=\"image\/jpeg\" \/>\n<meta name=\"twitter:card\" content=\"summary_large_image\" \/>\n<meta name=\"twitter:label1\" content=\"Tiempo de lectura\" \/>\n\t<meta name=\"twitter:data1\" content=\"6 minutos\" \/>\n<script type=\"application\/ld+json\" class=\"yoast-schema-graph\">{\"@context\":\"https:\\\/\\\/schema.org\",\"@graph\":[{\"@type\":\"WebPage\",\"@id\":\"https:\\\/\\\/www.affilella.com\\\/proposta-servizio-affilatura-brico\\\/\",\"url\":\"https:\\\/\\\/www.affilella.com\\\/proposta-servizio-affilatura-brico\\\/\",\"name\":\"Propuesta Brico - Affilella\",\"isPartOf\":{\"@id\":\"https:\\\/\\\/www.affilella.com\\\/#website\"},\"datePublished\":\"2022-06-09T10:58:37+00:00\",\"dateModified\":\"2025-06-30T14:00:32+00:00\",\"description\":\"Oferta promocional afiladura Brico\",\"breadcrumb\":{\"@id\":\"https:\\\/\\\/www.affilella.com\\\/proposta-servizio-affilatura-brico\\\/#breadcrumb\"},\"inLanguage\":\"es\",\"potentialAction\":[{\"@type\":\"ReadAction\",\"target\":[\"https:\\\/\\\/www.affilella.com\\\/proposta-servizio-affilatura-brico\\\/\"]}]},{\"@type\":\"BreadcrumbList\",\"@id\":\"https:\\\/\\\/www.affilella.com\\\/proposta-servizio-affilatura-brico\\\/#breadcrumb\",\"itemListElement\":[{\"@type\":\"ListItem\",\"position\":1,\"name\":\"Home\",\"item\":\"https:\\\/\\\/www.affilella.com\\\/es\\\/\"},{\"@type\":\"ListItem\",\"position\":2,\"name\":\"Propuesta Brico\"}]},{\"@type\":\"WebSite\",\"@id\":\"https:\\\/\\\/www.affilella.com\\\/#website\",\"url\":\"https:\\\/\\\/www.affilella.com\\\/\",\"name\":\"Affilella\",\"description\":\"Afiladora Professional\",\"potentialAction\":[{\"@type\":\"SearchAction\",\"target\":{\"@type\":\"EntryPoint\",\"urlTemplate\":\"https:\\\/\\\/www.affilella.com\\\/?s={search_term_string}\"},\"query-input\":{\"@type\":\"PropertyValueSpecification\",\"valueRequired\":true,\"valueName\":\"search_term_string\"}}],\"inLanguage\":\"es\"}]}<\/script>\n<!-- \/ Yoast SEO Premium plugin. -->","yoast_head_json":{"title":"Propuesta Brico - Affilella","description":"Oferta promocional afiladura Brico","robots":{"index":"index","follow":"follow","max-snippet":"max-snippet:-1","max-image-preview":"max-image-preview:large","max-video-preview":"max-video-preview:-1"},"canonical":"https:\/\/www.affilella.com\/proposta-servizio-affilatura-brico\/","og_locale":"es_ES","og_type":"article","og_title":"Propuesta Brico","og_description":"Oferta promocional afiladura Brico","og_url":"https:\/\/www.affilella.com\/proposta-servizio-affilatura-brico\/","og_site_name":"Affilella","article_publisher":"https:\/\/www.facebook.com\/affilella","article_modified_time":"2025-06-30T14:00:32+00:00","og_image":[{"width":1280,"height":853,"url":"https:\/\/www.affilella.com\/wp-content\/uploads\/2021\/07\/affilella_dettaglio_lama.jpg","type":"image\/jpeg"}],"twitter_card":"summary_large_image","twitter_misc":{"Tiempo de lectura":"6 minutos"},"schema":{"@context":"https:\/\/schema.org","@graph":[{"@type":"WebPage","@id":"https:\/\/www.affilella.com\/proposta-servizio-affilatura-brico\/","url":"https:\/\/www.affilella.com\/proposta-servizio-affilatura-brico\/","name":"Propuesta Brico - Affilella","isPartOf":{"@id":"https:\/\/www.affilella.com\/#website"},"datePublished":"2022-06-09T10:58:37+00:00","dateModified":"2025-06-30T14:00:32+00:00","description":"Oferta promocional afiladura Brico","breadcrumb":{"@id":"https:\/\/www.affilella.com\/proposta-servizio-affilatura-brico\/#breadcrumb"},"inLanguage":"es","potentialAction":[{"@type":"ReadAction","target":["https:\/\/www.affilella.com\/proposta-servizio-affilatura-brico\/"]}]},{"@type":"BreadcrumbList","@id":"https:\/\/www.affilella.com\/proposta-servizio-affilatura-brico\/#breadcrumb","itemListElement":[{"@type":"ListItem","position":1,"name":"Home","item":"https:\/\/www.affilella.com\/es\/"},{"@type":"ListItem","position":2,"name":"Propuesta Brico"}]},{"@type":"WebSite","@id":"https:\/\/www.affilella.com\/#website","url":"https:\/\/www.affilella.com\/","name":"Affilella","description":"Afiladora Professional","potentialAction":[{"@type":"SearchAction","target":{"@type":"EntryPoint","urlTemplate":"https:\/\/www.affilella.com\/?s={search_term_string}"},"query-input":{"@type":"PropertyValueSpecification","valueRequired":true,"valueName":"search_term_string"}}],"inLanguage":"es"}]}},"_links":{"self":[{"href":"https:\/\/www.affilella.com\/es\/wp-json\/wp\/v2\/pages\/244613","targetHints":{"allow":["GET"]}}],"collection":[{"href":"https:\/\/www.affilella.com\/es\/wp-json\/wp\/v2\/pages"}],"about":[{"href":"https:\/\/www.affilella.com\/es\/wp-json\/wp\/v2\/types\/page"}],"author":[{"embeddable":true,"href":"https:\/\/www.affilella.com\/es\/wp-json\/wp\/v2\/users\/5"}],"replies":[{"embeddable":true,"href":"https:\/\/www.affilella.com\/es\/wp-json\/wp\/v2\/comments?post=244613"}],"version-history":[{"count":8,"href":"https:\/\/www.affilella.com\/es\/wp-json\/wp\/v2\/pages\/244613\/revisions"}],"predecessor-version":[{"id":248667,"href":"https:\/\/www.affilella.com\/es\/wp-json\/wp\/v2\/pages\/244613\/revisions\/248667"}],"wp:attachment":[{"href":"https:\/\/www.affilella.com\/es\/wp-json\/wp\/v2\/media?parent=244613"}],"curies":[{"name":"wp","href":"https:\/\/api.w.org\/{rel}","templated":true}]}}