{"id":242554,"date":"2021-09-23T11:16:43","date_gmt":"2021-09-23T09:16:43","guid":{"rendered":"https:\/\/affilella.es\/testimonios\/"},"modified":"2023-03-03T11:56:33","modified_gmt":"2023-03-03T10:56:33","slug":"noticias","status":"publish","type":"page","link":"https:\/\/www.affilella.com\/es\/noticias\/","title":{"rendered":"Video References"},"content":{"rendered":"<p>[et_pb_section fb_built=\u00bb1&#8243; _builder_version=\u00bb4.16&#8243; _module_preset=\u00bbdefault\u00bb custom_margin=\u00bb-35px||||false|false\u00bb da_disable_devices=\u00bboff|off|off\u00bb global_colors_info=\u00bb{}\u00bb da_is_popup=\u00bboff\u00bb da_exit_intent=\u00bboff\u00bb da_has_close=\u00bbon\u00bb da_alt_close=\u00bboff\u00bb da_dark_close=\u00bboff\u00bb da_not_modal=\u00bbon\u00bb da_is_singular=\u00bboff\u00bb da_with_loader=\u00bboff\u00bb da_has_shadow=\u00bbon\u00bb][et_pb_row _builder_version=\u00bb4.16&#8243; _module_preset=\u00bbdefault\u00bb background_color=\u00bbrgba(13,13,13,0.3)\u00bb background_image=\u00bbhttps:\/\/affilella.es\/wp-content\/uploads\/2021\/07\/nuovi-arrotini-scaled.jpg\u00bb background_blend=\u00bbmultiply\u00bb width=\u00bb100%\u00bb max_width=\u00bb2560px\u00bb min_height=\u00bb240px\u00bb custom_margin=\u00bb-10px|auto||auto|false|false\u00bb custom_padding=\u00bb||0px|||\u00bb global_colors_info=\u00bb{}\u00bb][et_pb_column type=\u00bb4_4&#8243; _builder_version=\u00bb4.16&#8243; _module_preset=\u00bbdefault\u00bb global_colors_info=\u00bb{}\u00bb][et_pb_text _builder_version=\u00bb4.19.5&#8243; _module_preset=\u00bbdefault\u00bb text_font=\u00bbLato||||||||\u00bb header_text_align=\u00bbcenter\u00bb text_orientation=\u00bbcenter\u00bb module_alignment=\u00bbcenter\u00bb min_height=\u00bb102px\u00bb custom_margin=\u00bb-23px|||||\u00bb custom_padding=\u00bb100px||0px|||\u00bb hover_enabled=\u00bb0&#8243; text_text_shadow_style=\u00bbpreset1&#8243; text_text_shadow_vertical_length=\u00bb0em\u00bb text_text_shadow_blur_strength=\u00bb2em\u00bb global_colors_info=\u00bb{}\u00bb sticky_enabled=\u00bb0&#8243;]<\/p>\n<h1 style=\"text-align: center; font-size: 40px; font-family: lato;\"><strong><span style=\"color: #ffffff;\">NOTICIAS<\/span><\/strong><\/h1>\n<p>[\/et_pb_text][\/et_pb_column][\/et_pb_row][et_pb_row use_custom_gutter=\u00bbon\u00bb _builder_version=\u00bb4.16&#8243; _module_preset=\u00bbdefault\u00bb custom_padding=\u00bb60px||0px|||\u00bb global_colors_info=\u00bb{}\u00bb][et_pb_column type=\u00bb4_4&#8243; _builder_version=\u00bb4.16&#8243; _module_preset=\u00bbdefault\u00bb global_colors_info=\u00bb{}\u00bb][et_pb_blog fullwidth=\u00bboff\u00bb use_manual_excerpt=\u00bboff\u00bb excerpt_length=\u00bb120&#8243; show_more=\u00bbon\u00bb show_author=\u00bboff\u00bb show_pagination=\u00bboff\u00bb _builder_version=\u00bb4.19.5&#8243; _module_preset=\u00bbdefault\u00bb header_font=\u00bbRoboto|600|||||||\u00bb header_font_size=\u00bb14px\u00bb header_line_height=\u00bb1.3em\u00bb body_font=\u00bbLato||||||||\u00bb meta_font=\u00bbLato|600|||||||\u00bb meta_text_color=\u00bb#115a22&#8243; meta_font_size=\u00bb13px\u00bb pagination_font_size=\u00bb14px\u00bb hover_enabled=\u00bb0&#8243; border_radii=\u00bbon|20px|20px|20px|20px\u00bb border_width_all=\u00bb0px\u00bb box_shadow_style=\u00bbpreset1&#8243; box_shadow_blur=\u00bb50px\u00bb box_shadow_color=\u00bbrgba(110,130,208,0.18)\u00bb global_colors_info=\u00bb{}\u00bb sticky_enabled=\u00bb0&#8243;][\/et_pb_blog][\/et_pb_column][\/et_pb_row][\/et_pb_section]<\/p>\n","protected":false},"excerpt":{"rendered":"<p>NOTICIAS<\/p>\n","protected":false},"author":5,"featured_media":0,"parent":0,"menu_order":0,"comment_status":"closed","ping_status":"closed","template":"","meta":{"_et_pb_use_builder":"on","_et_pb_old_content":"","_et_gb_content_width":"","footnotes":""},"class_list":["post-242554","page","type-page","status-publish","hentry"],"yoast_head":"<!-- This site is optimized with the Yoast SEO Premium plugin v26.5 (Yoast SEO v27.6) - https:\/\/yoast.com\/product\/yoast-seo-premium-wordpress\/ -->\n<title>Video References - Affilella<\/title>\n<meta name=\"description\" content=\"Noticias, Opiniones y resultados de quienes compraron Affilella para su negocio. Affilella es \u00fatil para restaurantes, ferreter\u00edas, zapater\u00edas y centros de afilado.\" \/>\n<meta name=\"robots\" content=\"index, follow, max-snippet:-1, max-image-preview:large, max-video-preview:-1\" \/>\n<link rel=\"canonical\" href=\"https:\/\/www.affilella.com\/es\/noticias\/\" \/>\n<meta property=\"og:locale\" content=\"es_ES\" \/>\n<meta property=\"og:type\" content=\"article\" \/>\n<meta property=\"og:title\" content=\"Video References\" \/>\n<meta property=\"og:description\" content=\"Noticias, Opiniones y resultados de quienes compraron Affilella para su negocio. Affilella es \u00fatil para restaurantes, ferreter\u00edas, zapater\u00edas y centros de afilado.\" \/>\n<meta property=\"og:url\" content=\"https:\/\/www.affilella.com\/es\/noticias\/\" \/>\n<meta property=\"og:site_name\" content=\"Affilella\" \/>\n<meta property=\"article:publisher\" content=\"https:\/\/www.facebook.com\/affilella\" \/>\n<meta property=\"article:modified_time\" content=\"2023-03-03T10:56:33+00:00\" \/>\n<meta property=\"og:image\" content=\"https:\/\/www.affilella.com\/wp-content\/uploads\/2021\/07\/affilella_dettaglio_lama.jpg\" \/>\n\t<meta property=\"og:image:width\" content=\"1280\" \/>\n\t<meta property=\"og:image:height\" content=\"853\" \/>\n\t<meta property=\"og:image:type\" content=\"image\/jpeg\" \/>\n<meta name=\"twitter:card\" content=\"summary_large_image\" \/>\n<meta name=\"twitter:label1\" content=\"Tiempo de lectura\" \/>\n\t<meta name=\"twitter:data1\" content=\"1 minuto\" \/>\n<script type=\"application\/ld+json\" class=\"yoast-schema-graph\">{\"@context\":\"https:\\\/\\\/schema.org\",\"@graph\":[{\"@type\":\"WebPage\",\"@id\":\"https:\\\/\\\/www.affilella.com\\\/es\\\/noticias\\\/\",\"url\":\"https:\\\/\\\/www.affilella.com\\\/es\\\/noticias\\\/\",\"name\":\"Video References - Affilella\",\"isPartOf\":{\"@id\":\"https:\\\/\\\/www.affilella.com\\\/#website\"},\"datePublished\":\"2021-09-23T09:16:43+00:00\",\"dateModified\":\"2023-03-03T10:56:33+00:00\",\"description\":\"Noticias, Opiniones y resultados de quienes compraron Affilella para su negocio. Affilella es \u00fatil para restaurantes, ferreter\u00edas, zapater\u00edas y centros de afilado.\",\"breadcrumb\":{\"@id\":\"https:\\\/\\\/www.affilella.com\\\/es\\\/noticias\\\/#breadcrumb\"},\"inLanguage\":\"es\",\"potentialAction\":[{\"@type\":\"ReadAction\",\"target\":[\"https:\\\/\\\/www.affilella.com\\\/es\\\/noticias\\\/\"]}]},{\"@type\":\"BreadcrumbList\",\"@id\":\"https:\\\/\\\/www.affilella.com\\\/es\\\/noticias\\\/#breadcrumb\",\"itemListElement\":[{\"@type\":\"ListItem\",\"position\":1,\"name\":\"Home\",\"item\":\"https:\\\/\\\/www.affilella.com\\\/es\\\/\"},{\"@type\":\"ListItem\",\"position\":2,\"name\":\"Video References\"}]},{\"@type\":\"WebSite\",\"@id\":\"https:\\\/\\\/www.affilella.com\\\/#website\",\"url\":\"https:\\\/\\\/www.affilella.com\\\/\",\"name\":\"Affilella\",\"description\":\"Afiladora Professional\",\"potentialAction\":[{\"@type\":\"SearchAction\",\"target\":{\"@type\":\"EntryPoint\",\"urlTemplate\":\"https:\\\/\\\/www.affilella.com\\\/?s={search_term_string}\"},\"query-input\":{\"@type\":\"PropertyValueSpecification\",\"valueRequired\":true,\"valueName\":\"search_term_string\"}}],\"inLanguage\":\"es\"}]}<\/script>\n<!-- \/ Yoast SEO Premium plugin. -->","yoast_head_json":{"title":"Video References - Affilella","description":"Noticias, Opiniones y resultados de quienes compraron Affilella para su negocio. Affilella es \u00fatil para restaurantes, ferreter\u00edas, zapater\u00edas y centros de afilado.","robots":{"index":"index","follow":"follow","max-snippet":"max-snippet:-1","max-image-preview":"max-image-preview:large","max-video-preview":"max-video-preview:-1"},"canonical":"https:\/\/www.affilella.com\/es\/noticias\/","og_locale":"es_ES","og_type":"article","og_title":"Video References","og_description":"Noticias, Opiniones y resultados de quienes compraron Affilella para su negocio. Affilella es \u00fatil para restaurantes, ferreter\u00edas, zapater\u00edas y centros de afilado.","og_url":"https:\/\/www.affilella.com\/es\/noticias\/","og_site_name":"Affilella","article_publisher":"https:\/\/www.facebook.com\/affilella","article_modified_time":"2023-03-03T10:56:33+00:00","og_image":[{"width":1280,"height":853,"url":"https:\/\/www.affilella.com\/wp-content\/uploads\/2021\/07\/affilella_dettaglio_lama.jpg","type":"image\/jpeg"}],"twitter_card":"summary_large_image","twitter_misc":{"Tiempo de lectura":"1 minuto"},"schema":{"@context":"https:\/\/schema.org","@graph":[{"@type":"WebPage","@id":"https:\/\/www.affilella.com\/es\/noticias\/","url":"https:\/\/www.affilella.com\/es\/noticias\/","name":"Video References - Affilella","isPartOf":{"@id":"https:\/\/www.affilella.com\/#website"},"datePublished":"2021-09-23T09:16:43+00:00","dateModified":"2023-03-03T10:56:33+00:00","description":"Noticias, Opiniones y resultados de quienes compraron Affilella para su negocio. Affilella es \u00fatil para restaurantes, ferreter\u00edas, zapater\u00edas y centros de afilado.","breadcrumb":{"@id":"https:\/\/www.affilella.com\/es\/noticias\/#breadcrumb"},"inLanguage":"es","potentialAction":[{"@type":"ReadAction","target":["https:\/\/www.affilella.com\/es\/noticias\/"]}]},{"@type":"BreadcrumbList","@id":"https:\/\/www.affilella.com\/es\/noticias\/#breadcrumb","itemListElement":[{"@type":"ListItem","position":1,"name":"Home","item":"https:\/\/www.affilella.com\/es\/"},{"@type":"ListItem","position":2,"name":"Video References"}]},{"@type":"WebSite","@id":"https:\/\/www.affilella.com\/#website","url":"https:\/\/www.affilella.com\/","name":"Affilella","description":"Afiladora Professional","potentialAction":[{"@type":"SearchAction","target":{"@type":"EntryPoint","urlTemplate":"https:\/\/www.affilella.com\/?s={search_term_string}"},"query-input":{"@type":"PropertyValueSpecification","valueRequired":true,"valueName":"search_term_string"}}],"inLanguage":"es"}]}},"_links":{"self":[{"href":"https:\/\/www.affilella.com\/es\/wp-json\/wp\/v2\/pages\/242554","targetHints":{"allow":["GET"]}}],"collection":[{"href":"https:\/\/www.affilella.com\/es\/wp-json\/wp\/v2\/pages"}],"about":[{"href":"https:\/\/www.affilella.com\/es\/wp-json\/wp\/v2\/types\/page"}],"author":[{"embeddable":true,"href":"https:\/\/www.affilella.com\/es\/wp-json\/wp\/v2\/users\/5"}],"replies":[{"embeddable":true,"href":"https:\/\/www.affilella.com\/es\/wp-json\/wp\/v2\/comments?post=242554"}],"version-history":[{"count":12,"href":"https:\/\/www.affilella.com\/es\/wp-json\/wp\/v2\/pages\/242554\/revisions"}],"predecessor-version":[{"id":245917,"href":"https:\/\/www.affilella.com\/es\/wp-json\/wp\/v2\/pages\/242554\/revisions\/245917"}],"wp:attachment":[{"href":"https:\/\/www.affilella.com\/es\/wp-json\/wp\/v2\/media?parent=242554"}],"curies":[{"name":"wp","href":"https:\/\/api.w.org\/{rel}","templated":true}]}}