{"id":241039,"date":"2021-06-08T17:07:11","date_gmt":"2021-08-19T16:16:37","guid":{"rendered":"https:\/\/affilella.es\/products\/affilella\/"},"modified":"2025-07-07T12:34:53","modified_gmt":"2025-07-07T10:34:53","slug":"affilella","status":"publish","type":"product","link":"https:\/\/www.affilella.com\/en\/products\/affilella\/","title":{"rendered":"Affilella"},"content":{"rendered":"<p>[et_pb_section fb_built=&#8221;1&#8243; custom_padding_last_edited=&#8221;on|desktop&#8221; admin_label=&#8221;Hero&#8221; _builder_version=&#8221;4.16&#8243; background_color=&#8221;#2a558c&#8221; background_enable_image=&#8221;off&#8221; background_size=&#8221;initial&#8221; background_position=&#8221;bottom_right&#8221; width=&#8221;100%&#8221; custom_margin=&#8221;||||false|false&#8221; custom_margin_tablet=&#8221;&#8221; custom_margin_phone=&#8221;-30px||-60px||false|false&#8221; custom_margin_last_edited=&#8221;on|phone&#8221; custom_padding=&#8221;||||false|false&#8221; custom_padding_tablet=&#8221;|10vw||10vw|false|true&#8221; custom_padding_phone=&#8221;&#8221; locked=&#8221;off&#8221; global_colors_info=&#8221;{}&#8221;][et_pb_row _builder_version=&#8221;4.27.4&#8243; width=&#8221;100%&#8221; custom_padding=&#8221;||||false|false&#8221; collapsed=&#8221;off&#8221; global_colors_info=&#8221;{}&#8221;][et_pb_column type=&#8221;4_4&#8243; _builder_version=&#8221;4.16&#8243; global_colors_info=&#8221;{}&#8221;][et_pb_text _builder_version=&#8221;4.27.4&#8243; text_font=&#8221;||||||||&#8221; text_line_height=&#8221;1.8em&#8221; header_font=&#8221;&#8211;et_global_body_font|700|||||||&#8221; background_layout=&#8221;dark&#8221; width=&#8221;100%&#8221; custom_margin=&#8221;|-40px||||&#8221; hover_enabled=&#8221;0&#8243; text_font_size_tablet=&#8221;15px&#8221; text_font_size_phone=&#8221;14px&#8221; text_font_size_last_edited=&#8221;on|phone&#8221; global_colors_info=&#8221;{}&#8221; header_font_size=&#8221;62px&#8221; sticky_enabled=&#8221;0&#8243; header_font_size_last_edited=&#8221;on|desktop&#8221; header_font_size_phone=&#8221;32px&#8221; header_font_size_tablet=&#8221;62px&#8221;]<\/p>\n<h1>Affilella | Professional Sharpener<\/h1>\n<p>[\/et_pb_text][et_pb_text _builder_version=&#8221;4.16&#8243; text_font=&#8221;||||||||&#8221; text_line_height=&#8221;1.8em&#8221; background_layout=&#8221;dark&#8221; text_font_size_tablet=&#8221;15px&#8221; text_font_size_phone=&#8221;14px&#8221; text_font_size_last_edited=&#8221;on|phone&#8221; global_colors_info=&#8221;{}&#8221;]<\/p>\n<p><strong>Professional sharpener for kitchen scissors and knives<\/strong><\/p>\n<p>[\/et_pb_text][\/et_pb_column][\/et_pb_row][\/et_pb_section][et_pb_section fb_built=&#8221;1&#8243; specialty=&#8221;on&#8221; _builder_version=&#8221;4.16&#8243; _module_preset=&#8221;default&#8221; global_colors_info=&#8221;{}&#8221;][et_pb_column type=&#8221;1_2&#8243; _builder_version=&#8221;4.16&#8243; custom_padding=&#8221;|||&#8221; global_colors_info=&#8221;{}&#8221; custom_padding__hover=&#8221;|||&#8221;][et_pb_wc_images _builder_version=&#8221;4.16&#8243; global_colors_info=&#8221;{}&#8221;][\/et_pb_wc_images][\/et_pb_column][et_pb_column type=&#8221;1_2&#8243; specialty_columns=&#8221;2&#8243; _builder_version=&#8221;4.16&#8243; custom_padding=&#8221;|||&#8221; global_colors_info=&#8221;{}&#8221; custom_padding__hover=&#8221;|||&#8221;][et_pb_row_inner _builder_version=&#8221;4.16&#8243; _module_preset=&#8221;default&#8221; custom_padding=&#8221;77px|||||&#8221; global_colors_info=&#8221;{}&#8221;][et_pb_column_inner saved_specialty_column_type=&#8221;1_2&#8243; _builder_version=&#8221;4.16&#8243; _module_preset=&#8221;default&#8221; global_colors_info=&#8221;{}&#8221;][et_pb_text _builder_version=&#8221;4.16&#8243; _module_preset=&#8221;default&#8221; global_colors_info=&#8221;{}&#8221;]<\/p>\n<p>The Affilella professional sharpener is the right instrument to perfectly restore the edge of kitchen knives and scissors. Maintains efficiency and speed even with multiple and frequent sharpening. It consists of an aluminum main body, a painted steel base that contains the electrical installation and a stainless steel front structure where the grinding wheels are located. It has two helicoidal wheels coated with CBN (Cubic Boron Nitride) for sharpening cooking and domestic knives, a ceramic grinding wheel for sharpening scissors and a laminated buffing wheel for polishing the bevel of knives and scissors. Easy to use, compact, manageable, has low maintenance costs. It can be equipped with the blade guide, a useful complement to sharpen with complete safety and obtain excellent results from the first sharpening.<\/p>\n<p>[\/et_pb_text][\/et_pb_column_inner][\/et_pb_row_inner][et_pb_row_inner column_structure=&#8221;1_2,1_2&#8243; _builder_version=&#8221;4.16&#8243; _module_preset=&#8221;default&#8221; global_colors_info=&#8221;{}&#8221;][et_pb_column_inner type=&#8221;1_2&#8243; saved_specialty_column_type=&#8221;1_2&#8243; _builder_version=&#8221;4.16&#8243; _module_preset=&#8221;default&#8221; global_colors_info=&#8221;{}&#8221;][et_pb_button button_url=&#8221;https:\/\/www.affilella.com\/wp-content\/uploads\/2025\/06\/Affilella_IT-EN-DE-.pdf&#8221; url_new_window=&#8221;on&#8221; button_text=&#8221;TECHNICAL FEATURES IN PDF&#8221; button_alignment=&#8221;center&#8221; _builder_version=&#8221;4.27.4&#8243; custom_button=&#8221;on&#8221; button_text_size=&#8221;14px&#8221; button_text_color=&#8221;#3056a9&#8243; button_bg_color=&#8221;#ffffff&#8221; button_border_width=&#8221;1px&#8221; button_border_color=&#8221;#3056a9&#8243; button_border_radius=&#8221;0px&#8221; button_letter_spacing=&#8221;0px&#8221; button_font=&#8221;|600||on|||||&#8221; button_use_icon=&#8221;off&#8221; custom_margin=&#8221;||||false|false&#8221; custom_padding=&#8221;11px|30px|11px|30px|true|true&#8221; custom_css_main_element=&#8221;width:100%&#8221; box_shadow_style=&#8221;preset1&#8243; locked=&#8221;off&#8221; global_colors_info=&#8221;{}&#8221;][\/et_pb_button][\/et_pb_column_inner][et_pb_column_inner type=&#8221;1_2&#8243; saved_specialty_column_type=&#8221;1_2&#8243; _builder_version=&#8221;4.16&#8243; _module_preset=&#8221;default&#8221; global_colors_info=&#8221;{}&#8221;][et_pb_button button_url=&#8221;#contact&#8221; button_text=&#8221;Request a quotation&#8221; button_alignment=&#8221;center&#8221; _builder_version=&#8221;4.16&#8243; custom_button=&#8221;on&#8221; button_text_size=&#8221;14px&#8221; button_text_color=&#8221;#3056a9&#8243; button_bg_color=&#8221;#ffffff&#8221; button_border_width=&#8221;1px&#8221; button_border_color=&#8221;#3056a9&#8243; button_border_radius=&#8221;0px&#8221; button_letter_spacing=&#8221;0px&#8221; button_font=&#8221;|600||on|||||&#8221; button_use_icon=&#8221;off&#8221; custom_margin=&#8221;||||false|false&#8221; custom_padding=&#8221;22px|30px|22px|30px|true|true&#8221; custom_css_main_element=&#8221;width:100%&#8221; box_shadow_style=&#8221;preset1&#8243; locked=&#8221;off&#8221; global_colors_info=&#8221;{}&#8221;][\/et_pb_button][\/et_pb_column_inner][\/et_pb_row_inner][\/et_pb_column][\/et_pb_section][et_pb_section fb_built=&#8221;1&#8243; admin_label=&#8221;Mission&#8221; module_id=&#8221;Affilella&#8221; _builder_version=&#8221;4.16&#8243; top_divider_color=&#8221;#2a558c&#8221; bottom_divider_style=&#8221;slant&#8221; bottom_divider_color=&#8221;#2a558c&#8221; locked=&#8221;off&#8221; global_colors_info=&#8221;{}&#8221;][et_pb_row column_structure=&#8221;1_2,1_2&#8243; make_equal=&#8221;on&#8221; _builder_version=&#8221;4.16&#8243; _module_preset=&#8221;default&#8221; custom_padding=&#8221;27px||50px||false|false&#8221; global_colors_info=&#8221;{}&#8221;][et_pb_column type=&#8221;1_2&#8243; _builder_version=&#8221;4.16&#8243; _module_preset=&#8221;default&#8221; global_colors_info=&#8221;{}&#8221;][et_pb_tabs active_tab_background_color=&#8221;#2a558c&#8221; active_tab_text_color=&#8221;#ffffff&#8221; _builder_version=&#8221;4.16&#8243; _module_preset=&#8221;default&#8221; tab_text_color=&#8221;#2a558c&#8221; body_text_color=&#8221;#0d0d0d&#8221; global_colors_info=&#8221;{}&#8221;][et_pb_tab title=&#8221;Data sheet&#8221; _builder_version=&#8221;4.16&#8243; _module_preset=&#8221;default&#8221; global_colors_info=&#8221;{}&#8221;]<\/p>\n<p><b style=\"font-size: 18px;\">MAIN FEATURES<\/b><\/p>\n<p>Motor power: 0.18 kW<br \/> Voltage: 220V 1 phase \/ 50Hz<br \/> Diameter CBN wheels for knives: \u00d8 120 mm<br \/> Diameter wheels for scissors: \u00d8 110 mm<br \/> Honing wheels diameter: \u00d8 110 mm<br \/>Knife cutting edge angle: 30\u00b0<br \/>Scissors edge angle: 45\u00b0<br \/> Weight: 50 Kg<br \/> Dimensions (L x W x H): 370x290x270 mm<br \/> Accessories: Dust suction<\/p>\n<p><b>IS FOR YOUR IF: <\/b><br \/> &#8211; You need to sharpen many tools frequently<br \/> &#8211; You need to sharpen and polish knives and scissors<br \/> &#8211; You need to sharpen quickly, with a few strokes<br \/> &#8211; You need to take advantage of a small space to dedicate it to sharpening<\/p>\n<p>[\/et_pb_tab][et_pb_tab title=&#8221;Advantage&#8221; _builder_version=&#8221;4.16&#8243; _module_preset=&#8221;default&#8221; global_colors_info=&#8221;{}&#8221;]<\/p>\n<p><strong>Reliability and direct sale without distributor<\/strong><br \/>To guarantee our customers the best competitive price!<br \/>MVM has 60 plus years of experience in the industrial grinding machine sector.<\/p>\n<p><strong>SHIPMENTS ALL OVER THE WORLD<\/strong><\/p>\n<p>[\/et_pb_tab][\/et_pb_tabs][\/et_pb_column][et_pb_column type=&#8221;1_2&#8243; _builder_version=&#8221;4.16&#8243; _module_preset=&#8221;default&#8221; global_colors_info=&#8221;{}&#8221;][et_pb_tabs active_tab_background_color=&#8221;#2a558c&#8221; active_tab_text_color=&#8221;#ffffff&#8221; _builder_version=&#8221;4.16&#8243; _module_preset=&#8221;default&#8221; tab_text_color=&#8221;#2a558c&#8221; body_text_color=&#8221;#0d0d0d&#8221; global_colors_info=&#8221;{}&#8221;][et_pb_tab title=&#8221;Video Trailer&#8221; _builder_version=&#8221;4.16&#8243; _module_preset=&#8221;default&#8221; global_colors_info=&#8221;{}&#8221;]<\/p>\n<p><iframe loading=\"lazy\" title=\"Affilella - affilatrice professionale per coltelli e forbici  \/ Professional sharpener\" width=\"1080\" height=\"608\" src=\"https:\/\/www.youtube.com\/embed\/bqK_lIjMx0I?list=PLNk5hVv64vwXuXZ4aeFiW5_PrzBIqNlpG\"  allow=\"accelerometer; autoplay; clipboard-write; encrypted-media; gyroscope; picture-in-picture; web-share\" referrerpolicy=\"strict-origin-when-cross-origin\" allowfullscreen><\/iframe><\/p>\n<p>[\/et_pb_tab][et_pb_tab title=&#8221;Video tutorial&#8221; _builder_version=&#8221;4.16&#8243; _module_preset=&#8221;default&#8221; global_colors_info=&#8221;{}&#8221;]<iframe loading=\"lazy\" width=\"560\" height=\"315\" src=\"https:\/\/www.youtube.com\/embed\/cYxcXRcAqAI\" title=\"YouTube video player\" frameborder=\"0\" allow=\"accelerometer; autoplay; clipboard-write; encrypted-media; gyroscope; picture-in-picture\" allowfullscreen><\/iframe>[\/et_pb_tab][\/et_pb_tabs][\/et_pb_column][\/et_pb_row][\/et_pb_section][et_pb_section fb_built=&#8221;1&#8243; module_id=&#8221;Contact&#8221; _builder_version=&#8221;4.16&#8243; _module_preset=&#8221;default&#8221; custom_padding=&#8221;90px||90px||true|false&#8221; top_divider_style=&#8221;slant&#8221; top_divider_color=&#8221;#2a558c&#8221; bottom_divider_style=&#8221;slant&#8221; bottom_divider_color=&#8221;#2a558c&#8221; locked=&#8221;off&#8221; global_colors_info=&#8221;{}&#8221;][et_pb_row _builder_version=&#8221;4.16&#8243; _module_preset=&#8221;default&#8221; global_colors_info=&#8221;{}&#8221;][et_pb_column type=&#8221;4_4&#8243; _builder_version=&#8221;4.16&#8243; _module_preset=&#8221;default&#8221; global_colors_info=&#8221;{}&#8221;][et_pb_text _builder_version=&#8221;4.16&#8243; header_2_font=&#8221;|600|||||||&#8221; header_2_text_align=&#8221;center&#8221; header_2_text_color=&#8221;#2a558c&#8221; header_2_font_size=&#8221;48px&#8221; header_2_line_height=&#8221;1.3em&#8221; module_alignment=&#8221;center&#8221; custom_margin=&#8221;||||false|false&#8221; header_2_text_align_tablet=&#8221;&#8221; header_2_text_align_phone=&#8221;&#8221; header_2_text_align_last_edited=&#8221;on|tablet&#8221; header_2_font_size_tablet=&#8221;32px&#8221; header_2_font_size_phone=&#8221;20px&#8221; header_2_font_size_last_edited=&#8221;on|phone&#8221; locked=&#8221;off&#8221; global_colors_info=&#8221;{}&#8221; header_2_2_font_size_tablet=&#8221;32px&#8221; header_3_2_font_size_tablet=&#8221;32px&#8221; header_4_2_font_size_tablet=&#8221;32px&#8221; header_5_2_font_size_tablet=&#8221;32px&#8221; header_6_2_font_size_tablet=&#8221;32px&#8221; header_2_2_font_size_phone=&#8221;20px&#8221; header_3_2_font_size_phone=&#8221;20px&#8221; header_4_2_font_size_phone=&#8221;20px&#8221; header_5_2_font_size_phone=&#8221;20px&#8221; header_6_2_font_size_phone=&#8221;20px&#8221; header_2_2_font_size_last_edited=&#8221;on|phone&#8221; header_3_2_font_size_last_edited=&#8221;on|phone&#8221; header_4_2_font_size_last_edited=&#8221;on|phone&#8221; header_5_2_font_size_last_edited=&#8221;on|phone&#8221; header_6_2_font_size_last_edited=&#8221;on|phone&#8221;]<\/p>\n<h2>Estimated cost<\/h2>\n<p>[\/et_pb_text][\/et_pb_column][\/et_pb_row][et_pb_row _builder_version=&#8221;4.16&#8243; _module_preset=&#8221;default&#8221; max_width=&#8221;1138px&#8221; global_colors_info=&#8221;{}&#8221;][et_pb_column type=&#8221;4_4&#8243; _builder_version=&#8221;4.16&#8243; _module_preset=&#8221;default&#8221; global_colors_info=&#8221;{}&#8221;][dsm_contact_form_7 cf7_library=&#8221;240483&#8243; label_bottom_spacing=&#8221;0px&#8221; _builder_version=&#8221;4.16&#8243; _module_preset=&#8221;default&#8221; labels_font=&#8221;|600|||||||&#8221; labels_text_color=&#8221;#2a558c&#8221; input_textarea_select_font=&#8221;|700|||||||&#8221; input_textarea_select_text_color=&#8221;#2a558c&#8221; input_textarea_select_font_size=&#8221;18px&#8221; placeholder_text_color=&#8221;#2a558c&#8221; radio_checkbox_text_color=&#8221;#2a558c&#8221; custom_button_one=&#8221;on&#8221; button_one_text_color=&#8221;#2a558c&#8221; button_one_border_radius=&#8221;0px&#8221; button_one_use_icon=&#8221;off&#8221; border_color_all_image=&#8221;#2a558c&#8221; global_colors_info=&#8221;{}&#8221; button_one_bg_color__hover_enabled=&#8221;on|hover&#8221; button_one_bg_color__hover=&#8221;#ffffff&#8221; button_one_bg_enable_color__hover=&#8221;on&#8221; button_one_border_color__hover_enabled=&#8221;on|hover&#8221; button_one_border_color__hover=&#8221;#2a558c&#8221;][\/dsm_contact_form_7][\/et_pb_column][\/et_pb_row][\/et_pb_section]<\/p>\n","protected":false},"excerpt":{"rendered":"<p>Affilella | Professional SharpenerProfessional sharpener for kitchen scissors and knivesThe Affilella professional sharpener is the right instrument to perfectly restore the edge of kitchen knives and scissors. Maintains efficiency and speed even with multiple and frequent sharpening. It consists of an aluminum main body, a painted steel base that contains the electrical installation and a stainless steel front structure where the grinding wheels are located. It has two helicoidal wheels coated with CBN (Cubic Boron Nitride) for sharpening cooking and domestic knives, a ceramic grinding wheel for sharpening scissors and a laminated buffing wheel for polishing the bevel of knives and scissors. Easy to use, compact, manageable, has low maintenance costs. It can be equipped with the blade guide, a useful complement to sharpen with complete safety and obtain excellent results from the first sharpening.MAIN FEATURES Motor power: 0.18 kW Voltage: 220V 1 phase \/ 50Hz Diameter CBN wheels for knives: \u00d8 120 mm Diameter wheels for scissors: \u00d8 110 mm Honing wheels diameter: \u00d8 110 mmKnife cutting edge angle: 30\u00b0Scissors edge angle: 45\u00b0 Weight: 50 Kg Dimensions (L x W x H): 370x290x270 mm Accessories: Dust suction IS FOR YOUR IF: &#8211; You need to sharpen many tools frequently [&hellip;]<\/p>\n","protected":false},"featured_media":241040,"comment_status":"closed","ping_status":"closed","template":"","meta":{"_et_pb_use_builder":"on","_et_pb_old_content":"","_et_gb_content_width":""},"product_brand":[],"product_cat":[51],"product_tag":[],"class_list":{"0":"post-241039","1":"product","2":"type-product","3":"status-publish","4":"has-post-thumbnail","6":"product_cat-professional-sharpening-machines","8":"first","9":"instock","10":"shipping-taxable","11":"product-type-simple"},"yoast_head":"<!-- This site is optimized with the Yoast SEO Premium plugin v26.5 (Yoast SEO v27.6) - https:\/\/yoast.com\/product\/yoast-seo-premium-wordpress\/ -->\n<title>Affilella - Professional Sharpener<\/title>\n<meta name=\"description\" content=\"The professional sharpener to perfectly restore the edge of kitchen knives and scissors.\" \/>\n<meta name=\"robots\" content=\"index, follow, max-snippet:-1, max-image-preview:large, max-video-preview:-1\" \/>\n<link rel=\"canonical\" href=\"https:\/\/www.affilella.com\/prodotti\/affilella\/\" \/>\n<meta property=\"og:locale\" content=\"en_US\" \/>\n<meta property=\"og:type\" content=\"article\" \/>\n<meta property=\"og:title\" content=\"Affilella\" \/>\n<meta property=\"og:description\" content=\"The professional sharpener to perfectly restore the edge of kitchen knives and scissors.\" \/>\n<meta property=\"og:url\" content=\"https:\/\/www.affilella.com\/prodotti\/affilella\/\" \/>\n<meta property=\"og:site_name\" content=\"Affilella\" \/>\n<meta property=\"article:publisher\" content=\"https:\/\/www.facebook.com\/affilella\" \/>\n<meta property=\"article:modified_time\" content=\"2025-07-07T10:34:53+00:00\" \/>\n<meta property=\"og:image\" content=\"https:\/\/www.affilella.com\/wp-content\/uploads\/2021\/06\/Affilella-5.jpg\" \/>\n\t<meta property=\"og:image:width\" content=\"1000\" \/>\n\t<meta property=\"og:image:height\" content=\"1000\" \/>\n\t<meta property=\"og:image:type\" content=\"image\/jpeg\" \/>\n<meta name=\"twitter:card\" content=\"summary_large_image\" \/>\n<meta name=\"twitter:description\" content=\"The professional sharpener to perfectly restore the edge of kitchen knives and scissors.\" \/>\n<meta name=\"twitter:label1\" content=\"Est. reading time\" \/>\n\t<meta name=\"twitter:data1\" content=\"3 minutes\" \/>\n<script type=\"application\/ld+json\" class=\"yoast-schema-graph\">{\"@context\":\"https:\\\/\\\/schema.org\",\"@graph\":[{\"@type\":\"WebPage\",\"@id\":\"https:\\\/\\\/www.affilella.com\\\/prodotti\\\/affilella\\\/\",\"url\":\"https:\\\/\\\/www.affilella.com\\\/prodotti\\\/affilella\\\/\",\"name\":\"Affilella - Professional Sharpener\",\"isPartOf\":{\"@id\":\"https:\\\/\\\/www.affilella.com\\\/#website\"},\"primaryImageOfPage\":{\"@id\":\"https:\\\/\\\/www.affilella.com\\\/prodotti\\\/affilella\\\/#primaryimage\"},\"image\":{\"@id\":\"https:\\\/\\\/www.affilella.com\\\/prodotti\\\/affilella\\\/#primaryimage\"},\"thumbnailUrl\":\"https:\\\/\\\/www.affilella.com\\\/wp-content\\\/uploads\\\/2021\\\/06\\\/Affilella-5.jpg\",\"datePublished\":\"2021-08-19T16:16:37+00:00\",\"dateModified\":\"2025-07-07T10:34:53+00:00\",\"description\":\"The professional sharpener to perfectly restore the edge of kitchen knives and scissors.\",\"breadcrumb\":{\"@id\":\"https:\\\/\\\/www.affilella.com\\\/prodotti\\\/affilella\\\/#breadcrumb\"},\"inLanguage\":\"en-US\",\"potentialAction\":[{\"@type\":\"ReadAction\",\"target\":[\"https:\\\/\\\/www.affilella.com\\\/prodotti\\\/affilella\\\/\"]}]},{\"@type\":\"ImageObject\",\"inLanguage\":\"en-US\",\"@id\":\"https:\\\/\\\/www.affilella.com\\\/prodotti\\\/affilella\\\/#primaryimage\",\"url\":\"https:\\\/\\\/www.affilella.com\\\/wp-content\\\/uploads\\\/2021\\\/06\\\/Affilella-5.jpg\",\"contentUrl\":\"https:\\\/\\\/www.affilella.com\\\/wp-content\\\/uploads\\\/2021\\\/06\\\/Affilella-5.jpg\",\"width\":1000,\"height\":1000,\"caption\":\"Affilacoltelli professionale per coltelli da cucina e forbici\"},{\"@type\":\"BreadcrumbList\",\"@id\":\"https:\\\/\\\/www.affilella.com\\\/prodotti\\\/affilella\\\/#breadcrumb\",\"itemListElement\":[{\"@type\":\"ListItem\",\"position\":1,\"name\":\"Home\",\"item\":\"https:\\\/\\\/www.affilella.com\\\/en\\\/\"},{\"@type\":\"ListItem\",\"position\":2,\"name\":\"Shop\",\"item\":\"https:\\\/\\\/www.affilella.com\\\/negozio\\\/\"},{\"@type\":\"ListItem\",\"position\":3,\"name\":\"professional sharpening machines\",\"item\":\"https:\\\/\\\/www.affilella.com\\\/en\\\/categoria-prodotto\\\/professional-sharpening-machines\\\/\"},{\"@type\":\"ListItem\",\"position\":4,\"name\":\"Affilella\"}]},{\"@type\":\"WebSite\",\"@id\":\"https:\\\/\\\/www.affilella.com\\\/#website\",\"url\":\"https:\\\/\\\/www.affilella.com\\\/\",\"name\":\"Affilella\",\"description\":\"Afiladora Professional\",\"potentialAction\":[{\"@type\":\"SearchAction\",\"target\":{\"@type\":\"EntryPoint\",\"urlTemplate\":\"https:\\\/\\\/www.affilella.com\\\/?s={search_term_string}\"},\"query-input\":{\"@type\":\"PropertyValueSpecification\",\"valueRequired\":true,\"valueName\":\"search_term_string\"}}],\"inLanguage\":\"en-US\"}]}<\/script>\n<!-- \/ Yoast SEO Premium plugin. -->","yoast_head_json":{"title":"Affilella - Professional Sharpener","description":"The professional sharpener to perfectly restore the edge of kitchen knives and scissors.","robots":{"index":"index","follow":"follow","max-snippet":"max-snippet:-1","max-image-preview":"max-image-preview:large","max-video-preview":"max-video-preview:-1"},"canonical":"https:\/\/www.affilella.com\/prodotti\/affilella\/","og_locale":"en_US","og_type":"article","og_title":"Affilella","og_description":"The professional sharpener to perfectly restore the edge of kitchen knives and scissors.","og_url":"https:\/\/www.affilella.com\/prodotti\/affilella\/","og_site_name":"Affilella","article_publisher":"https:\/\/www.facebook.com\/affilella","article_modified_time":"2025-07-07T10:34:53+00:00","og_image":[{"width":1000,"height":1000,"url":"https:\/\/www.affilella.com\/wp-content\/uploads\/2021\/06\/Affilella-5.jpg","type":"image\/jpeg"}],"twitter_card":"summary_large_image","twitter_description":"The professional sharpener to perfectly restore the edge of kitchen knives and scissors.","twitter_misc":{"Est. reading time":"3 minutes"},"schema":{"@context":"https:\/\/schema.org","@graph":[{"@type":"WebPage","@id":"https:\/\/www.affilella.com\/prodotti\/affilella\/","url":"https:\/\/www.affilella.com\/prodotti\/affilella\/","name":"Affilella - Professional Sharpener","isPartOf":{"@id":"https:\/\/www.affilella.com\/#website"},"primaryImageOfPage":{"@id":"https:\/\/www.affilella.com\/prodotti\/affilella\/#primaryimage"},"image":{"@id":"https:\/\/www.affilella.com\/prodotti\/affilella\/#primaryimage"},"thumbnailUrl":"https:\/\/www.affilella.com\/wp-content\/uploads\/2021\/06\/Affilella-5.jpg","datePublished":"2021-08-19T16:16:37+00:00","dateModified":"2025-07-07T10:34:53+00:00","description":"The professional sharpener to perfectly restore the edge of kitchen knives and scissors.","breadcrumb":{"@id":"https:\/\/www.affilella.com\/prodotti\/affilella\/#breadcrumb"},"inLanguage":"en-US","potentialAction":[{"@type":"ReadAction","target":["https:\/\/www.affilella.com\/prodotti\/affilella\/"]}]},{"@type":"ImageObject","inLanguage":"en-US","@id":"https:\/\/www.affilella.com\/prodotti\/affilella\/#primaryimage","url":"https:\/\/www.affilella.com\/wp-content\/uploads\/2021\/06\/Affilella-5.jpg","contentUrl":"https:\/\/www.affilella.com\/wp-content\/uploads\/2021\/06\/Affilella-5.jpg","width":1000,"height":1000,"caption":"Affilacoltelli professionale per coltelli da cucina e forbici"},{"@type":"BreadcrumbList","@id":"https:\/\/www.affilella.com\/prodotti\/affilella\/#breadcrumb","itemListElement":[{"@type":"ListItem","position":1,"name":"Home","item":"https:\/\/www.affilella.com\/en\/"},{"@type":"ListItem","position":2,"name":"Shop","item":"https:\/\/www.affilella.com\/negozio\/"},{"@type":"ListItem","position":3,"name":"professional sharpening machines","item":"https:\/\/www.affilella.com\/en\/categoria-prodotto\/professional-sharpening-machines\/"},{"@type":"ListItem","position":4,"name":"Affilella"}]},{"@type":"WebSite","@id":"https:\/\/www.affilella.com\/#website","url":"https:\/\/www.affilella.com\/","name":"Affilella","description":"Afiladora Professional","potentialAction":[{"@type":"SearchAction","target":{"@type":"EntryPoint","urlTemplate":"https:\/\/www.affilella.com\/?s={search_term_string}"},"query-input":{"@type":"PropertyValueSpecification","valueRequired":true,"valueName":"search_term_string"}}],"inLanguage":"en-US"}]}},"_links":{"self":[{"href":"https:\/\/www.affilella.com\/en\/wp-json\/wp\/v2\/product\/241039","targetHints":{"allow":["GET"]}}],"collection":[{"href":"https:\/\/www.affilella.com\/en\/wp-json\/wp\/v2\/product"}],"about":[{"href":"https:\/\/www.affilella.com\/en\/wp-json\/wp\/v2\/types\/product"}],"replies":[{"embeddable":true,"href":"https:\/\/www.affilella.com\/en\/wp-json\/wp\/v2\/comments?post=241039"}],"wp:featuredmedia":[{"embeddable":true,"href":"https:\/\/www.affilella.com\/en\/wp-json\/wp\/v2\/media\/241040"}],"wp:attachment":[{"href":"https:\/\/www.affilella.com\/en\/wp-json\/wp\/v2\/media?parent=241039"}],"wp:term":[{"taxonomy":"product_brand","embeddable":true,"href":"https:\/\/www.affilella.com\/en\/wp-json\/wp\/v2\/product_brand?post=241039"},{"taxonomy":"product_cat","embeddable":true,"href":"https:\/\/www.affilella.com\/en\/wp-json\/wp\/v2\/product_cat?post=241039"},{"taxonomy":"product_tag","embeddable":true,"href":"https:\/\/www.affilella.com\/en\/wp-json\/wp\/v2\/product_tag?post=241039"}],"curies":[{"name":"wp","href":"https:\/\/api.w.org\/{rel}","templated":true}]}}