{"id":239675,"date":"2021-06-08T17:07:11","date_gmt":"2021-06-18T11:39:56","guid":{"rendered":"https:\/\/affilella.es\/productos\/affilella\/"},"modified":"2025-07-07T10:31:46","modified_gmt":"2025-07-07T08:31:46","slug":"affilella","status":"publish","type":"product","link":"https:\/\/www.affilella.com\/de\/produkte\/affilella\/","title":{"rendered":"Affilella"},"content":{"rendered":"<p>[et_pb_section fb_built=&#8220;1&#8243; custom_padding_last_edited=&#8220;on|desktop&#8220; admin_label=&#8220;Hero&#8220; _builder_version=&#8220;4.16&#8243; background_color=&#8220;#2a558c&#8220; background_enable_image=&#8220;off&#8220; background_size=&#8220;initial&#8220; background_position=&#8220;bottom_right&#8220; width=&#8220;100%&#8220; custom_margin=&#8220;||||false|false&#8220; custom_margin_tablet=&#8220;&#8220; custom_margin_phone=&#8220;-30px||-60px||false|false&#8220; custom_margin_last_edited=&#8220;on|phone&#8220; custom_padding=&#8220;||||false|false&#8220; custom_padding_tablet=&#8220;|10vw||10vw|false|true&#8220; custom_padding_phone=&#8220;&#8220; locked=&#8220;off&#8220; global_colors_info=&#8220;{}&#8220;][et_pb_row _builder_version=&#8220;4.27.4&#8243; width=&#8220;100%&#8220; custom_padding=&#8220;||||false|false&#8220; collapsed=&#8220;off&#8220; global_colors_info=&#8220;{}&#8220;][et_pb_column type=&#8220;4_4&#8243; _builder_version=&#8220;4.16&#8243; global_colors_info=&#8220;{}&#8220;][et_pb_text _builder_version=&#8220;4.27.4&#8243; text_font=&#8220;||||||||&#8220; text_line_height=&#8220;1.8em&#8220; header_font=&#8220;&#8211;et_global_heading_font|700|||||||&#8220; background_layout=&#8220;dark&#8220; width=&#8220;100%&#8220; custom_margin=&#8220;|-40px||||&#8220; hover_enabled=&#8220;0&#8243; text_font_size_tablet=&#8220;15px&#8220; text_font_size_phone=&#8220;14px&#8220; text_font_size_last_edited=&#8220;on|phone&#8220; global_colors_info=&#8220;{}&#8220; header_font_size_last_edited=&#8220;on|phone&#8220; header_font_size=&#8220;62px&#8220; sticky_enabled=&#8220;0&#8243; header_font_size_phone=&#8220;32px&#8220; header_font_size_tablet=&#8220;62px&#8220;]<\/p>\n<h1>Affilella | Profi-Sch\u00e4rfer<\/h1>\n<p>[\/et_pb_text][et_pb_text _builder_version=&#8220;4.16&#8243; text_font=&#8220;||||||||&#8220; text_line_height=&#8220;1.8em&#8220; background_layout=&#8220;dark&#8220; text_font_size_tablet=&#8220;15px&#8220; text_font_size_phone=&#8220;14px&#8220; text_font_size_last_edited=&#8220;on|phone&#8220; global_colors_info=&#8220;{}&#8220;]<\/p>\n<p><strong>Professioneller Sch\u00e4rfer f\u00fcr K\u00fcchenmesser und Scheren<\/strong><\/p>\n<p>[\/et_pb_text][\/et_pb_column][\/et_pb_row][\/et_pb_section][et_pb_section fb_built=&#8220;1&#8243; specialty=&#8220;on&#8220; _builder_version=&#8220;4.16&#8243; _module_preset=&#8220;default&#8220; global_colors_info=&#8220;{}&#8220;][et_pb_column type=&#8220;1_2&#8243; _builder_version=&#8220;4.16&#8243; custom_padding=&#8220;|||&#8220; global_colors_info=&#8220;{}&#8220; custom_padding__hover=&#8220;|||&#8220;][et_pb_wc_images _builder_version=&#8220;4.16&#8243; global_colors_info=&#8220;{}&#8220;][\/et_pb_wc_images][\/et_pb_column][et_pb_column type=&#8220;1_2&#8243; specialty_columns=&#8220;2&#8243; _builder_version=&#8220;4.16&#8243; custom_padding=&#8220;|||&#8220; global_colors_info=&#8220;{}&#8220; custom_padding__hover=&#8220;|||&#8220;][et_pb_row_inner _builder_version=&#8220;4.16&#8243; _module_preset=&#8220;default&#8220; custom_padding=&#8220;77px|||||&#8220; global_colors_info=&#8220;{}&#8220;][et_pb_column_inner saved_specialty_column_type=&#8220;1_2&#8243; _builder_version=&#8220;4.16&#8243; _module_preset=&#8220;default&#8220; global_colors_info=&#8220;{}&#8220;][et_pb_text _builder_version=&#8220;4.27.4&#8243; _module_preset=&#8220;default&#8220; global_colors_info=&#8220;{}&#8220;]<\/p>\n<p>Der Affilella Profi-Sch\u00e4rfer ist das richtige Instrument, um den Faden von K\u00fcchenmessern und -scheren perfekt zu restaurieren. Beh\u00e4lt Effizienz und Geschwindigkeit auch bei mehrfachem und h\u00e4ufigem Sch\u00e4rfen bei. Es besteht aus einem Aluminium-Hauptk\u00f6rper, einem lackierten Stahlsockel, der die Elektroinstallation enth\u00e4lt, und einer Edelstahl-Frontstruktur, in der sich die Schleifscheiben befinden. Es verf\u00fcgt \u00fcber zwei mit CBN (kubisches Bornitrid) beschichtete Wendelscheiben zum Sch\u00e4rfen von Messern, eine Keramikschleifscheibe zum Sch\u00e4rfen von Scheren und eine Laminat-Schleifscheibe zum Polieren der Bez\u00fcge von Messern und Scheren.<br \/>Einfach zu bedienen, kompakt, handlich, hat geringe Wartungskosten.<\/p>\n<p>Es kann mit der Klingenhalterf\u00fchrung ausgestattet werden, eine n\u00fctzliche Erg\u00e4nzung, um mit absoluter Sicherheit zu sch\u00e4rfen und hervorragende Ergebnisse beim ersten Sch\u00e4rfen zu erzielen.<\/p>\n<p>[\/et_pb_text][\/et_pb_column_inner][\/et_pb_row_inner][et_pb_row_inner column_structure=&#8220;1_2,1_2&#8243; _builder_version=&#8220;4.16&#8243; _module_preset=&#8220;default&#8220; global_colors_info=&#8220;{}&#8220;][et_pb_column_inner type=&#8220;1_2&#8243; saved_specialty_column_type=&#8220;1_2&#8243; _builder_version=&#8220;4.16&#8243; _module_preset=&#8220;default&#8220; global_colors_info=&#8220;{}&#8220;][et_pb_button button_url=&#8220;https:\/\/www.affilella.com\/wp-content\/uploads\/2025\/06\/Affilella_IT-EN-DE-.pdf&#8220; url_new_window=&#8220;on&#8220; button_text=&#8220;Technisches Datenblatt als PDF&#8220; button_alignment=&#8220;center&#8220; _builder_version=&#8220;4.27.4&#8243; custom_button=&#8220;on&#8220; button_text_size=&#8220;14px&#8220; button_text_color=&#8220;#3056a9&#8243; button_bg_color=&#8220;#ffffff&#8220; button_border_width=&#8220;1px&#8220; button_border_color=&#8220;#3056a9&#8243; button_border_radius=&#8220;0px&#8220; button_letter_spacing=&#8220;0px&#8220; button_font=&#8220;|600||on|||||&#8220; button_use_icon=&#8220;off&#8220; custom_margin=&#8220;||||false|false&#8220; custom_padding=&#8220;11px|30px|11px|30px|true|true&#8220; custom_css_main_element=&#8220;width:100%&#8220; box_shadow_style=&#8220;preset1&#8243; locked=&#8220;off&#8220; global_colors_info=&#8220;{}&#8220;][\/et_pb_button][\/et_pb_column_inner][et_pb_column_inner type=&#8220;1_2&#8243; saved_specialty_column_type=&#8220;1_2&#8243; _builder_version=&#8220;4.16&#8243; _module_preset=&#8220;default&#8220; global_colors_info=&#8220;{}&#8220;][et_pb_button button_url=&#8220;#Kontakt&#8220; button_text=&#8220;Kosten anfragen&#8220; button_alignment=&#8220;center&#8220; _builder_version=&#8220;4.16&#8243; custom_button=&#8220;on&#8220; button_text_size=&#8220;14px&#8220; button_text_color=&#8220;#3056a9&#8243; button_bg_color=&#8220;#ffffff&#8220; button_border_width=&#8220;1px&#8220; button_border_color=&#8220;#3056a9&#8243; button_border_radius=&#8220;0px&#8220; button_letter_spacing=&#8220;0px&#8220; button_font=&#8220;|600||on|||||&#8220; button_use_icon=&#8220;off&#8220; custom_margin=&#8220;||||false|false&#8220; custom_padding=&#8220;22px|30px|22px|30px|true|true&#8220; custom_css_main_element=&#8220;width:100%&#8220; box_shadow_style=&#8220;preset1&#8243; locked=&#8220;off&#8220; global_colors_info=&#8220;{}&#8220;][\/et_pb_button][\/et_pb_column_inner][\/et_pb_row_inner][\/et_pb_column][\/et_pb_section][et_pb_section fb_built=&#8220;1&#8243; admin_label=&#8220;Mission&#8220; module_id=&#8220;affilella&#8220; _builder_version=&#8220;4.16&#8243; top_divider_color=&#8220;#2a558c&#8220; bottom_divider_style=&#8220;slant&#8220; bottom_divider_color=&#8220;#2a558c&#8220; locked=&#8220;off&#8220; global_colors_info=&#8220;{}&#8220;][et_pb_row column_structure=&#8220;1_2,1_2&#8243; make_equal=&#8220;on&#8220; _builder_version=&#8220;4.16&#8243; _module_preset=&#8220;default&#8220; custom_padding=&#8220;27px||50px||false|false&#8220; global_colors_info=&#8220;{}&#8220;][et_pb_column type=&#8220;1_2&#8243; _builder_version=&#8220;4.16&#8243; _module_preset=&#8220;default&#8220; global_colors_info=&#8220;{}&#8220;][et_pb_tabs active_tab_background_color=&#8220;#2a558c&#8220; active_tab_text_color=&#8220;#ffffff&#8220; _builder_version=&#8220;4.16&#8243; _module_preset=&#8220;default&#8220; tab_text_color=&#8220;#2a558c&#8220; body_text_color=&#8220;#0d0d0d&#8220; global_colors_info=&#8220;{}&#8220;][et_pb_tab title=&#8220;Datenblatt&#8220; _builder_version=&#8220;4.16&#8243; _module_preset=&#8220;default&#8220; global_colors_info=&#8220;{}&#8220;]<\/p>\n<p><b style=\"font-size: 18px;\">HAUPTEIGENSCHAFTEN<\/b><\/p>\n<p>Motorleistung: 0,18 kW<br \/>Spannung: 220V 1 Phase \/ 50Hz<br \/>Durchmesser CBN-Schleifscheiben f\u00fcr Messer: \u00d8 120 mm<br \/>Schleifscheibendurchmesser f\u00fcr Schere: \u00d8 110 mm<br \/>Schleifscheibendurchmesser zum Polieren: \u00d8 110 mm<br \/>Eckdrahtmesser: 30 \u00b0<br \/><span>Scherenkantenwinkel<\/span>: 45 \u00b0<br \/>Gewicht: 50 kg<br \/>Abmessungen (L x P x H): 370x290x270 mm<br \/>Zubeh\u00f6r: Staubabsaugung<\/p>\n<p><b>ES IST F\u00dcR DICH, WENN <\/b><br \/>&#8211; Sie m\u00f6chten viele Werkzeuge h\u00e4ufig sch\u00e4rfen<br \/>&#8211; Du m\u00f6chtest Messer und Scheren sch\u00e4rfen und polieren<br \/>&#8211; Sie m\u00f6chten schnell sch\u00e4rfen, mit wenigen Strichen<br \/>&#8211; Sie m\u00f6chten einen reduzierten Platz zum Sch\u00e4rfen nutzen<\/p>\n<p>[\/et_pb_tab][et_pb_tab title=&#8220;Vorteil&#8220; _builder_version=&#8220;4.16&#8243; _module_preset=&#8220;default&#8220; global_colors_info=&#8220;{}&#8220;]<strong>Zuverl\u00e4ssigkeit und Direktverkauf ohne Distributor<\/strong><br \/>\nUm unseren Kunden den besten konkurrenzf\u00e4higen Preis zu garantieren!<br \/>\nMVM verf\u00fcgt \u00fcber 60 Jahre Erfahrung im Bereich Industrieschleifmaschinen.<\/p>\n<p><span><strong>VERSAND IN DIE GANZE WELT<\/strong><\/span>[\/et_pb_tab][\/et_pb_tabs][\/et_pb_column][et_pb_column type=&#8220;1_2&#8243; _builder_version=&#8220;4.16&#8243; _module_preset=&#8220;default&#8220; global_colors_info=&#8220;{}&#8220;][et_pb_tabs active_tab_background_color=&#8220;#2a558c&#8220; active_tab_text_color=&#8220;#ffffff&#8220; _builder_version=&#8220;4.16&#8243; _module_preset=&#8220;default&#8220; tab_text_color=&#8220;#2a558c&#8220; body_text_color=&#8220;#0d0d0d&#8220; global_colors_info=&#8220;{}&#8220;][et_pb_tab title=&#8220;Videotrailer&#8220; _builder_version=&#8220;4.16&#8243; _module_preset=&#8220;default&#8220; global_colors_info=&#8220;{}&#8220;]<\/p>\n<p><iframe loading=\"lazy\" title=\"Affilella - affilatrice professionale per coltelli e forbici  \/ Professional sharpener\" width=\"1080\" height=\"608\" src=\"https:\/\/www.youtube.com\/embed\/bqK_lIjMx0I?list=PLNk5hVv64vwXuXZ4aeFiW5_PrzBIqNlpG\"  allow=\"accelerometer; autoplay; clipboard-write; encrypted-media; gyroscope; picture-in-picture; web-share\" allowfullscreen><\/iframe><\/p>\n<p>[\/et_pb_tab][et_pb_tab title=&#8220;Videoanleitung&#8220; _builder_version=&#8220;4.16&#8243; _module_preset=&#8220;default&#8220; global_colors_info=&#8220;{}&#8220;]<iframe loading=\"lazy\" width=\"560\" height=\"315\" src=\"https:\/\/www.youtube.com\/embed\/m7mhVSBvqZw\" title=\"YouTube video player\" frameborder=\"0\" allow=\"accelerometer; autoplay; clipboard-write; encrypted-media; gyroscope; picture-in-picture\" allowfullscreen><\/iframe>[\/et_pb_tab][\/et_pb_tabs][\/et_pb_column][\/et_pb_row][\/et_pb_section][et_pb_section fb_built=&#8220;1&#8243; module_id=&#8220;Kontakt&#8220; _builder_version=&#8220;4.16&#8243; _module_preset=&#8220;default&#8220; custom_padding=&#8220;90px||90px||true|false&#8220; top_divider_style=&#8220;slant&#8220; top_divider_color=&#8220;#2a558c&#8220; bottom_divider_style=&#8220;slant&#8220; bottom_divider_color=&#8220;#2a558c&#8220; locked=&#8220;off&#8220; global_colors_info=&#8220;{}&#8220;][et_pb_row _builder_version=&#8220;4.16&#8243; _module_preset=&#8220;default&#8220; global_colors_info=&#8220;{}&#8220;][et_pb_column type=&#8220;4_4&#8243; _builder_version=&#8220;4.16&#8243; _module_preset=&#8220;default&#8220; global_colors_info=&#8220;{}&#8220;][et_pb_text _builder_version=&#8220;4.16&#8243; header_2_font=&#8220;|600|||||||&#8220; header_2_text_align=&#8220;center&#8220; header_2_text_color=&#8220;#2a558c&#8220; header_2_font_size=&#8220;48px&#8220; header_2_line_height=&#8220;1.3em&#8220; module_alignment=&#8220;center&#8220; custom_margin=&#8220;||||false|false&#8220; header_2_text_align_tablet=&#8220;&#8220; header_2_text_align_phone=&#8220;&#8220; header_2_text_align_last_edited=&#8220;on|tablet&#8220; header_2_font_size_tablet=&#8220;32px&#8220; header_2_font_size_phone=&#8220;20px&#8220; header_2_font_size_last_edited=&#8220;on|phone&#8220; locked=&#8220;off&#8220; global_colors_info=&#8220;{}&#8220; header_2_2_font_size_tablet=&#8220;32px&#8220; header_3_2_font_size_tablet=&#8220;32px&#8220; header_4_2_font_size_tablet=&#8220;32px&#8220; header_5_2_font_size_tablet=&#8220;32px&#8220; header_6_2_font_size_tablet=&#8220;32px&#8220; header_2_2_font_size_phone=&#8220;20px&#8220; header_3_2_font_size_phone=&#8220;20px&#8220; header_4_2_font_size_phone=&#8220;20px&#8220; header_5_2_font_size_phone=&#8220;20px&#8220; header_6_2_font_size_phone=&#8220;20px&#8220; header_2_2_font_size_last_edited=&#8220;on|phone&#8220; header_3_2_font_size_last_edited=&#8220;on|phone&#8220; header_4_2_font_size_last_edited=&#8220;on|phone&#8220; header_5_2_font_size_last_edited=&#8220;on|phone&#8220; header_6_2_font_size_last_edited=&#8220;on|phone&#8220;]<\/p>\n<h2>Gesch\u00e4tzte Kosten<\/h2>\n<p>[\/et_pb_text][\/et_pb_column][\/et_pb_row][et_pb_row _builder_version=&#8220;4.16&#8243; _module_preset=&#8220;default&#8220; max_width=&#8220;1138px&#8220; global_colors_info=&#8220;{}&#8220;][et_pb_column type=&#8220;4_4&#8243; _builder_version=&#8220;4.16&#8243; _module_preset=&#8220;default&#8220; global_colors_info=&#8220;{}&#8220;][dsm_contact_form_7 cf7_library=&#8220;239835&#8243; label_bottom_spacing=&#8220;0px&#8220; _builder_version=&#8220;4.16&#8243; _module_preset=&#8220;default&#8220; labels_font=&#8220;|600|||||||&#8220; labels_text_color=&#8220;#2a558c&#8220; input_textarea_select_font=&#8220;|700|||||||&#8220; input_textarea_select_text_color=&#8220;#2a558c&#8220; input_textarea_select_font_size=&#8220;18px&#8220; placeholder_text_color=&#8220;#2a558c&#8220; radio_checkbox_text_color=&#8220;#2a558c&#8220; custom_button_one=&#8220;on&#8220; button_one_text_color=&#8220;#2a558c&#8220; button_one_border_radius=&#8220;0px&#8220; button_one_use_icon=&#8220;off&#8220; border_color_all_image=&#8220;#2a558c&#8220; global_colors_info=&#8220;{}&#8220; button_one_bg_color__hover_enabled=&#8220;on|hover&#8220; button_one_bg_color__hover=&#8220;#ffffff&#8220; button_one_bg_enable_color__hover=&#8220;on&#8220; button_one_border_color__hover_enabled=&#8220;on|hover&#8220; button_one_border_color__hover=&#8220;#2a558c&#8220;][\/dsm_contact_form_7][\/et_pb_column][\/et_pb_row][\/et_pb_section]<\/p>\n","protected":false},"excerpt":{"rendered":"<p>Affilella | Profi-Sch\u00e4rferProfessioneller Sch\u00e4rfer f\u00fcr K\u00fcchenmesser und ScherenDer Affilella Profi-Sch\u00e4rfer ist das richtige Instrument, um den Faden von K\u00fcchenmessern und -scheren perfekt zu restaurieren. Beh\u00e4lt Effizienz und Geschwindigkeit auch bei mehrfachem und h\u00e4ufigem Sch\u00e4rfen bei. Es besteht aus einem Aluminium-Hauptk\u00f6rper, einem lackierten Stahlsockel, der die Elektroinstallation enth\u00e4lt, und einer Edelstahl-Frontstruktur, in der sich die Schleifscheiben befinden. Es verf\u00fcgt \u00fcber zwei mit CBN (kubisches Bornitrid) beschichtete Wendelscheiben zum Sch\u00e4rfen von Messern, eine Keramikschleifscheibe zum Sch\u00e4rfen von Scheren und eine Laminat-Schleifscheibe zum Polieren der Bez\u00fcge von Messern und Scheren.Einfach zu bedienen, kompakt, handlich, hat geringe Wartungskosten. Es kann mit der Klingenhalterf\u00fchrung ausgestattet werden, eine n\u00fctzliche Erg\u00e4nzung, um mit absoluter Sicherheit zu sch\u00e4rfen und hervorragende Ergebnisse beim ersten Sch\u00e4rfen zu erzielen.HAUPTEIGENSCHAFTEN Motorleistung: 0,18 kWSpannung: 220V 1 Phase \/ 50HzDurchmesser CBN-Schleifscheiben f\u00fcr Messer: \u00d8 120 mmSchleifscheibendurchmesser f\u00fcr Schere: \u00d8 110 mmSchleifscheibendurchmesser zum Polieren: \u00d8 110 mmEckdrahtmesser: 30 \u00b0Scherenkantenwinkel: 45 \u00b0Gewicht: 50 kgAbmessungen (L x P x H): 370x290x270 mmZubeh\u00f6r: Staubabsaugung ES IST F\u00dcR DICH, WENN &#8211; Sie m\u00f6chten viele Werkzeuge h\u00e4ufig sch\u00e4rfen- Du m\u00f6chtest Messer und Scheren sch\u00e4rfen und polieren- Sie m\u00f6chten schnell sch\u00e4rfen, mit wenigen Strichen- Sie m\u00f6chten einen reduzierten Platz zum Sch\u00e4rfen nutzenZuverl\u00e4ssigkeit und Direktverkauf ohne Distributor Um unseren Kunden den besten [&hellip;]<\/p>\n","protected":false},"featured_media":239632,"comment_status":"closed","ping_status":"closed","template":"","meta":{"_et_pb_use_builder":"on","_et_pb_old_content":"","_et_gb_content_width":""},"product_brand":[],"product_cat":[33],"product_tag":[],"class_list":{"0":"post-239675","1":"product","2":"type-product","3":"status-publish","4":"has-post-thumbnail","6":"product_cat-senza-kategorie","8":"first","9":"instock","10":"shipping-taxable","11":"product-type-simple"},"yoast_head":"<!-- This site is optimized with the Yoast SEO Premium plugin v26.5 (Yoast SEO v27.4) - https:\/\/yoast.com\/product\/yoast-seo-premium-wordpress\/ -->\n<title>Affilella - Affilella<\/title>\n<meta name=\"description\" content=\"Der Affilella Profi-Sch\u00e4rfer ist das richtige Instrument, um den Faden von K\u00fcchenmessern und -scheren perfekt zu restaurieren. Beh\u00e4lt Effizienz und Geschwindigkeit auch bei mehrfachem und h\u00e4ufigem Sch\u00e4rfen bei.\" \/>\n<meta name=\"robots\" content=\"index, follow, max-snippet:-1, max-image-preview:large, max-video-preview:-1\" \/>\n<link rel=\"canonical\" href=\"https:\/\/www.affilella.com\/prodotti\/affilella\/\" \/>\n<meta property=\"og:locale\" content=\"de_DE\" \/>\n<meta property=\"og:type\" content=\"article\" \/>\n<meta property=\"og:title\" content=\"Affilella\" \/>\n<meta property=\"og:description\" content=\"Der Affilella Profi-Sch\u00e4rfer ist das richtige Instrument, um den Faden von K\u00fcchenmessern und -scheren perfekt zu restaurieren. Beh\u00e4lt Effizienz und Geschwindigkeit auch bei mehrfachem und h\u00e4ufigem Sch\u00e4rfen bei.\" \/>\n<meta property=\"og:url\" content=\"https:\/\/www.affilella.com\/prodotti\/affilella\/\" \/>\n<meta property=\"og:site_name\" content=\"Affilella\" \/>\n<meta property=\"article:publisher\" content=\"https:\/\/www.facebook.com\/affilella\" \/>\n<meta property=\"article:modified_time\" content=\"2025-07-07T08:31:46+00:00\" \/>\n<meta property=\"og:image\" content=\"https:\/\/www.affilella.com\/wp-content\/uploads\/2021\/06\/Affilella-5.jpg\" \/>\n\t<meta property=\"og:image:width\" content=\"1000\" \/>\n\t<meta property=\"og:image:height\" content=\"1000\" \/>\n\t<meta property=\"og:image:type\" content=\"image\/jpeg\" \/>\n<meta name=\"twitter:card\" content=\"summary_large_image\" \/>\n<meta name=\"twitter:label1\" content=\"Gesch\u00e4tzte Lesezeit\" \/>\n\t<meta name=\"twitter:data1\" content=\"3\u00a0Minuten\" \/>\n<script type=\"application\/ld+json\" class=\"yoast-schema-graph\">{\"@context\":\"https:\\\/\\\/schema.org\",\"@graph\":[{\"@type\":\"WebPage\",\"@id\":\"https:\\\/\\\/www.affilella.com\\\/prodotti\\\/affilella\\\/\",\"url\":\"https:\\\/\\\/www.affilella.com\\\/prodotti\\\/affilella\\\/\",\"name\":\"Affilella - Affilella\",\"isPartOf\":{\"@id\":\"https:\\\/\\\/www.affilella.com\\\/#website\"},\"primaryImageOfPage\":{\"@id\":\"https:\\\/\\\/www.affilella.com\\\/prodotti\\\/affilella\\\/#primaryimage\"},\"image\":{\"@id\":\"https:\\\/\\\/www.affilella.com\\\/prodotti\\\/affilella\\\/#primaryimage\"},\"thumbnailUrl\":\"https:\\\/\\\/www.affilella.com\\\/wp-content\\\/uploads\\\/2021\\\/06\\\/Affilella-5.jpg\",\"datePublished\":\"2021-06-18T11:39:56+00:00\",\"dateModified\":\"2025-07-07T08:31:46+00:00\",\"description\":\"Der Affilella Profi-Sch\u00e4rfer ist das richtige Instrument, um den Faden von K\u00fcchenmessern und -scheren perfekt zu restaurieren. Beh\u00e4lt Effizienz und Geschwindigkeit auch bei mehrfachem und h\u00e4ufigem Sch\u00e4rfen bei.\",\"breadcrumb\":{\"@id\":\"https:\\\/\\\/www.affilella.com\\\/prodotti\\\/affilella\\\/#breadcrumb\"},\"inLanguage\":\"de\",\"potentialAction\":[{\"@type\":\"ReadAction\",\"target\":[\"https:\\\/\\\/www.affilella.com\\\/prodotti\\\/affilella\\\/\"]}]},{\"@type\":\"ImageObject\",\"inLanguage\":\"de\",\"@id\":\"https:\\\/\\\/www.affilella.com\\\/prodotti\\\/affilella\\\/#primaryimage\",\"url\":\"https:\\\/\\\/www.affilella.com\\\/wp-content\\\/uploads\\\/2021\\\/06\\\/Affilella-5.jpg\",\"contentUrl\":\"https:\\\/\\\/www.affilella.com\\\/wp-content\\\/uploads\\\/2021\\\/06\\\/Affilella-5.jpg\",\"width\":1000,\"height\":1000,\"caption\":\"Affilacoltelli professionale per coltelli da cucina e forbici\"},{\"@type\":\"BreadcrumbList\",\"@id\":\"https:\\\/\\\/www.affilella.com\\\/prodotti\\\/affilella\\\/#breadcrumb\",\"itemListElement\":[{\"@type\":\"ListItem\",\"position\":1,\"name\":\"Home\",\"item\":\"https:\\\/\\\/www.affilella.com\\\/de\\\/\"},{\"@type\":\"ListItem\",\"position\":2,\"name\":\"Shop\",\"item\":\"https:\\\/\\\/www.affilella.com\\\/negozio\\\/\"},{\"@type\":\"ListItem\",\"position\":3,\"name\":\"Senza-Kategorie\",\"item\":\"https:\\\/\\\/www.affilella.com\\\/de\\\/categoria-prodotto\\\/senza-kategorie\\\/\"},{\"@type\":\"ListItem\",\"position\":4,\"name\":\"Affilella\"}]},{\"@type\":\"WebSite\",\"@id\":\"https:\\\/\\\/www.affilella.com\\\/#website\",\"url\":\"https:\\\/\\\/www.affilella.com\\\/\",\"name\":\"Affilella\",\"description\":\"Afiladora Professional\",\"potentialAction\":[{\"@type\":\"SearchAction\",\"target\":{\"@type\":\"EntryPoint\",\"urlTemplate\":\"https:\\\/\\\/www.affilella.com\\\/?s={search_term_string}\"},\"query-input\":{\"@type\":\"PropertyValueSpecification\",\"valueRequired\":true,\"valueName\":\"search_term_string\"}}],\"inLanguage\":\"de\"}]}<\/script>\n<!-- \/ Yoast SEO Premium plugin. -->","yoast_head_json":{"title":"Affilella - Affilella","description":"Der Affilella Profi-Sch\u00e4rfer ist das richtige Instrument, um den Faden von K\u00fcchenmessern und -scheren perfekt zu restaurieren. Beh\u00e4lt Effizienz und Geschwindigkeit auch bei mehrfachem und h\u00e4ufigem Sch\u00e4rfen bei.","robots":{"index":"index","follow":"follow","max-snippet":"max-snippet:-1","max-image-preview":"max-image-preview:large","max-video-preview":"max-video-preview:-1"},"canonical":"https:\/\/www.affilella.com\/prodotti\/affilella\/","og_locale":"de_DE","og_type":"article","og_title":"Affilella","og_description":"Der Affilella Profi-Sch\u00e4rfer ist das richtige Instrument, um den Faden von K\u00fcchenmessern und -scheren perfekt zu restaurieren. Beh\u00e4lt Effizienz und Geschwindigkeit auch bei mehrfachem und h\u00e4ufigem Sch\u00e4rfen bei.","og_url":"https:\/\/www.affilella.com\/prodotti\/affilella\/","og_site_name":"Affilella","article_publisher":"https:\/\/www.facebook.com\/affilella","article_modified_time":"2025-07-07T08:31:46+00:00","og_image":[{"width":1000,"height":1000,"url":"https:\/\/www.affilella.com\/wp-content\/uploads\/2021\/06\/Affilella-5.jpg","type":"image\/jpeg"}],"twitter_card":"summary_large_image","twitter_misc":{"Gesch\u00e4tzte Lesezeit":"3\u00a0Minuten"},"schema":{"@context":"https:\/\/schema.org","@graph":[{"@type":"WebPage","@id":"https:\/\/www.affilella.com\/prodotti\/affilella\/","url":"https:\/\/www.affilella.com\/prodotti\/affilella\/","name":"Affilella - Affilella","isPartOf":{"@id":"https:\/\/www.affilella.com\/#website"},"primaryImageOfPage":{"@id":"https:\/\/www.affilella.com\/prodotti\/affilella\/#primaryimage"},"image":{"@id":"https:\/\/www.affilella.com\/prodotti\/affilella\/#primaryimage"},"thumbnailUrl":"https:\/\/www.affilella.com\/wp-content\/uploads\/2021\/06\/Affilella-5.jpg","datePublished":"2021-06-18T11:39:56+00:00","dateModified":"2025-07-07T08:31:46+00:00","description":"Der Affilella Profi-Sch\u00e4rfer ist das richtige Instrument, um den Faden von K\u00fcchenmessern und -scheren perfekt zu restaurieren. Beh\u00e4lt Effizienz und Geschwindigkeit auch bei mehrfachem und h\u00e4ufigem Sch\u00e4rfen bei.","breadcrumb":{"@id":"https:\/\/www.affilella.com\/prodotti\/affilella\/#breadcrumb"},"inLanguage":"de","potentialAction":[{"@type":"ReadAction","target":["https:\/\/www.affilella.com\/prodotti\/affilella\/"]}]},{"@type":"ImageObject","inLanguage":"de","@id":"https:\/\/www.affilella.com\/prodotti\/affilella\/#primaryimage","url":"https:\/\/www.affilella.com\/wp-content\/uploads\/2021\/06\/Affilella-5.jpg","contentUrl":"https:\/\/www.affilella.com\/wp-content\/uploads\/2021\/06\/Affilella-5.jpg","width":1000,"height":1000,"caption":"Affilacoltelli professionale per coltelli da cucina e forbici"},{"@type":"BreadcrumbList","@id":"https:\/\/www.affilella.com\/prodotti\/affilella\/#breadcrumb","itemListElement":[{"@type":"ListItem","position":1,"name":"Home","item":"https:\/\/www.affilella.com\/de\/"},{"@type":"ListItem","position":2,"name":"Shop","item":"https:\/\/www.affilella.com\/negozio\/"},{"@type":"ListItem","position":3,"name":"Senza-Kategorie","item":"https:\/\/www.affilella.com\/de\/categoria-prodotto\/senza-kategorie\/"},{"@type":"ListItem","position":4,"name":"Affilella"}]},{"@type":"WebSite","@id":"https:\/\/www.affilella.com\/#website","url":"https:\/\/www.affilella.com\/","name":"Affilella","description":"Afiladora Professional","potentialAction":[{"@type":"SearchAction","target":{"@type":"EntryPoint","urlTemplate":"https:\/\/www.affilella.com\/?s={search_term_string}"},"query-input":{"@type":"PropertyValueSpecification","valueRequired":true,"valueName":"search_term_string"}}],"inLanguage":"de"}]}},"_links":{"self":[{"href":"https:\/\/www.affilella.com\/de\/wp-json\/wp\/v2\/product\/239675","targetHints":{"allow":["GET"]}}],"collection":[{"href":"https:\/\/www.affilella.com\/de\/wp-json\/wp\/v2\/product"}],"about":[{"href":"https:\/\/www.affilella.com\/de\/wp-json\/wp\/v2\/types\/product"}],"replies":[{"embeddable":true,"href":"https:\/\/www.affilella.com\/de\/wp-json\/wp\/v2\/comments?post=239675"}],"wp:featuredmedia":[{"embeddable":true,"href":"https:\/\/www.affilella.com\/de\/wp-json\/wp\/v2\/media\/239632"}],"wp:attachment":[{"href":"https:\/\/www.affilella.com\/de\/wp-json\/wp\/v2\/media?parent=239675"}],"wp:term":[{"taxonomy":"product_brand","embeddable":true,"href":"https:\/\/www.affilella.com\/de\/wp-json\/wp\/v2\/product_brand?post=239675"},{"taxonomy":"product_cat","embeddable":true,"href":"https:\/\/www.affilella.com\/de\/wp-json\/wp\/v2\/product_cat?post=239675"},{"taxonomy":"product_tag","embeddable":true,"href":"https:\/\/www.affilella.com\/de\/wp-json\/wp\/v2\/product_tag?post=239675"}],"curies":[{"name":"wp","href":"https:\/\/api.w.org\/{rel}","templated":true}]}}