{"id":244645,"date":"2022-06-09T16:52:58","date_gmt":"2022-06-09T14:52:58","guid":{"rendered":"https:\/\/affilella.es\/brico-vorschlag\/"},"modified":"2025-06-30T15:49:17","modified_gmt":"2025-06-30T13:49:17","slug":"brico-vorschlag","status":"publish","type":"page","link":"https:\/\/www.affilella.com\/de\/brico-vorschlag\/","title":{"rendered":"Brico-Vorschlag"},"content":{"rendered":"<p>[et_pb_section fb_built=&#8220;1&#8243; admin_label=&#8220;Section&#8220; _builder_version=&#8220;4.16&#8243; _module_preset=&#8220;default&#8220; background_color=&#8220;#18BC9C&#8220; background_color_gradient_direction=&#8220;118deg&#8220; custom_padding=&#8220;32px||0px|||&#8220; global_colors_info=&#8220;{}&#8220;][et_pb_row column_structure=&#8220;1_2,1_2&#8243; _builder_version=&#8220;4.16&#8243; _module_preset=&#8220;default&#8220; max_width=&#8220;1182px&#8220; custom_margin=&#8220;21px|auto||auto||&#8220; custom_padding=&#8220;||59px|||&#8220; global_colors_info=&#8220;{}&#8220;][et_pb_column type=&#8220;1_2&#8243; _builder_version=&#8220;4.16&#8243; _module_preset=&#8220;default&#8220; global_colors_info=&#8220;{}&#8220;][et_pb_image src=&#8220;https:\/\/affilella.es\/wp-content\/uploads\/2021\/11\/brico.jpg&#8220; alt=&#8220;angebot_brico_baumarkt_sch\u00e4rfservice&#8220; title_text=&#8220;angebot_brico_baumarkt_sch\u00e4rfservice&#8220; _builder_version=&#8220;4.16&#8243; _module_preset=&#8220;default&#8220; global_colors_info=&#8220;{}&#8220;][\/et_pb_image][\/et_pb_column][et_pb_column type=&#8220;1_2&#8243; _builder_version=&#8220;4.16&#8243; _module_preset=&#8220;default&#8220; global_colors_info=&#8220;{}&#8220;][et_pb_text _builder_version=&#8220;4.16&#8243; _module_preset=&#8220;default&#8220; header_line_height=&#8220;1.1em&#8220; custom_margin=&#8220;44px|-1px|5px|||&#8220; custom_padding=&#8220;|0px||||&#8220; global_colors_info=&#8220;{}&#8220;]<\/p>\n<h1 style=\"color: white; font-size: 45px;\"><fontsninja-text id=\"fontsninja-text-26\" class=\"fontsninja-family-rule_montserrat_700_normal\">GESCH\u00c4FTSVORSCHLAG GROSSFL\u00c4CHIGER VERTRIEB BRICO<\/fontsninja-text><\/h1>\n<p>[\/et_pb_text][et_pb_text _builder_version=&#8220;4.27.4&#8243; _module_preset=&#8220;default&#8220; text_font_size=&#8220;16px&#8220; custom_margin=&#8220;42px|-1px|27px|||&#8220; custom_padding=&#8220;|0px||||&#8220; hover_enabled=&#8220;0&#8243; global_colors_info=&#8220;{}&#8220; sticky_enabled=&#8220;0&#8243;]<\/p>\n<h2 style=\"color: white; font-size: 25px; line-height: 38px;\"><fontsninja-text id=\"fontsninja-text-28\" class=\"fontsninja-family-rule_montserrat_400_normal\">Ein einzigartiger und innovativer <b>Gesch\u00e4ftsvorschlag<\/b>, der es Ihrem Unternehmen erm\u00f6glicht, <b>als erstes<\/b> eine n\u00fctzliche Dienstleistung <b>f\u00fcr das Nachschleifen von Scheren und Messern f\u00fcr Dritte anzubieten<\/b> (z.B. als Erg\u00e4nzung zum Schl\u00fcsselkopierdienst, den Sie zweifelsohne bereits anbieten), und der sofort eine unbestreitbare <b>Umsatzsteigerung<\/b> garantiert.<br \/><\/fontsninja-text><\/h2>\n<p>[\/et_pb_text][et_pb_button button_url=&#8220;#compila&#8220; url_new_window=&#8220;on&#8220; button_text=&#8220;Brosch\u00fcre herunterladen&#8220; button_alignment=&#8220;center&#8220; button_alignment_tablet=&#8220;&#8220; button_alignment_phone=&#8220;&#8220; button_alignment_last_edited=&#8220;on|tablet&#8220; _builder_version=&#8220;4.16&#8243; custom_button=&#8220;on&#8220; button_text_size=&#8220;14px&#8220; button_text_color=&#8220;#ffffff&#8220; button_bg_color=&#8220;#115A22&#8243; button_border_width=&#8220;1px&#8220; button_border_color=&#8220;#ffffff&#8220; button_border_radius=&#8220;6px&#8220; button_letter_spacing=&#8220;3px&#8220; button_font=&#8220;|600||on|||||&#8220; button_use_icon=&#8220;off&#8220; custom_margin=&#8220;0px||0px||true|false&#8220; custom_padding=&#8220;16px|30px|16px|30px|true|true&#8220; box_shadow_style=&#8220;preset1&#8243; saved_tabs=&#8220;all&#8220; global_colors_info=&#8220;{}&#8220;][\/et_pb_button][\/et_pb_column][\/et_pb_row][\/et_pb_section][et_pb_section fb_built=&#8220;1&#8243; admin_label=&#8220;Section&#8220; _builder_version=&#8220;4.16&#8243; _module_preset=&#8220;default&#8220; custom_padding=&#8220;66px||66px||true|&#8220; box_shadow_style=&#8220;preset7&#8243; box_shadow_blur=&#8220;12px&#8220; global_colors_info=&#8220;{}&#8220;][et_pb_row _builder_version=&#8220;4.16&#8243; _module_preset=&#8220;default&#8220; global_colors_info=&#8220;{}&#8220;][et_pb_column type=&#8220;4_4&#8243; _builder_version=&#8220;4.16&#8243; _module_preset=&#8220;default&#8220; global_colors_info=&#8220;{}&#8220;][et_pb_text _builder_version=&#8220;4.16&#8243; _module_preset=&#8220;default&#8220; text_font_size=&#8220;22px&#8220; global_colors_info=&#8220;{}&#8220;]<\/p>\n<h2 style=\"text-align: center; font-size: 55px;\">ENTDECKEN SIE DIE KOMMERZIELLEN VORSCHLAG F\u00dcR IHRE AKTIVIT\u00c4<span>T<\/span><\/h2>\n<p>[\/et_pb_text][\/et_pb_column][\/et_pb_row][\/et_pb_section][et_pb_section fb_built=&#8220;1&#8243; prev_background_color=&#8220;#ffffff&#8220; admin_label=&#8220;Section&#8220; _builder_version=&#8220;4.16&#8243; _module_preset=&#8220;default&#8220; background_color=&#8220;#18BC9C&#8220; top_divider_style=&#8220;arrow3&#8243; top_divider_height=&#8220;27px&#8220; top_divider_repeat=&#8220;0x&#8220; top_divider_flip=&#8220;vertical&#8220; global_colors_info=&#8220;{}&#8220;][et_pb_row _builder_version=&#8220;4.16&#8243; _module_preset=&#8220;default&#8220; global_colors_info=&#8220;{}&#8220;][et_pb_column type=&#8220;4_4&#8243; _builder_version=&#8220;4.16&#8243; _module_preset=&#8220;default&#8220; global_colors_info=&#8220;{}&#8220;][et_pb_text module_id=&#8220;compila&#8220; _builder_version=&#8220;4.16&#8243; _module_preset=&#8220;default&#8220; text_text_color=&#8220;#0d0d0d&#8220; text_font_size=&#8220;31px&#8220; text_orientation=&#8220;center&#8220; custom_margin=&#8220;||7px|||&#8220; custom_padding=&#8220;||1px|||&#8220; global_colors_info=&#8220;{}&#8220;]<\/p>\n<h2 class=\"text-center\" style=\"font-size: 49px;\"><span style=\"color: #ffffff;\">AUSF\u00dcLLEN UND BROSCH\u00dcRE HERUNTERLADEN<\/span><\/h2>\n<p>[\/et_pb_text][et_pb_text _builder_version=&#8220;4.16&#8243; _module_preset=&#8220;default&#8220; global_colors_info=&#8220;{}&#8220;]<\/p>\n<p style=\"text-align: center;\"><span style=\"color: #ffffff;\">F\u00fcllen Sie das Formular vollst\u00e4ndig aus, um das richtige Angebot f\u00fcr Sie zu erhalten<\/span><\/p>\n<p>[\/et_pb_text][\/et_pb_column][\/et_pb_row][et_pb_row _builder_version=&#8220;4.16&#8243; _module_preset=&#8220;default&#8220; global_colors_info=&#8220;{}&#8220;][et_pb_column type=&#8220;4_4&#8243; _builder_version=&#8220;4.16&#8243; _module_preset=&#8220;default&#8220; global_colors_info=&#8220;{}&#8220;][dsm_contact_form_7 cf7_library=&#8220;244628&#8243; module_class=&#8220;form_brico&#8220; _builder_version=&#8220;4.16&#8243; _module_preset=&#8220;default&#8220; labels_text_color=&#8220;#ffffff&#8220; input_textarea_select_font=&#8220;|600|||||||&#8220; input_textarea_select_text_color=&#8220;#0d0d0d&#8220; placeholder_font=&#8220;|600|||||||&#8220; placeholder_text_color=&#8220;#0d0d0d&#8220; radio_checkbox_text_color=&#8220;#ffffff&#8220; custom_button_one=&#8220;on&#8220; button_one_text_size=&#8220;17px&#8220; button_one_text_color=&#8220;#ffffff&#8220; button_one_border_width=&#8220;3px&#8220; button_one_icon=&#8220;%%34%%&#8220; button_one_text_color_tablet=&#8220;&#8220; button_one_text_color_phone=&#8220;&#8220; button_one_text_color_last_edited=&#8220;on|desktop&#8220; custom_css_main_element=&#8220;||&#8220; global_colors_info=&#8220;{}&#8220; button_one_text_color__hover_enabled=&#8220;on|hover&#8220; button_one_text_color__hover=&#8220;#ffffff&#8220; button_one_bg_color__hover_enabled=&#8220;off|hover&#8220; button_one_border_width__hover_enabled=&#8220;on|desktop&#8220; button_one_border_width__hover=&#8220;3px&#8220; button_one_text_size__hover_enabled=&#8220;on|desktop&#8220; button_one_text_size__hover=&#8220;17px&#8220;][\/dsm_contact_form_7][\/et_pb_column][\/et_pb_row][\/et_pb_section][et_pb_section fb_built=&#8220;1&#8243; admin_label=&#8220;Section&#8220; _builder_version=&#8220;4.16&#8243; _module_preset=&#8220;default&#8220; custom_padding=&#8220;66px||66px||true|&#8220; box_shadow_style=&#8220;preset7&#8243; box_shadow_blur=&#8220;12px&#8220; global_colors_info=&#8220;{}&#8220;][et_pb_row column_structure=&#8220;3_5,2_5&#8243; make_equal=&#8220;on&#8220; custom_padding_last_edited=&#8220;on|phone&#8220; disabled_on=&#8220;off|off|off&#8220; _builder_version=&#8220;4.16&#8243; _module_preset=&#8220;default&#8220; background_color=&#8220;rgba(0,0,0,0.4)&#8220; background_image=&#8220;https:\/\/affilella.es\/wp-content\/uploads\/2021\/09\/Canva-Newsletter.jpg&#8220; background_blend=&#8220;overlay&#8220; custom_margin=&#8220;0px|auto|30px|auto|false|false&#8220; custom_padding=&#8220;30px||30px|0px|true|false&#8220; custom_padding_tablet=&#8220;&#8220; custom_padding_phone=&#8220;|||0px|true|false&#8220; background_last_edited=&#8220;on|desktop&#8220; box_shadow_style=&#8220;preset4&#8243; box_shadow_horizontal=&#8220;4px&#8220; box_shadow_vertical=&#8220;4px&#8220; box_shadow_color=&#8220;#ffffff&#8220; global_colors_info=&#8220;{}&#8220; background__hover_enabled=&#8220;off|desktop&#8220;][et_pb_column type=&#8220;3_5&#8243; _builder_version=&#8220;4.16&#8243; _module_preset=&#8220;default&#8220; global_colors_info=&#8220;{}&#8220;][et_pb_text disabled_on=&#8220;on|on|off&#8220; _builder_version=&#8220;4.16&#8243; _module_preset=&#8220;default&#8220; text_font_size=&#8220;31px&#8220; text_letter_spacing=&#8220;1px&#8220; text_line_height=&#8220;1.3em&#8220; header_text_align=&#8220;center&#8220; header_font_size=&#8220;38px&#8220; header_line_height=&#8220;1.2em&#8220; background_enable_color=&#8220;off&#8220; custom_margin=&#8220;10px||10px|0px|false|false&#8220; custom_padding=&#8220;10px|10px|10px|10px|false|false&#8220; background_last_edited=&#8220;on|desktop&#8220; overflow-x_tablet=&#8220;&#8220; overflow-x_phone=&#8220;&#8220; overflow-x_last_edited=&#8220;on|phone&#8220; box_shadow_style=&#8220;preset2&#8243; box_shadow_color=&#8220;rgba(0,0,0,0)&#8220; global_colors_info=&#8220;{}&#8220;]<\/p>\n<p style=\"text-align: center;\"><span style=\"color: #ffffff;\"><strong>ANMELDEN UND IMMER<br \/> AKTUALISIERT BLEIBEN!<\/strong><\/span><\/p>\n<p>[\/et_pb_text][et_pb_text disabled_on=&#8220;off|off|on&#8220; _builder_version=&#8220;4.16&#8243; _module_preset=&#8220;default&#8220; text_font_size=&#8220;31px&#8220; text_letter_spacing=&#8220;1px&#8220; text_line_height=&#8220;1.3em&#8220; header_text_align=&#8220;center&#8220; header_font_size=&#8220;38px&#8220; header_line_height=&#8220;1.2em&#8220; background_color=&#8220;rgba(0,0,0,0.2)&#8220; custom_margin=&#8220;10px||10px|0px|false|false&#8220; custom_padding=&#8220;10px|10px|10px|10px|false|false&#8220; background_last_edited=&#8220;on|desktop&#8220; overflow-x_tablet=&#8220;&#8220; overflow-x_phone=&#8220;&#8220; overflow-x_last_edited=&#8220;on|phone&#8220; box_shadow_style=&#8220;preset2&#8243; box_shadow_color=&#8220;rgba(0,0,0,0)&#8220; global_colors_info=&#8220;{}&#8220;]<\/p>\n<p style=\"text-align: center;\"><span style=\"color: #ffffff;\"><strong>ANMELDEN UND IMMER<br \/> AKTUALISIERT BLEIBEN!<\/strong><\/span><\/p>\n<p>[\/et_pb_text][\/et_pb_column][et_pb_column type=&#8220;2_5&#8243; _builder_version=&#8220;4.16&#8243; _module_preset=&#8220;default&#8220; global_colors_info=&#8220;{}&#8220;][et_pb_button button_url=&#8220;http:\/\/f3d0a.emailsp.com\/frontend\/forms\/Subscription.aspx?idList=19&#038;idForm=256&#038;guid=A2DE9412-5F7A-4FFD-BD1B-4935F289959B&#8220; url_new_window=&#8220;on&#8220; button_text=&#8220;abonnieren&#8220; button_alignment=&#8220;center&#8220; button_alignment_tablet=&#8220;center&#8220; button_alignment_phone=&#8220;&#8220; button_alignment_last_edited=&#8220;on|tablet&#8220; _builder_version=&#8220;4.16&#8243; custom_button=&#8220;on&#8220; button_text_size=&#8220;14px&#8220; button_text_color=&#8220;#ffffff&#8220; button_bg_color=&#8220;#115A22&#8243; button_border_width=&#8220;1px&#8220; button_border_color=&#8220;#ffffff&#8220; button_border_radius=&#8220;6px&#8220; button_letter_spacing=&#8220;3px&#8220; button_font=&#8220;|600||on|||||&#8220; button_icon=&#8220;&#xe010;||divi||400&#8243; custom_margin=&#8220;29px||29px||true|false&#8220; custom_padding=&#8220;16px|30px|16px|30px|true|true&#8220; box_shadow_style=&#8220;preset1&#8243; saved_tabs=&#8220;all&#8220; global_colors_info=&#8220;{}&#8220;][\/et_pb_button][\/et_pb_column][\/et_pb_row][\/et_pb_section]<\/p>\n","protected":false},"excerpt":{"rendered":"<p>GESCH\u00c4FTSVORSCHLAG GROSSFL\u00c4CHIGER VERTRIEB BRICOEin einzigartiger und innovativer Gesch\u00e4ftsvorschlag, der es Ihrem Unternehmen erm\u00f6glicht, als erstes eine n\u00fctzliche Dienstleistung f\u00fcr das Nachschleifen von Scheren und Messern f\u00fcr Dritte anzubieten (z.B. als Erg\u00e4nzung zum Schl\u00fcsselkopierdienst, den Sie zweifelsohne bereits anbieten), und der sofort eine unbestreitbare Umsatzsteigerung garantiert.ENTDECKEN SIE DIE KOMMERZIELLEN VORSCHLAG F\u00dcR IHRE AKTIVIT\u00c4TAUSF\u00dcLLEN UND BROSCH\u00dcRE HERUNTERLADENF\u00fcllen Sie das Formular vollst\u00e4ndig aus, um das richtige Angebot f\u00fcr Sie zu erhalten<div class=\"et_pb_module dsm_contact_form_7 dsm_contact_form_7_0 form_brico\">\n\t\t\t\t\n\t\t\t\t\n\t\t\t\t\n\t\t\t\t\n\t\t\t\t\n\t\t\t\t\n\t\t\t\t<div class=\"et_pb_module_inner\">\n\t\t\t\t\t<div class=\"dsm_contact_form_7_btn_icon\" data-dsm-btn-icon=\"&#x43;\">\n\t\t\t\t\n<div class=\"wpcf7 no-js\" id=\"wpcf7-f244628-o1\" lang=\"de-DE\" dir=\"ltr\" data-wpcf7-id=\"244628\">\n<div class=\"screen-reader-response\"><p role=\"status\" aria-live=\"polite\" aria-atomic=\"true\"><\/p> <ul><\/ul><\/div>\n<form action=\"\/de\/wp-json\/wp\/v2\/pages\/244645#wpcf7-f244628-o1\" method=\"post\" class=\"wpcf7-form init\" aria-label=\"Kontaktformular\" novalidate=\"novalidate\" data-status=\"init\">\n<fieldset class=\"hidden-fields-container\"><input type=\"hidden\" name=\"_wpcf7\" value=\"244628\" \/><input type=\"hidden\" name=\"_wpcf7_version\" value=\"6.1.5\" \/><input type=\"hidden\" name=\"_wpcf7_locale\" value=\"de_DE\" \/><input type=\"hidden\" name=\"_wpcf7_unit_tag\" value=\"wpcf7-f244628-o1\" \/><input type=\"hidden\" name=\"_wpcf7_container_post\" value=\"0\" \/><input type=\"hidden\" name=\"_wpcf7_posted_data_hash\" value=\"\" \/><input type=\"hidden\" name=\"_wpcf7_recaptcha_response\" value=\"\" \/>\n<\/fieldset>\n<div>\n\t<div class=\"et_pb_column et_pb_column_1_2 et_pb_column_50  et_pb_css_mix_blend_mode_passthrough\" style=\"margin-bottom: 0px;\">\n\t\t<div class=\"cf-etichetta\">\n\t\t\t<p><label>Name *<\/label><br \/>\n<span class=\"wpcf7-form-control-wrap\" data-name=\"nome\"><input size=\"40\" maxlength=\"400\" class=\"wpcf7-form-control wpcf7-text wpcf7-validates-as-required\" aria-required=\"true\" aria-invalid=\"false\" value=\"\" type=\"text\" name=\"nome\" \/><\/span>\n\t\t\t<\/p>\n\t\t<\/div>\n\t<\/div>\n\t<div class=\"et_pb_column et_pb_column_1_2 et_pb_column_51  et_pb_css_mix_blend_mode_passthrough et-last-child\">\n\t\t<div class=\"cf-etichetta\">\n\t\t\t<p><label>Nachnamen *<\/label><br \/>\n<span class=\"wpcf7-form-control-wrap\" data-name=\"cognome\"><input size=\"40\" maxlength=\"400\" class=\"wpcf7-form-control wpcf7-text wpcf7-validates-as-required\" aria-required=\"true\" aria-invalid=\"false\" value=\"\" type=\"text\" name=\"cognome\" \/><\/span>\n\t\t\t<\/p>\n\t\t<\/div>\n\t<\/div>\n<\/div>\n<div>\n\t<div class=\"et_pb_column et_pb_column_1_2 et_pb_column_50  et_pb_css_mix_blend_mode_passthrough\" style=\"margin-bottom: 0px;\">\n\t\t<div class=\"cf-etichetta\">\n\t\t\t<p><label>Name der Firma *<\/label><br \/>\n<span class=\"wpcf7-form-control-wrap\" data-name=\"azienda\"><input size=\"40\" maxlength=\"400\" class=\"wpcf7-form-control wpcf7-text wpcf7-validates-as-required\" aria-required=\"true\" aria-invalid=\"false\" value=\"\" type=\"text\" name=\"azienda\" \/><\/span>\n\t\t\t<\/p>\n\t\t<\/div>\n\t<\/div>\n\t<div class=\"et_pb_column et_pb_column_1_2 et_pb_column_50  et_pb_css_mix_blend_mode_passthrough\" style=\"margin-bottom: 0px;\">\n\t\t<div class=\"cf-etichetta\">\n\t\t\t<p><label>Email *<\/label><br \/>\n<span class=\"wpcf7-form-control-wrap\" data-name=\"da-email\"><input size=\"40\" maxlength=\"400\" class=\"wpcf7-form-control wpcf7-email wpcf7-validates-as-required wpcf7-text wpcf7-validates-as-email\" aria-required=\"true\" aria-invalid=\"false\" value=\"\" type=\"email\" name=\"da-email\" \/><\/span>\n\t\t\t<\/p>\n\t\t<\/div>\n\t<\/div>\n<\/div>\n<div>\n\t<div class=\"et_pb_column et_pb_column_1_2 et_pb_column_50  et_pb_css_mix_blend_mode_passthrough\" style=\"margin-bottom: 0px;\">\n\t\t<div class=\"cf-etichetta\">\n\t\t\t<p><label>Telefon *<\/label><br \/>\n<span class=\"wpcf7-form-control-wrap\" data-name=\"tel-cell\"><input size=\"40\" maxlength=\"400\" class=\"wpcf7-form-control wpcf7-tel wpcf7-text wpcf7-validates-as-tel\" aria-invalid=\"false\" value=\"\" type=\"tel\" name=\"tel-cell\" \/><\/span>\n\t\t\t<\/p>\n\t\t<\/div>\n\t<\/div>\n\t<div class=\"et_pb_column et_pb_column_1_2 et_pb_column_50  et_pb_css_mix_blend_mode_passthrough\" style=\"margin-bottom: 0px;\">\n\t\t<div class=\"cf-etichetta\">\n\t\t\t<p><label>Land *<\/label><br \/>\n<span class=\"wpcf7-form-control-wrap\" data-name=\"nazione\"><input size=\"40\" maxlength=\"400\" class=\"wpcf7-form-control wpcf7-text wpcf7-validates-as-required\" aria-required=\"true\" aria-invalid=\"false\" value=\"\" type=\"text\" name=\"nazione\" \/><\/span>\n\t\t\t<\/p>\n\t\t<\/div>\n\t<\/div>\n<\/div>\n<div class=\"et_pb_css_mix_blend_mode_passthrough\" style=\"margin-bottom: 0px;\">\n\t<div class=\"cf-etichetta\">\n\t\t<p><label>Notiz<\/label><br \/>\n<span class=\"wpcf7-form-control-wrap\" data-name=\"note\"><textarea cols=\"40\" rows=\"10\" maxlength=\"2000\" class=\"wpcf7-form-control wpcf7-textarea note\" id=\"note\" aria-invalid=\"false\" placeholder=\"Geben Sie eine Notiz ein\" name=\"note\"><\/textarea><\/span>\n\t\t<\/p>\n\t<\/div>\n<\/div>\n<div class=\"cf-privacy cf-etichetta\">\n\t<p><span>Genehmigung der Verarbeitung personenbezogener Daten data *<\/span><br \/>\n<span class=\"wpcf7-form-control-wrap\" data-name=\"trattamento-dati-1\"><span class=\"wpcf7-form-control wpcf7-checkbox wpcf7-validates-as-required wpcf7-exclusive-checkbox\"><span class=\"wpcf7-list-item first last\"><input type=\"checkbox\" name=\"trattamento-dati-1\" value=\"Ich stimme der Verarbeitung meiner Daten zu, um Updates zu neuen Produkten Ihres Unternehmens zu erhalten.\" \/><span class=\"wpcf7-list-item-label\">Ich stimme der Verarbeitung meiner Daten zu, um Updates zu neuen Produkten Ihres Unternehmens zu erhalten.<\/span><\/span><\/span><\/span>\n\t<\/p>\n<\/div>\n<div class=\"cf-privacy cf-etichetta\">\n\t<p><span>Privatsph\u00e4re *<\/span><br \/>\n<span class=\"wpcf7-form-control-wrap\" data-name=\"trattamento-dati-2\"><span class=\"wpcf7-form-control wpcf7-checkbox wpcf7-validates-as-required wpcf7-exclusive-checkbox\"><span class=\"wpcf7-list-item first last\"><input type=\"checkbox\" name=\"trattamento-dati-2\" value=\"Mit dem Absenden des Formulars erkl\u00e4re ich, dass ich die Datenschutzerkl\u00e4rung beim Absenden meiner Daten gelesen habe und die Bedingungen akzeptiere.\" \/><span class=\"wpcf7-list-item-label\">Mit dem Absenden des Formulars erkl\u00e4re ich, dass ich die Datenschutzerkl\u00e4rung beim Absenden meiner Daten gelesen habe und die Bedingungen akzeptiere.<\/span><\/span><\/span><\/span>\n\t<\/p>\n<\/div>\n<p><span style=\"color:#2A558C;\"><strong>VERSAND IN DIE GANZE WELT<\/strong><\/span>\n<\/p>\n<div class=\"bnt-div-invia\">\n\t<p><button class=\"wpcf7-form-control wpcf7-submit has-spinner et_pb_button et_pb_bg_layout_light btn-invia\" type=\"submit\" value=\"Brosch\u00fcre herunterladen\">Brosch\u00fcre herunterladen<\/button>\n\t<\/p>\n<\/div><div class=\"wpcf7-response-output\" aria-hidden=\"true\"><\/div>\n<\/form>\n<\/div>\n\n\t\t\t<\/div>\n\t\t\t\t<\/div>\n\t\t\t<\/div>ANMELDEN UND IMMER AKTUALISIERT BLEIBEN!ANMELDEN UND IMMER AKTUALISIERT BLEIBEN!<\/p>\n","protected":false},"author":5,"featured_media":0,"parent":0,"menu_order":0,"comment_status":"closed","ping_status":"closed","template":"","meta":{"_et_pb_use_builder":"on","_et_pb_old_content":"","_et_gb_content_width":"","footnotes":""},"class_list":["post-244645","page","type-page","status-publish","hentry"],"yoast_head":"<!-- This site is optimized with the Yoast SEO Premium plugin v26.5 (Yoast SEO v27.6) - https:\/\/yoast.com\/product\/yoast-seo-premium-wordpress\/ -->\n<title>Brico-Vorschlag - Affilella<\/title>\n<meta name=\"description\" content=\"Brico Sch\u00e4rfung Werbeangebot\" \/>\n<meta name=\"robots\" content=\"index, follow, max-snippet:-1, max-image-preview:large, max-video-preview:-1\" \/>\n<link rel=\"canonical\" href=\"https:\/\/www.affilella.com\/de\/brico-vorschlag\/\" \/>\n<meta property=\"og:locale\" content=\"de_DE\" \/>\n<meta property=\"og:type\" content=\"article\" \/>\n<meta property=\"og:title\" content=\"Brico-Vorschlag\" \/>\n<meta property=\"og:description\" content=\"Brico Sch\u00e4rfung Werbeangebot\" \/>\n<meta property=\"og:url\" content=\"https:\/\/www.affilella.com\/de\/brico-vorschlag\/\" \/>\n<meta property=\"og:site_name\" content=\"Affilella\" \/>\n<meta property=\"article:publisher\" content=\"https:\/\/www.facebook.com\/affilella\" \/>\n<meta property=\"article:modified_time\" content=\"2025-06-30T13:49:17+00:00\" \/>\n<meta property=\"og:image\" content=\"https:\/\/www.affilella.com\/wp-content\/uploads\/2021\/07\/affilella_dettaglio_lama.jpg\" \/>\n\t<meta property=\"og:image:width\" content=\"1280\" \/>\n\t<meta property=\"og:image:height\" content=\"853\" \/>\n\t<meta property=\"og:image:type\" content=\"image\/jpeg\" \/>\n<meta name=\"twitter:card\" content=\"summary_large_image\" \/>\n<meta name=\"twitter:label1\" content=\"Gesch\u00e4tzte Lesezeit\" \/>\n\t<meta name=\"twitter:data1\" content=\"6\u00a0Minuten\" \/>\n<script type=\"application\/ld+json\" class=\"yoast-schema-graph\">{\"@context\":\"https:\\\/\\\/schema.org\",\"@graph\":[{\"@type\":\"WebPage\",\"@id\":\"https:\\\/\\\/www.affilella.com\\\/de\\\/brico-vorschlag\\\/\",\"url\":\"https:\\\/\\\/www.affilella.com\\\/de\\\/brico-vorschlag\\\/\",\"name\":\"Brico-Vorschlag - Affilella\",\"isPartOf\":{\"@id\":\"https:\\\/\\\/www.affilella.com\\\/#website\"},\"datePublished\":\"2022-06-09T14:52:58+00:00\",\"dateModified\":\"2025-06-30T13:49:17+00:00\",\"description\":\"Brico Sch\u00e4rfung Werbeangebot\",\"breadcrumb\":{\"@id\":\"https:\\\/\\\/www.affilella.com\\\/de\\\/brico-vorschlag\\\/#breadcrumb\"},\"inLanguage\":\"de\",\"potentialAction\":[{\"@type\":\"ReadAction\",\"target\":[\"https:\\\/\\\/www.affilella.com\\\/de\\\/brico-vorschlag\\\/\"]}]},{\"@type\":\"BreadcrumbList\",\"@id\":\"https:\\\/\\\/www.affilella.com\\\/de\\\/brico-vorschlag\\\/#breadcrumb\",\"itemListElement\":[{\"@type\":\"ListItem\",\"position\":1,\"name\":\"Home\",\"item\":\"https:\\\/\\\/www.affilella.com\\\/de\\\/\"},{\"@type\":\"ListItem\",\"position\":2,\"name\":\"Brico-Vorschlag\"}]},{\"@type\":\"WebSite\",\"@id\":\"https:\\\/\\\/www.affilella.com\\\/#website\",\"url\":\"https:\\\/\\\/www.affilella.com\\\/\",\"name\":\"Affilella\",\"description\":\"Afiladora Professional\",\"potentialAction\":[{\"@type\":\"SearchAction\",\"target\":{\"@type\":\"EntryPoint\",\"urlTemplate\":\"https:\\\/\\\/www.affilella.com\\\/?s={search_term_string}\"},\"query-input\":{\"@type\":\"PropertyValueSpecification\",\"valueRequired\":true,\"valueName\":\"search_term_string\"}}],\"inLanguage\":\"de\"}]}<\/script>\n<!-- \/ Yoast SEO Premium plugin. -->","yoast_head_json":{"title":"Brico-Vorschlag - Affilella","description":"Brico Sch\u00e4rfung Werbeangebot","robots":{"index":"index","follow":"follow","max-snippet":"max-snippet:-1","max-image-preview":"max-image-preview:large","max-video-preview":"max-video-preview:-1"},"canonical":"https:\/\/www.affilella.com\/de\/brico-vorschlag\/","og_locale":"de_DE","og_type":"article","og_title":"Brico-Vorschlag","og_description":"Brico Sch\u00e4rfung Werbeangebot","og_url":"https:\/\/www.affilella.com\/de\/brico-vorschlag\/","og_site_name":"Affilella","article_publisher":"https:\/\/www.facebook.com\/affilella","article_modified_time":"2025-06-30T13:49:17+00:00","og_image":[{"width":1280,"height":853,"url":"https:\/\/www.affilella.com\/wp-content\/uploads\/2021\/07\/affilella_dettaglio_lama.jpg","type":"image\/jpeg"}],"twitter_card":"summary_large_image","twitter_misc":{"Gesch\u00e4tzte Lesezeit":"6\u00a0Minuten"},"schema":{"@context":"https:\/\/schema.org","@graph":[{"@type":"WebPage","@id":"https:\/\/www.affilella.com\/de\/brico-vorschlag\/","url":"https:\/\/www.affilella.com\/de\/brico-vorschlag\/","name":"Brico-Vorschlag - Affilella","isPartOf":{"@id":"https:\/\/www.affilella.com\/#website"},"datePublished":"2022-06-09T14:52:58+00:00","dateModified":"2025-06-30T13:49:17+00:00","description":"Brico Sch\u00e4rfung Werbeangebot","breadcrumb":{"@id":"https:\/\/www.affilella.com\/de\/brico-vorschlag\/#breadcrumb"},"inLanguage":"de","potentialAction":[{"@type":"ReadAction","target":["https:\/\/www.affilella.com\/de\/brico-vorschlag\/"]}]},{"@type":"BreadcrumbList","@id":"https:\/\/www.affilella.com\/de\/brico-vorschlag\/#breadcrumb","itemListElement":[{"@type":"ListItem","position":1,"name":"Home","item":"https:\/\/www.affilella.com\/de\/"},{"@type":"ListItem","position":2,"name":"Brico-Vorschlag"}]},{"@type":"WebSite","@id":"https:\/\/www.affilella.com\/#website","url":"https:\/\/www.affilella.com\/","name":"Affilella","description":"Afiladora Professional","potentialAction":[{"@type":"SearchAction","target":{"@type":"EntryPoint","urlTemplate":"https:\/\/www.affilella.com\/?s={search_term_string}"},"query-input":{"@type":"PropertyValueSpecification","valueRequired":true,"valueName":"search_term_string"}}],"inLanguage":"de"}]}},"_links":{"self":[{"href":"https:\/\/www.affilella.com\/de\/wp-json\/wp\/v2\/pages\/244645","targetHints":{"allow":["GET"]}}],"collection":[{"href":"https:\/\/www.affilella.com\/de\/wp-json\/wp\/v2\/pages"}],"about":[{"href":"https:\/\/www.affilella.com\/de\/wp-json\/wp\/v2\/types\/page"}],"author":[{"embeddable":true,"href":"https:\/\/www.affilella.com\/de\/wp-json\/wp\/v2\/users\/5"}],"replies":[{"embeddable":true,"href":"https:\/\/www.affilella.com\/de\/wp-json\/wp\/v2\/comments?post=244645"}],"version-history":[{"count":6,"href":"https:\/\/www.affilella.com\/de\/wp-json\/wp\/v2\/pages\/244645\/revisions"}],"predecessor-version":[{"id":248659,"href":"https:\/\/www.affilella.com\/de\/wp-json\/wp\/v2\/pages\/244645\/revisions\/248659"}],"wp:attachment":[{"href":"https:\/\/www.affilella.com\/de\/wp-json\/wp\/v2\/media?parent=244645"}],"curies":[{"name":"wp","href":"https:\/\/api.w.org\/{rel}","templated":true}]}}